{"id":1836,"date":"2025-04-27T06:28:57","date_gmt":"2025-04-27T06:28:57","guid":{"rendered":"https:\/\/habibimb.com\/?post_type=product&#038;p=1836"},"modified":"2026-03-26T09:47:48","modified_gmt":"2026-03-26T09:47:48","slug":"set-cadou-bleu-apsolut-apa-de-parfum-100mlgel-dus-100mllotiune-de-corp-100mlriffs","status":"publish","type":"product","link":"https:\/\/habibimb.com\/en\/product\/set-cadou-bleu-apsolut-apa-de-parfum-100mlgel-dus-100mllotiune-de-corp-100mlriffs\/","title":{"rendered":"Set Cadou Bleu Apsolut +Gel Dus +Lotiune de corp ,Riffs"},"content":{"rendered":"<h2>Dezv\u0103luie o esen\u021b\u0103 parfumat\u0103<\/h2>\n<p><strong>Setul Cadou Bleu Apsolut<\/strong> nu este doar un cadou; Este o experien\u021b\u0103 care te \u00eenv\u0103luie \u00eentr-o arom\u0103 atr\u0103g\u0103toare \u0219i \u00ee\u021bi ofer\u0103 momente de lux pur. Acest set rafinat include o ap\u0103 de parfum de 100 ml, un gel de du\u0219 de 100 ml \u0219i o lo\u021biune de corp de 100 ml, toate concepute pentru a oferi un amestec armonios de prospe\u021bime \u0219i c\u0103ldur\u0103. Ideal pentru orice ocazie, acest set cadou este perfect pentru a te r\u0103sf\u0103\u021ba sau pentru a surprinde pe cineva special din via\u021ba ta.<\/p>\n<h2>\u00cembr\u0103\u021bi\u0219a\u021bi \u00eencrederea cu fiecare aplica\u021bie<\/h2>\n<p>Radia\u021bi \u00eencredere \u00een timp ce v\u0103 r\u0103sf\u0103\u021ba\u021bi cu parfumul captivant al <strong>apei de parfum Bleu Apsolut<\/strong>. Cu note de v\u00e2rf care stimuleaz\u0103 sim\u021burile \u0219i o baz\u0103 persistent\u0103 care captiveaz\u0103 inima, acest parfum este o \u00eentruchipare a elegan\u021bei \u0219i rafinamentului. Gelul de du\u0219 care \u00eel \u00eenso\u021be\u0219te cur\u0103\u021b\u0103 \u0219i revigoreaz\u0103, stabilind baza perfect\u0103 pentru parfum. \u00cen cele din urm\u0103, lo\u021biunea bogat\u0103 de corp hidrateaz\u0103 \u0219i hr\u0103ne\u0219te pielea, complet\u00e2nd ritualul de lux \u0219i l\u0103s\u00e2ndu-v\u0103 s\u0103 v\u0103 sim\u021bi\u021bi proasp\u0103t\u0103 \u0219i \u00eentinerit\u0103.<\/p>\n<h2>Un cadou atent pentru fiecare ocazie<\/h2>\n<p>Acest set cadou atent organizat este perfect pentru zile de na\u0219tere, anivers\u0103ri sau pur \u0219i simplu pentru c\u0103. Oferi\u021bi darul luxului \u0219i \u00eengrijirii de sine cu <strong>Setul Cadou Bleu Apsolut<\/strong>. Fiecare produs este conceput pentru a func\u021biona \u00een armonie unul cu cel\u0103lalt, \u00eembun\u0103t\u0103\u021bind experien\u021ba general\u0103 a parfumului. Fie c\u0103 v\u0103 relaxa\u021bi acas\u0103 sau ie\u0219i\u021bi pentru o noapte \u00een ora\u0219, l\u0103sa\u021bi mirosurile Bleu Apsolut s\u0103 v\u0103 \u00eenso\u021beasc\u0103 \u00een fiecare efort, ridic\u00e2ndu-v\u0103 at\u00e2t starea de spirit, c\u00e2t \u0219i stilul. R<\/p>","protected":false},"excerpt":{"rendered":"<p>Inspirat din Sauvage\u00a0Dior<\/p>\n<p>&nbsp;<\/p>\n<ul>\n<li><strong>Note de v\u00e2rf:<\/strong>\u00a0Piper negru, Bergamot\u0103 \u2013 deschiderea intens\u0103, picant\u0103 \u0219i proasp\u0103t\u0103, care atrage instant.<\/li>\n<li><strong>Note de mijloc:<\/strong>\u00a0Geranium, Ghimbir, Lavand\u0103 \u2013 o inim\u0103 floral-condimentat\u0103 cu accente aromatice, perfecte pentru un plus de rafinament.<\/li>\n<li><strong>Note de baz\u0103:<\/strong>\u00a0Vetiver, Ambr\u0103, Lemn de cedru \u2013 un final cald \u0219i elegant, care las\u0103 o impresie de neuitat.<\/li>\n<\/ul>","protected":false},"featured_media":1837,"comment_status":"open","ping_status":"closed","template":"","meta":{"om_disable_all_campaigns":false,"_monsterinsights_skip_tracking":false,"_monsterinsights_sitenote_active":false,"_monsterinsights_sitenote_note":"","_monsterinsights_sitenote_category":0},"product_brand":[73],"product_cat":[82],"product_tag":[],"class_list":{"0":"post-1836","1":"product","2":"type-product","3":"status-publish","4":"has-post-thumbnail","6":"product_brand-riiffs","7":"product_cat-set-cadou","9":"first","10":"instock","11":"sale","12":"shipping-taxable","13":"purchasable","14":"product-type-simple"},"aioseo_notices":[],"ct_brands":[{"id":73,"name":"Riiffs","slug":"riiffs"}],"_links":{"self":[{"href":"https:\/\/habibimb.com\/en\/wp-json\/wp\/v2\/product\/1836","targetHints":{"allow":["GET"]}}],"collection":[{"href":"https:\/\/habibimb.com\/en\/wp-json\/wp\/v2\/product"}],"about":[{"href":"https:\/\/habibimb.com\/en\/wp-json\/wp\/v2\/types\/product"}],"replies":[{"embeddable":true,"href":"https:\/\/habibimb.com\/en\/wp-json\/wp\/v2\/comments?post=1836"}],"wp:featuredmedia":[{"embeddable":true,"href":"https:\/\/habibimb.com\/en\/wp-json\/wp\/v2\/media\/1837"}],"wp:attachment":[{"href":"https:\/\/habibimb.com\/en\/wp-json\/wp\/v2\/media?parent=1836"}],"wp:term":[{"taxonomy":"product_brand","embeddable":true,"href":"https:\/\/habibimb.com\/en\/wp-json\/wp\/v2\/product_brand?post=1836"},{"taxonomy":"product_cat","embeddable":true,"href":"https:\/\/habibimb.com\/en\/wp-json\/wp\/v2\/product_cat?post=1836"},{"taxonomy":"product_tag","embeddable":true,"href":"https:\/\/habibimb.com\/en\/wp-json\/wp\/v2\/product_tag?post=1836"}],"curies":[{"name":"wp","href":"https:\/\/api.w.org\/{rel}","templated":true}]}}