{"id":1834,"date":"2025-04-27T06:25:28","date_gmt":"2025-04-27T06:25:28","guid":{"rendered":"https:\/\/habibimb.com\/?post_type=product&#038;p=1834"},"modified":"2025-11-07T08:19:57","modified_gmt":"2025-11-07T08:19:57","slug":"set-cadou-bella-rouge-apa-de-parfum-100mlgel-dus-100mllotiune-de-corp-100mlriffs","status":"publish","type":"product","link":"https:\/\/habibimb.com\/en\/product\/set-cadou-bella-rouge-apa-de-parfum-100mlgel-dus-100mllotiune-de-corp-100mlriffs\/","title":{"rendered":"Set Cadou Bella Rouge +Gel Dus +Lotiune de corp ,Riffs"},"content":{"rendered":"<h2>Experimenta\u021bi esen\u021ba luxului<\/h2>\n<p>Descoperi\u021bi farmecul \u00eenc\u00e2nt\u0103tor al <strong>Apa de Parfum Sultan Al Quloob<\/strong> de Ard Al Zaafaran. Acest parfum unisex este creat at\u00e2t pentru b\u0103rba\u021bi, c\u00e2t \u0219i pentru femei care caut\u0103 s\u0103-\u0219i exprime personalitatea unic\u0103 printr-un parfum remarcabil. Cu o sticl\u0103 de 50 ml, este perfect pentru purtarea zilnic\u0103 sau pentru ocazii speciale, ceea ce \u00eel face un plus esen\u021bial pentru colec\u021bia ta de parfumuri.<\/p>\n<h2>Un amestec armonios de note<\/h2>\n<p>Sultan Al Quloob captiveaz\u0103 sim\u021burile cu compozi\u021bia sa complicat\u0103. \u00cen partea de sus, ve\u021bi observa o explozie r\u0103coritoare de note de citrice care trezesc spiritul, duc\u00e2nd perfect \u00eentr-o inim\u0103 bogat\u0103 de acorduri florale \u0219i picante. Parfumul este completat cu note de baz\u0103 profunde, lemnoase, l\u0103s\u00e2nd o impresie de durat\u0103 care persist\u0103 pe tot parcursul zilei. Acest echilibru de note asigur\u0103 c\u0103 Sultan Al Quloob prezint\u0103 o arom\u0103 sofisticat\u0103 care se adapteaz\u0103 frumos oric\u0103rui decor.<\/p>\n<h2>Perfect pentru orice ocazie<\/h2>\n<p>Indiferent dac\u0103 participa\u021bi la un eveniment formal sau v\u0103 bucura\u021bi de o zi informal\u0103, <strong>Apa de Parfum Sultan Al Quloob<\/strong> este suficient de versatil\u0103 pentru a se potrivi oric\u0103rei ocazii. Profilul s\u0103u unisex se adreseaz\u0103 unui public larg, f\u0103c\u00e2ndu-l un cadou atent pentru cei dragi sau un r\u0103sf\u0103\u021b pre\u021buit pentru tine. Transform\u0103-\u021bi momentele de zi cu zi \u00een experien\u021be magice cu un parfum care \u00eentruchipeaz\u0103 elegan\u021ba \u0219i farmecul.<\/p>\n<p>\u00cembun\u0103t\u0103\u021bi\u021bi-v\u0103 stilul personal \u0219i face\u021bi o declara\u021bie cu acest parfum rafinat. Sticla frumos proiectat\u0103 nu numai c\u0103 con\u021bine parfumul, dar serve\u0219te \u0219i ca accesoriu elegant pe toalet\u0103. R\u0103sf\u0103\u021ba\u021bi-v\u0103 cu esen\u021ba luxoas\u0103 a Sultan Al Quloob \u0219i ridica\u021bi-v\u0103 jocul de parfumuri ast\u0103zi!<\/p>","protected":false},"excerpt":{"rendered":"<p>Inspirat din Coco Mademoiselle\u00a0Chanel<\/p>\n<p>&nbsp;<\/p>\n<p><strong>Note de v\u00e2rf: Bergamot\u0103, Portocal\u0103;<\/strong><\/p>\n<p><strong>Note de mijloc: Trandafir, Bujor;<\/strong><\/p>\n<p><strong>Note de baz\u0103: Patchouli, Ambr\u0103, Mosc.<\/strong><\/p>\n<p>&nbsp;<\/p>","protected":false},"featured_media":1835,"comment_status":"open","ping_status":"closed","template":"","meta":{"om_disable_all_campaigns":false,"_monsterinsights_skip_tracking":false,"_monsterinsights_sitenote_active":false,"_monsterinsights_sitenote_note":"","_monsterinsights_sitenote_category":0},"product_brand":[73],"product_cat":[82],"product_tag":[],"class_list":{"0":"post-1834","1":"product","2":"type-product","3":"status-publish","4":"has-post-thumbnail","6":"product_brand-riiffs","7":"product_cat-set-cadou","9":"first","10":"instock","11":"sale","12":"shipping-taxable","13":"purchasable","14":"product-type-simple"},"aioseo_notices":[],"ct_brands":[{"id":73,"name":"Riiffs","slug":"riiffs"}],"_links":{"self":[{"href":"https:\/\/habibimb.com\/en\/wp-json\/wp\/v2\/product\/1834","targetHints":{"allow":["GET"]}}],"collection":[{"href":"https:\/\/habibimb.com\/en\/wp-json\/wp\/v2\/product"}],"about":[{"href":"https:\/\/habibimb.com\/en\/wp-json\/wp\/v2\/types\/product"}],"replies":[{"embeddable":true,"href":"https:\/\/habibimb.com\/en\/wp-json\/wp\/v2\/comments?post=1834"}],"wp:featuredmedia":[{"embeddable":true,"href":"https:\/\/habibimb.com\/en\/wp-json\/wp\/v2\/media\/1835"}],"wp:attachment":[{"href":"https:\/\/habibimb.com\/en\/wp-json\/wp\/v2\/media?parent=1834"}],"wp:term":[{"taxonomy":"product_brand","embeddable":true,"href":"https:\/\/habibimb.com\/en\/wp-json\/wp\/v2\/product_brand?post=1834"},{"taxonomy":"product_cat","embeddable":true,"href":"https:\/\/habibimb.com\/en\/wp-json\/wp\/v2\/product_cat?post=1834"},{"taxonomy":"product_tag","embeddable":true,"href":"https:\/\/habibimb.com\/en\/wp-json\/wp\/v2\/product_tag?post=1834"}],"curies":[{"name":"wp","href":"https:\/\/api.w.org\/{rel}","templated":true}]}}