{"id":1821,"date":"2025-04-26T22:23:04","date_gmt":"2025-04-26T22:23:04","guid":{"rendered":"https:\/\/habibimb.com\/?post_type=product&#038;p=1821"},"modified":"2025-10-04T05:42:50","modified_gmt":"2025-10-04T05:42:50","slug":"apa-de-parfum-sultan-al-quloob-ard-al-zaafaran-unisex-50ml","status":"publish","type":"product","link":"https:\/\/habibimb.com\/en\/product\/apa-de-parfum-sultan-al-quloob-ard-al-zaafaran-unisex-50ml\/","title":{"rendered":"Sultan Al Quloob, Ard Al Zaafaran, &#8211;"},"content":{"rendered":"<h2>Descoper\u0103 Sultan Al Quloob<\/h2>\n<p>Sultan Al Quloob este o declara\u021bie olfactiv\u0103 a elegan\u021bei orientale, creat\u0103 pentru cei care apreciaz\u0103 combina\u021bia dintre rafinament \u0219i mister. Unisex \u0219i versatil, acest Eau de Parfum \u00eembin\u0103 acorduri condimentate \u0219i florale cu o profunzime lemnoas\u0103 ce persist\u0103 ore \u00eendelungate pe piele.<\/p>\n<h2>Notele de v\u00e2rf \u2013 Acorduri lemnoase \u0219i condimentate<\/h2>\n<p>Parfumul se deschide cu note bogate de lemn \u0219i trandafir, \u00eempletite cu \u0219ofran exotic, cre\u00e2nd un efect vibrant \u0219i sofisticat. Aceast\u0103 deschidere captivant\u0103 preg\u0103te\u0219te terenul pentru evolu\u021bia ulterioar\u0103 a compozi\u021biei :contentReference[oaicite:1]{index=1}.<\/p>\n<h2>Inima \u2013 C\u0103ldur\u0103 de ambr\u0103 \u0219i mosc<\/h2>\n<p>\u00cen centrul parfumului, acordurile calde de ambr\u0103 se contopesc cu mosc, ad\u0103ug\u00e2nd profunzime \u0219i caracter gourmand, care intensific\u0103 senza\u021bia de lux \u0219i persisten\u021b\u0103 olfactiv\u0103 :contentReference[oaicite:2]{index=2}.<\/p>\n<h2>Baza \u2013 Dulcea\u021b\u0103 pre\u021bioas\u0103 de oud<\/h2>\n<p>Notele de baz\u0103 dezv\u0103luie oud dulceag (agarwood), care confer\u0103 compozi\u021biei o semn\u0103tur\u0103 lemnoas\u0103, rezistent\u0103 \u0219i memorabil\u0103. Aceast\u0103 baz\u0103 catifelat\u0103 amplific\u0103 caracterul regal \u0219i misterios al parfumului.<\/p>\n<h2>Pentru ocazii \u0219i momente de neuitat<\/h2>\n<p>Sultan Al Quloob este ideal pentru seri elegante, evenimente speciale sau orice moment \u00een care vrei s\u0103 la\u0219i o impresie de durat\u0103. Se potrive\u0219te at\u00e2t \u021binutelor formale, c\u00e2t \u0219i stilului casual-chic, aduc\u00e2nd cu sine un aer de rafinament oriental.<\/p>","protected":false},"excerpt":{"rendered":"<p>Sultan Al Quloob de la Ard Al Zaafaran este un parfum unisex oriental-lemnos, care deschide cu note bogate de trandafir \u0219i \u0219ofran, evolueaz\u0103 \u00eentr-o inim\u0103 cald\u0103 de ambr\u0103 \u0219i mosc \u0219i se a\u0219az\u0103 pe o baz\u0103 puternic\u0103 de oud dulceag<\/p>","protected":false},"featured_media":1833,"comment_status":"open","ping_status":"closed","template":"","meta":{"om_disable_all_campaigns":false,"_monsterinsights_skip_tracking":false,"_monsterinsights_sitenote_active":false,"_monsterinsights_sitenote_note":"","_monsterinsights_sitenote_category":0},"product_brand":[64],"product_cat":[62],"product_tag":[],"class_list":{"0":"post-1821","1":"product","2":"type-product","3":"status-publish","4":"has-post-thumbnail","6":"product_brand-ard-al-zaafaran","7":"product_cat-parfumuri-sub-45ron","9":"first","10":"outofstock","11":"shipping-taxable","12":"purchasable","13":"product-type-simple"},"aioseo_notices":[],"ct_brands":[{"id":64,"name":"Ard Al Zaafaran","slug":"ard-al-zaafaran"}],"_links":{"self":[{"href":"https:\/\/habibimb.com\/en\/wp-json\/wp\/v2\/product\/1821","targetHints":{"allow":["GET"]}}],"collection":[{"href":"https:\/\/habibimb.com\/en\/wp-json\/wp\/v2\/product"}],"about":[{"href":"https:\/\/habibimb.com\/en\/wp-json\/wp\/v2\/types\/product"}],"replies":[{"embeddable":true,"href":"https:\/\/habibimb.com\/en\/wp-json\/wp\/v2\/comments?post=1821"}],"wp:featuredmedia":[{"embeddable":true,"href":"https:\/\/habibimb.com\/en\/wp-json\/wp\/v2\/media\/1833"}],"wp:attachment":[{"href":"https:\/\/habibimb.com\/en\/wp-json\/wp\/v2\/media?parent=1821"}],"wp:term":[{"taxonomy":"product_brand","embeddable":true,"href":"https:\/\/habibimb.com\/en\/wp-json\/wp\/v2\/product_brand?post=1821"},{"taxonomy":"product_cat","embeddable":true,"href":"https:\/\/habibimb.com\/en\/wp-json\/wp\/v2\/product_cat?post=1821"},{"taxonomy":"product_tag","embeddable":true,"href":"https:\/\/habibimb.com\/en\/wp-json\/wp\/v2\/product_tag?post=1821"}],"curies":[{"name":"wp","href":"https:\/\/api.w.org\/{rel}","templated":true}]}}