{"id":1817,"date":"2025-04-26T14:53:18","date_gmt":"2025-04-26T14:53:18","guid":{"rendered":"https:\/\/habibimb.com\/?post_type=product&#038;p=1817"},"modified":"2025-09-19T11:56:13","modified_gmt":"2025-09-19T11:56:13","slug":"apa-de-parfum-sheikh-shuyukh-ard-al-zaafaran-barbati-50ml","status":"publish","type":"product","link":"https:\/\/habibimb.com\/en\/product\/apa-de-parfum-sheikh-shuyukh-ard-al-zaafaran-barbati-50ml\/","title":{"rendered":"Sheikh Shuyukh, Ard Al Zaafaran, &#8211;"},"content":{"rendered":"<h2>Descoper\u0103 Sheikh Shuyukh<\/h2>\n<p>Apa de Parfum Sheikh Shuyukh celebreaz\u0103 echilibrul perfect \u00eentre misterul lemnului de agar (oud) \u0219i prospe\u021bimea ierburilor aromatice. Potrivit at\u00e2t b\u0103rba\u021bilor, c\u00e2t \u0219i femeilor, acest parfum \u00eembin\u0103 tradi\u021bia oriental\u0103 cu un twist modern, pentru o prezen\u021b\u0103 memorabil\u0103.<\/p>\n<h2>Notele de v\u00e2rf \u2013 Lemnos \u0219i rafinat<\/h2>\n<p>Parfumul debuteaz\u0103 cu acorduri puternice de oud \u0219i cedru, care deschid experien\u021ba olfactiv\u0103 cu un caracter lemnos, cald \u0219i impun\u0103tor.<\/p>\n<h2>Inima aromatic\u0103 \u2013 Prospe\u021bime condimentat\u0103<\/h2>\n<p>\u00cen miezul compozi\u021biei, salvie, lavand\u0103 \u0219i rozmarin se \u00eempletesc armonios, aduc\u00e2nd o senza\u021bie revigorant\u0103, u\u0219or ierboas\u0103 \u0219i condimentat\u0103.<\/p>\n<h2>Baza senzual\u0103 \u2013 Profunzime persistent\u0103<\/h2>\n<p>Notele de patchouli \u0219i vetiver completeaz\u0103 parfumul, conferindu-i ad\u00e2ncime \u0219i o rezisten\u021b\u0103 \u00eendelungat\u0103, l\u0103s\u00e2nd \u00een urm\u0103 un v\u0103l olfactiv cald, seduc\u0103tor \u0219i sofisticat.<\/p>\n<h2>Pentru orice ocazie<\/h2>\n<p>Sheikh Shuyukh este alegerea ideal\u0103 pentru seri elegante, \u00eent\u00e2lniri importante sau momente c\u00e2nd vrei s\u0103 la\u0219i o impresie de durat\u0103. Versatil \u0219i charismatic, se potrive\u0219te at\u00e2t \u021binutelor formale, c\u00e2t \u0219i stilului casual-chic.<\/p>","protected":false},"excerpt":{"rendered":"<p>Inspirat din Nuit d*Issey by Issey\u00a0Miyake<\/p>","protected":false},"featured_media":1997,"comment_status":"open","ping_status":"closed","template":"","meta":{"om_disable_all_campaigns":false,"_monsterinsights_skip_tracking":false,"_monsterinsights_sitenote_active":false,"_monsterinsights_sitenote_note":"","_monsterinsights_sitenote_category":0},"product_brand":[64],"product_cat":[62],"product_tag":[],"class_list":{"0":"post-1817","1":"product","2":"type-product","3":"status-publish","4":"has-post-thumbnail","6":"product_brand-ard-al-zaafaran","7":"product_cat-parfumuri-sub-45ron","9":"first","10":"instock","11":"shipping-taxable","12":"purchasable","13":"product-type-simple"},"aioseo_notices":[],"ct_brands":[{"id":64,"name":"Ard Al Zaafaran","slug":"ard-al-zaafaran"}],"_links":{"self":[{"href":"https:\/\/habibimb.com\/en\/wp-json\/wp\/v2\/product\/1817","targetHints":{"allow":["GET"]}}],"collection":[{"href":"https:\/\/habibimb.com\/en\/wp-json\/wp\/v2\/product"}],"about":[{"href":"https:\/\/habibimb.com\/en\/wp-json\/wp\/v2\/types\/product"}],"replies":[{"embeddable":true,"href":"https:\/\/habibimb.com\/en\/wp-json\/wp\/v2\/comments?post=1817"}],"wp:featuredmedia":[{"embeddable":true,"href":"https:\/\/habibimb.com\/en\/wp-json\/wp\/v2\/media\/1997"}],"wp:attachment":[{"href":"https:\/\/habibimb.com\/en\/wp-json\/wp\/v2\/media?parent=1817"}],"wp:term":[{"taxonomy":"product_brand","embeddable":true,"href":"https:\/\/habibimb.com\/en\/wp-json\/wp\/v2\/product_brand?post=1817"},{"taxonomy":"product_cat","embeddable":true,"href":"https:\/\/habibimb.com\/en\/wp-json\/wp\/v2\/product_cat?post=1817"},{"taxonomy":"product_tag","embeddable":true,"href":"https:\/\/habibimb.com\/en\/wp-json\/wp\/v2\/product_tag?post=1817"}],"curies":[{"name":"wp","href":"https:\/\/api.w.org\/{rel}","templated":true}]}}