{"id":1811,"date":"2025-04-26T14:47:10","date_gmt":"2025-04-26T14:47:10","guid":{"rendered":"https:\/\/habibimb.com\/?post_type=product&#038;p=1811"},"modified":"2025-09-22T09:59:31","modified_gmt":"2025-09-22T09:59:31","slug":"apa-de-parfum-brown-orchid-saphire-fragrance-world-unisex-50ml","status":"publish","type":"product","link":"https:\/\/habibimb.com\/en\/product\/apa-de-parfum-brown-orchid-saphire-fragrance-world-unisex-50ml\/","title":{"rendered":"Brown Orchid Saphire, Fragrance World, &#8211;"},"content":{"rendered":"<h2>Descoper\u0103 Brown Orchid Saphire<\/h2>\n<p>Apa de Parfum Brown Orchid Saphire te poart\u0103 \u00eentr-o c\u0103l\u0103torie olfactiv\u0103 unde elegan\u021ba floral\u0103 a orhideei se \u00eent\u00e2lne\u0219te cu prospe\u0163imea oceanic\u0103 \u0219i profunzimea lemnoas\u0103. Creat pentru cei care caut\u0103 un parfum sofisticat \u0219i diferit, Saphire aduce un aer modern \u0219i misterios fiec\u0103rei apari\u021bii.<\/p>\n<h2>Notele de v\u00e2rf \u2013 Acorduri marine \u0219i citrice<\/h2>\n<p>Parfumul se deschide cu un suflu revigorant de briz\u0103 marin\u0103 \u0219i citrice (bergamot\u0103 sicilian\u0103 \u0219i mandarin\u0103), care adaug\u0103 un caracter light \u0219i r\u0103coritor, invit\u00e2nd sim\u021burile \u00eentr-o explorare senzorial\u0103.<\/p>\n<h2>Inima floral\u0103 \u2013 Orhidee \u0219i flori albe<\/h2>\n<p>\u00cen inima compozi\u021biei str\u0103luce\u0219te acordul de orhidee albastr\u0103 \u00eembog\u0103\u021bit cu note pudrate de trandafir alb \u0219i iasomie, cre\u00e2nd un buchet diafan, elegan\u021b\u0103 pur\u0103 \u0219i o textur\u0103 catifelat\u0103.<\/p>\n<h2>Baza lemnoas\u0103 \u2013 Profunzime \u0219i mister<\/h2>\n<p>Notele de final se a\u0219az\u0103 pe un pat cald de lemn de santal \u0219i cedru alb, completate de un strop discret de mosc alb, oferind persisten\u021b\u0103 \u0219i o semn\u0103tur\u0103 olfactiv\u0103 subtil\u0103, dar memorabil\u0103.<\/p>\n<h2>Ocazii \u0219i purtare<\/h2>\n<p>Brown Orchid Saphire este ideal at\u00e2t pentru zilele active de var\u0103, c\u00e2nd dore\u0219ti o senza\u021bie de prospe\u021bime, c\u00e2t \u0219i pentru seri elegante. Versatil \u0219i unisex, se muleaz\u0103 pe personalitatea purt\u0103torului, conferind un aer sofisticat \u0219i misterioas\u0103 prezen\u021b\u0103.<\/p>","protected":false},"excerpt":{"rendered":"<p>Brown Orchid Saphire de la Fragrance World este un parfum unisex enigmatic, care \u00eembin\u0103 acorduri pre\u021bioase de orhidee cu note marine \u0219i lemnoase subtile, pentru o senza\u021bie de prospe\u021bime misterioas\u0103 \u0219i rafinament de durat\u0103.<\/p>","protected":false},"featured_media":1999,"comment_status":"open","ping_status":"closed","template":"","meta":{"om_disable_all_campaigns":false,"_monsterinsights_skip_tracking":false,"_monsterinsights_sitenote_active":false,"_monsterinsights_sitenote_note":"","_monsterinsights_sitenote_category":0},"product_brand":[61],"product_cat":[62],"product_tag":[],"class_list":{"0":"post-1811","1":"product","2":"type-product","3":"status-publish","4":"has-post-thumbnail","6":"product_brand-fragance-world","7":"product_cat-parfumuri-sub-45ron","9":"first","10":"instock","11":"shipping-taxable","12":"purchasable","13":"product-type-simple"},"aioseo_notices":[],"ct_brands":[{"id":61,"name":"Fragrance World","slug":"fragance-world"}],"_links":{"self":[{"href":"https:\/\/habibimb.com\/en\/wp-json\/wp\/v2\/product\/1811","targetHints":{"allow":["GET"]}}],"collection":[{"href":"https:\/\/habibimb.com\/en\/wp-json\/wp\/v2\/product"}],"about":[{"href":"https:\/\/habibimb.com\/en\/wp-json\/wp\/v2\/types\/product"}],"replies":[{"embeddable":true,"href":"https:\/\/habibimb.com\/en\/wp-json\/wp\/v2\/comments?post=1811"}],"wp:featuredmedia":[{"embeddable":true,"href":"https:\/\/habibimb.com\/en\/wp-json\/wp\/v2\/media\/1999"}],"wp:attachment":[{"href":"https:\/\/habibimb.com\/en\/wp-json\/wp\/v2\/media?parent=1811"}],"wp:term":[{"taxonomy":"product_brand","embeddable":true,"href":"https:\/\/habibimb.com\/en\/wp-json\/wp\/v2\/product_brand?post=1811"},{"taxonomy":"product_cat","embeddable":true,"href":"https:\/\/habibimb.com\/en\/wp-json\/wp\/v2\/product_cat?post=1811"},{"taxonomy":"product_tag","embeddable":true,"href":"https:\/\/habibimb.com\/en\/wp-json\/wp\/v2\/product_tag?post=1811"}],"curies":[{"name":"wp","href":"https:\/\/api.w.org\/{rel}","templated":true}]}}