{"id":1809,"date":"2025-04-26T14:45:38","date_gmt":"2025-04-26T14:45:38","guid":{"rendered":"https:\/\/habibimb.com\/?post_type=product&#038;p=1809"},"modified":"2025-09-19T11:55:11","modified_gmt":"2025-09-19T11:55:11","slug":"apa-de-parfum-amour-de-leuxe-fragrance-world-unisex-50ml","status":"publish","type":"product","link":"https:\/\/habibimb.com\/en\/product\/apa-de-parfum-amour-de-leuxe-fragrance-world-unisex-50ml\/","title":{"rendered":"Amour De Leuxe, Fragrance World, &#8211;"},"content":{"rendered":"<h2>Descoper\u0103 Amour De Luxe<\/h2>\n<p>Apa de Parfum Amour De Luxe evoc\u0103 romantismul sofisticat \u0219i elegan\u021ba suprem\u0103, cre\u00e2nd o semn\u0103tur\u0103 olfactiv\u0103 care cucere\u0219te prin luxul \u0219i profunzimea sa. Potrivit at\u00e2t pentru b\u0103rba\u021bi, c\u00e2t \u0219i pentru femei, acest parfum te poart\u0103 \u00eentr-o poveste senzorial\u0103 rafinat\u0103.<\/p>\n<h2>Notele de v\u00e2rf \u2013 Dulcea\u021b\u0103 tentant\u0103<\/h2>\n<p>Parfumul se deschide cu un buchet gourmand de caramel cremos \u0219i fructe ro\u0219ii coapte, \u00eenso\u021bite de o atingere efervescent\u0103 de bergamot\u0103, care adaug\u0103 vitalitate \u0219i apetis pentru aventur\u0103.<\/p>\n<h2>Inima floral\u0103 \u2013 Elegan\u021b\u0103 catifelat\u0103<\/h2>\n<p>\u00cen centrul compozi\u021biei, g\u0103sim un buchet floral-sucr\u00e9 format din trandafir damasc, iasomie indian\u0103 \u0219i note calde de ylang-ylang, care aduc o textur\u0103 catifelat\u0103 \u0219i senzual\u0103.<\/p>\n<h2>Baza vanilat\u0103 \u2013 Persisten\u021b\u0103 \u0219i rafinament<\/h2>\n<p>Baza combin\u0103 vanilia de Madagascar cu mosc alb \u0219i un strop de lemn de santal cremos, oferind parfumului o rezisten\u021b\u0103 \u00eendelungat\u0103 \u0219i un finisaj cald, care \u00eencununeaz\u0103 perfect povestea olfactiv\u0103.<\/p>\n<h2>Pentru momente de lux \u0219i romantism<\/h2>\n<p>Amour De Luxe este ideal pentru cine romantice, seri elegante sau orice ocazie \u00een care dore\u0219ti s\u0103 radiezi rafinament \u0219i seduc\u021bie. Las\u0103-l s\u0103 fie accesoriul t\u0103u de neuitat \u0219i s\u0103-\u021bi pun\u0103 \u00een valoare farmecul personal.<\/p>","protected":false},"excerpt":{"rendered":"<p>Inspirat din L*amour by Lalique<\/p>","protected":false},"featured_media":2013,"comment_status":"open","ping_status":"closed","template":"","meta":{"om_disable_all_campaigns":false,"_monsterinsights_skip_tracking":false,"_monsterinsights_sitenote_active":false,"_monsterinsights_sitenote_note":"","_monsterinsights_sitenote_category":0},"product_brand":[61],"product_cat":[62],"product_tag":[],"class_list":{"0":"post-1809","1":"product","2":"type-product","3":"status-publish","4":"has-post-thumbnail","6":"product_brand-fragance-world","7":"product_cat-parfumuri-sub-45ron","9":"first","10":"instock","11":"shipping-taxable","12":"purchasable","13":"product-type-simple"},"aioseo_notices":[],"ct_brands":[{"id":61,"name":"Fragrance World","slug":"fragance-world"}],"_links":{"self":[{"href":"https:\/\/habibimb.com\/en\/wp-json\/wp\/v2\/product\/1809","targetHints":{"allow":["GET"]}}],"collection":[{"href":"https:\/\/habibimb.com\/en\/wp-json\/wp\/v2\/product"}],"about":[{"href":"https:\/\/habibimb.com\/en\/wp-json\/wp\/v2\/types\/product"}],"replies":[{"embeddable":true,"href":"https:\/\/habibimb.com\/en\/wp-json\/wp\/v2\/comments?post=1809"}],"wp:featuredmedia":[{"embeddable":true,"href":"https:\/\/habibimb.com\/en\/wp-json\/wp\/v2\/media\/2013"}],"wp:attachment":[{"href":"https:\/\/habibimb.com\/en\/wp-json\/wp\/v2\/media?parent=1809"}],"wp:term":[{"taxonomy":"product_brand","embeddable":true,"href":"https:\/\/habibimb.com\/en\/wp-json\/wp\/v2\/product_brand?post=1809"},{"taxonomy":"product_cat","embeddable":true,"href":"https:\/\/habibimb.com\/en\/wp-json\/wp\/v2\/product_cat?post=1809"},{"taxonomy":"product_tag","embeddable":true,"href":"https:\/\/habibimb.com\/en\/wp-json\/wp\/v2\/product_tag?post=1809"}],"curies":[{"name":"wp","href":"https:\/\/api.w.org\/{rel}","templated":true}]}}