{"id":1803,"date":"2025-04-26T14:39:58","date_gmt":"2025-04-26T14:39:58","guid":{"rendered":"https:\/\/habibimb.com\/?post_type=product&#038;p=1803"},"modified":"2025-10-04T05:34:32","modified_gmt":"2025-10-04T05:34:32","slug":"apa-de-parfum-ador-fragrance-world-unisex-50ml","status":"publish","type":"product","link":"https:\/\/habibimb.com\/en\/product\/apa-de-parfum-ador-fragrance-world-unisex-50ml\/","title":{"rendered":"Ador, Fragrance World, &#8211;"},"content":{"rendered":"<h2>Descoper\u0103 Ador<\/h2>\n<p>Apa de Parfum Ador este o crea\u021bie olfactiv\u0103 ce celebreaz\u0103 elegan\u021ba senzual\u0103 \u0219i confortul dulce-am\u0103rui. Destinat at\u00e2t b\u0103rba\u021bilor, c\u00e2t \u0219i femeilor, acest parfum se remarc\u0103 printr-o compozi\u021bie echilibrat\u0103, care evoc\u0103 c\u0103ldura unei \u00eembr\u0103\u021bi\u0219\u0103ri \u0219i prospe\u021bimea unei dup\u0103-amiezi luminoase.<\/p>\n<h2>Notele de v\u00e2rf \u2013 Luminozitate cremoas\u0103<\/h2>\n<p>Parfumul se deschide cu acorduri fine de mandarin\u0103 sicilian\u0103 \u0219i lacton\u0103 cremoas\u0103, care adaug\u0103 o senzualitate gourmand subtil\u0103, amintind de un desert catifelat \u0219i revigorant.<\/p>\n<h2>Inima floral\u0103 \u2013 Dulcea\u021b\u0103 \u0219i delicate\u021be<\/h2>\n<p>\u00cen inima compozi\u021biei, se \u00eempletesc note de iris pudrat \u0219i l\u0103cr\u0103mioare albe, sus\u021binute de un strop de vanilie de Bourbon, contur\u00e2nd un buchet floral-gourmand, sofisticat \u0219i fermec\u0103tor.<\/p>\n<h2>Baza lemnoas\u0103 \u2013 Persisten\u021b\u0103 \u0219i profunzime<\/h2>\n<p>Notele de fond se bazeaz\u0103 pe lemn de santal cremos \u0219i mosc alb, completate de un acord cald de ambroxan, oferind parfumului o rezisten\u021b\u0103 \u00eendelungat\u0103 \u0219i o semn\u0103tur\u0103 olfactiv\u0103 cald\u0103, lini\u0219titoare \u0219i elegant\u0103.<\/p>\n<h2>Pentru momente intime \u0219i elegante<\/h2>\n<p>Ador este alegerea perfect\u0103 pentru \u00eent\u00e2lniri romantice, seri relaxate sau orice ocazie \u00een care dore\u0219ti s\u0103 transmi\u021bi c\u0103ldur\u0103 \u0219i rafinament. Fiecare pulverizare te \u00eenv\u0103luie \u00eentr-o atmosfer\u0103 de confort \u0219i seduc\u021bie subtil\u0103.<\/p>","protected":false},"excerpt":{"rendered":"<p>Inspirat din J*Adore by Christian\u00a0Dior<\/p>","protected":false},"featured_media":2007,"comment_status":"open","ping_status":"closed","template":"","meta":{"om_disable_all_campaigns":false,"_monsterinsights_skip_tracking":false,"_monsterinsights_sitenote_active":false,"_monsterinsights_sitenote_note":"","_monsterinsights_sitenote_category":0},"product_brand":[61],"product_cat":[62],"product_tag":[],"class_list":{"0":"post-1803","1":"product","2":"type-product","3":"status-publish","4":"has-post-thumbnail","6":"product_brand-fragance-world","7":"product_cat-parfumuri-sub-45ron","9":"first","10":"outofstock","11":"shipping-taxable","12":"purchasable","13":"product-type-simple"},"aioseo_notices":[],"ct_brands":[{"id":61,"name":"Fragrance World","slug":"fragance-world"}],"_links":{"self":[{"href":"https:\/\/habibimb.com\/en\/wp-json\/wp\/v2\/product\/1803","targetHints":{"allow":["GET"]}}],"collection":[{"href":"https:\/\/habibimb.com\/en\/wp-json\/wp\/v2\/product"}],"about":[{"href":"https:\/\/habibimb.com\/en\/wp-json\/wp\/v2\/types\/product"}],"replies":[{"embeddable":true,"href":"https:\/\/habibimb.com\/en\/wp-json\/wp\/v2\/comments?post=1803"}],"wp:featuredmedia":[{"embeddable":true,"href":"https:\/\/habibimb.com\/en\/wp-json\/wp\/v2\/media\/2007"}],"wp:attachment":[{"href":"https:\/\/habibimb.com\/en\/wp-json\/wp\/v2\/media?parent=1803"}],"wp:term":[{"taxonomy":"product_brand","embeddable":true,"href":"https:\/\/habibimb.com\/en\/wp-json\/wp\/v2\/product_brand?post=1803"},{"taxonomy":"product_cat","embeddable":true,"href":"https:\/\/habibimb.com\/en\/wp-json\/wp\/v2\/product_cat?post=1803"},{"taxonomy":"product_tag","embeddable":true,"href":"https:\/\/habibimb.com\/en\/wp-json\/wp\/v2\/product_tag?post=1803"}],"curies":[{"name":"wp","href":"https:\/\/api.w.org\/{rel}","templated":true}]}}