{"id":1799,"date":"2025-04-26T14:36:30","date_gmt":"2025-04-26T14:36:30","guid":{"rendered":"https:\/\/habibimb.com\/?post_type=product&#038;p=1799"},"modified":"2025-09-19T12:01:55","modified_gmt":"2025-09-19T12:01:55","slug":"apa-de-parfum-brown-orchid-blanc-edition-fragrance-world-unisex-50ml","status":"publish","type":"product","link":"https:\/\/habibimb.com\/en\/product\/apa-de-parfum-brown-orchid-blanc-edition-fragrance-world-unisex-50ml\/","title":{"rendered":"Brown Orchid Blanc Edition, Fragrance World, &#8211;"},"content":{"rendered":"<h2>Descoper\u0103 Brown Orchid Blanc Edition<\/h2>\n<p>Apa de Parfum Brown Orchid Blanc Edition te poart\u0103 \u00eentr-o lume a elegan\u021bei contemporane, \u00een care florile rare se \u00eent\u00e2lnesc cu acorduri lemnoase pre\u021bioase. Conceput pentru cei care apreciaz\u0103 fine\u021bea \u0219i contrastul, acest parfum unisex las\u0103 o impresie memorabil\u0103 \u0219i sofisticat\u0103.<\/p>\n<h2>Notele de v\u00e2rf \u2013 Prospe\u021bime rafinat\u0103<\/h2>\n<p>Parfumul se deschide cu un amestec luminos de bergamot\u0103 italian\u0103 \u0219i un strop de \u0219ofran, care adaug\u0103 o dulcea\u021b\u0103 condimentat\u0103 \u0219i o senza\u021bie clar\u0103, aproape efervescent\u0103.<\/p>\n<h2>Inima floral\u0103 \u2013 Orhidee \u0219i feminitate<\/h2>\n<p>\u00cen miezul compozi\u021biei domin\u0103 acordul de orhidee alb\u0103, \u00eenso\u021bit de trandafir de mai \u0219i un substrat delicat de iasomie, cre\u00e2nd un buchet floral elegant, cu o textur\u0103 catifelat\u0103 \u0219i rafinat\u0103.<\/p>\n<h2>Baza lemnoas\u0103-ambrat\u0103 \u2013 Persisten\u021b\u0103 \u0219i profunzime<\/h2>\n<p>Notele de final se \u00eentrep\u0103trund \u00een vanilie pudrat\u0103, ambra cald\u0103 \u0219i lemn de cedru, completate de un mosc alb fin, care confer\u0103 parfumului o rezisten\u021b\u0103 de durat\u0103 \u0219i un caracter senzual dar sofisticat.<\/p>\n<h2>Pentru orice ocazie cu stil<\/h2>\n<p>Brown Orchid Blanc Edition este perfect at\u00e2t pentru \u00eent\u00e2lniri elegante, c\u00e2t \u0219i pentru zile \u00een care vrei s\u0103-\u021bi subliniezi personalitatea. Echilibrul \u00eentre prospe\u021bime, floralitate \u0219i ad\u00e2ncime lemnoas\u0103 \u00eel transform\u0103 \u00eentr-o alegere versatil\u0103, demn\u0103 de colec\u021bia oric\u0103rui iubitor de parfumuri.<\/p>","protected":false},"excerpt":{"rendered":"<p>Inspirat din Silver Mountain Water by\u00a0Creed<\/p>","protected":false},"featured_media":2005,"comment_status":"open","ping_status":"closed","template":"","meta":{"om_disable_all_campaigns":false,"_monsterinsights_skip_tracking":false,"_monsterinsights_sitenote_active":false,"_monsterinsights_sitenote_note":"","_monsterinsights_sitenote_category":0},"product_brand":[61],"product_cat":[62],"product_tag":[],"class_list":{"0":"post-1799","1":"product","2":"type-product","3":"status-publish","4":"has-post-thumbnail","6":"product_brand-fragance-world","7":"product_cat-parfumuri-sub-45ron","9":"first","10":"instock","11":"shipping-taxable","12":"purchasable","13":"product-type-simple"},"aioseo_notices":[],"ct_brands":[{"id":61,"name":"Fragrance World","slug":"fragance-world"}],"_links":{"self":[{"href":"https:\/\/habibimb.com\/en\/wp-json\/wp\/v2\/product\/1799","targetHints":{"allow":["GET"]}}],"collection":[{"href":"https:\/\/habibimb.com\/en\/wp-json\/wp\/v2\/product"}],"about":[{"href":"https:\/\/habibimb.com\/en\/wp-json\/wp\/v2\/types\/product"}],"replies":[{"embeddable":true,"href":"https:\/\/habibimb.com\/en\/wp-json\/wp\/v2\/comments?post=1799"}],"wp:featuredmedia":[{"embeddable":true,"href":"https:\/\/habibimb.com\/en\/wp-json\/wp\/v2\/media\/2005"}],"wp:attachment":[{"href":"https:\/\/habibimb.com\/en\/wp-json\/wp\/v2\/media?parent=1799"}],"wp:term":[{"taxonomy":"product_brand","embeddable":true,"href":"https:\/\/habibimb.com\/en\/wp-json\/wp\/v2\/product_brand?post=1799"},{"taxonomy":"product_cat","embeddable":true,"href":"https:\/\/habibimb.com\/en\/wp-json\/wp\/v2\/product_cat?post=1799"},{"taxonomy":"product_tag","embeddable":true,"href":"https:\/\/habibimb.com\/en\/wp-json\/wp\/v2\/product_tag?post=1799"}],"curies":[{"name":"wp","href":"https:\/\/api.w.org\/{rel}","templated":true}]}}