{"id":1797,"date":"2025-04-26T14:33:14","date_gmt":"2025-04-26T14:33:14","guid":{"rendered":"https:\/\/habibimb.com\/?post_type=product&#038;p=1797"},"modified":"2026-02-12T10:38:47","modified_gmt":"2026-02-12T10:38:47","slug":"apa-de-parfum-intense-wood-fragrance-world-unisex-50ml","status":"publish","type":"product","link":"https:\/\/habibimb.com\/en\/product\/apa-de-parfum-intense-wood-fragrance-world-unisex-50ml\/","title":{"rendered":"Intense Wood, Fragrance World, &#8211;"},"content":{"rendered":"<h2>Descoper\u0103 Intense Wood<\/h2>\n<p>Apa de Parfum Intense Wood celebreaz\u0103 for\u021ba \u0219i c\u0103ldura lemnului, \u00eentr-o compozi\u021bie olfactiv\u0103 intens\u0103 \u0219i rezistent\u0103. Proiectat pentru b\u0103rba\u021bi \u0219i femei deopotriv\u0103, acest parfum \u00eembin\u0103 note lemnoase cu accente condimentate, pentru o experien\u021b\u0103 de neuitat.<\/p>\n<h2>Notele de v\u00e2rf \u2013 Impact condimentat<\/h2>\n<p>Parfumul se deschide cu un acord vibrant de piper negru \u0219i cardamom, completat de un strop u\u0219or de bergamot\u0103, care introduc o senza\u021bie revigorant\u0103 \u0219i plin\u0103 de energie.<\/p>\n<h2>Inima lemnoas\u0103 \u2013 Caracter dominant<\/h2>\n<p>\u00cen inima Intense Wood domin\u0103 lemnul de cedru \u0219i vetiver, eviden\u021biind un buchet robust \u0219i cald, peste care se a\u0219az\u0103 subtil acorduri de chiparos, pentru un contrast elegant \u00eentre verde \u0219i r\u0103\u0219inos.<\/p>\n<h2>Baza profund\u0103 \u2013 Persisten\u021b\u0103 \u0219i profunzime<\/h2>\n<p>Notele de baz\u0103 se bazeaz\u0103 pe lemn de santal cremos \u0219i ambra dens\u0103, \u00eempletite cu o not\u0103 delicat\u0103 de mosc alb, oferind parfumului o rezisten\u021b\u0103 excelent\u0103 \u0219i o semn\u0103tur\u0103 olfactiv\u0103 bogat\u0103 \u0219i senzual\u0103.<\/p>\n<h2>Pentru momente intense \u0219i elegante<\/h2>\n<p>Intense Wood este alegerea ideal\u0103 pentru seri speciale, \u00eent\u00e2lniri importante sau orice ocazie \u00een care vrei s\u0103 te remarci. Cu farmecul s\u0103u lemnos \u0219i condimentat, \u00ee\u021bi va sublinia personalitatea \u0219i va l\u0103sa o impresie memorabil\u0103.<\/p>","protected":false},"excerpt":{"rendered":"<p>Intense Wood de la Fragrance World este un parfum unisex puternic \u0219i sofisticat, cu note lemnoase \u0219i condimente u\u0219oare, care ofer\u0103 profunzime \u0219i persisten\u021b\u0103, perfect pentru cei care apreciaz\u0103 elegan\u021ba atemporal\u0103.<\/p>","protected":false},"featured_media":1974,"comment_status":"open","ping_status":"closed","template":"","meta":{"om_disable_all_campaigns":false,"_monsterinsights_skip_tracking":false,"_monsterinsights_sitenote_active":false,"_monsterinsights_sitenote_note":"","_monsterinsights_sitenote_category":0},"product_brand":[61],"product_cat":[62],"product_tag":[],"class_list":{"0":"post-1797","1":"product","2":"type-product","3":"status-publish","4":"has-post-thumbnail","6":"product_brand-fragance-world","7":"product_cat-parfumuri-sub-45ron","9":"first","10":"outofstock","11":"shipping-taxable","12":"purchasable","13":"product-type-simple"},"aioseo_notices":[],"ct_brands":[{"id":61,"name":"Fragrance World","slug":"fragance-world"}],"_links":{"self":[{"href":"https:\/\/habibimb.com\/en\/wp-json\/wp\/v2\/product\/1797","targetHints":{"allow":["GET"]}}],"collection":[{"href":"https:\/\/habibimb.com\/en\/wp-json\/wp\/v2\/product"}],"about":[{"href":"https:\/\/habibimb.com\/en\/wp-json\/wp\/v2\/types\/product"}],"replies":[{"embeddable":true,"href":"https:\/\/habibimb.com\/en\/wp-json\/wp\/v2\/comments?post=1797"}],"wp:featuredmedia":[{"embeddable":true,"href":"https:\/\/habibimb.com\/en\/wp-json\/wp\/v2\/media\/1974"}],"wp:attachment":[{"href":"https:\/\/habibimb.com\/en\/wp-json\/wp\/v2\/media?parent=1797"}],"wp:term":[{"taxonomy":"product_brand","embeddable":true,"href":"https:\/\/habibimb.com\/en\/wp-json\/wp\/v2\/product_brand?post=1797"},{"taxonomy":"product_cat","embeddable":true,"href":"https:\/\/habibimb.com\/en\/wp-json\/wp\/v2\/product_cat?post=1797"},{"taxonomy":"product_tag","embeddable":true,"href":"https:\/\/habibimb.com\/en\/wp-json\/wp\/v2\/product_tag?post=1797"}],"curies":[{"name":"wp","href":"https:\/\/api.w.org\/{rel}","templated":true}]}}