{"id":1793,"date":"2025-04-26T14:27:31","date_gmt":"2025-04-26T14:27:31","guid":{"rendered":"https:\/\/habibimb.com\/?post_type=product&#038;p=1793"},"modified":"2025-09-19T12:02:43","modified_gmt":"2025-09-19T12:02:43","slug":"apa-de-parfum-absolute-oud-magnificent-7-fragrance-world-unisex-50ml","status":"publish","type":"product","link":"https:\/\/habibimb.com\/en\/product\/apa-de-parfum-absolute-oud-magnificent-7-fragrance-world-unisex-50ml\/","title":{"rendered":"Absolute Oud Magnificent 7, Fragrance World, &#8211;"},"content":{"rendered":"<h2>Descoper\u0103 Absolute Oud Magnificent 7<\/h2>\n<p>Apa de Parfum Absolute Oud Magnificent 7 celebreaz\u0103 elegan\u021ba \u0219i misterul lemnului de agar (oud), prezentat \u00eentr-o compozi\u021bie complex\u0103 \u0219i rafinat\u0103, potrivit\u0103 at\u00e2t pentru b\u0103rba\u021bi, c\u00e2t \u0219i pentru femei. Fiecare pulverizare dezv\u0103luie un univers olfactiv bogat, care combin\u0103 notele orientale traditionale cu un twist modern.<\/p>\n<h2>Notele de v\u00e2rf \u2013 \u00cenceput condimentat \u0219i luminos<\/h2>\n<p>Parfumul debuteaz\u0103 cu un amestec vibrant de \u0219ofran pre\u021bios \u0219i bergamot\u0103 proasp\u0103t\u0103, c\u0103rora li se adaug\u0103 o urm\u0103 fin\u0103 de piper negru, cre\u00e2nd un prim impact condimentat \u0219i totodat\u0103 revigorant.<\/p>\n<h2>Inima lemnoas\u0103 \u2013 Acordul de oud<\/h2>\n<p>\u00cen inima Absolute Oud Magnificent 7 domin\u0103 lemnul de agar, puternic \u0219i catifelat, completat de note subtile de trandafir bulg\u0103resc \u0219i lemn de guaiac, care adaug\u0103 fine\u021be \u0219i profunzime, echilibr\u00e2nd caracterul intens al oud-ului.<\/p>\n<h2>Baza cald\u0103 \u2013 Persisten\u021b\u0103 \u0219i senzualitate<\/h2>\n<p>Notele de baz\u0103 \u00eembin\u0103 moscul alb cremos cu ambra r\u0103\u0219inoas\u0103 \u0219i un strop de piele fin\u0103, oferind parfumului o rezisten\u021b\u0103 excep\u021bional\u0103 \u0219i un finisaj cald, greu de uitat.<\/p>\n<h2>Pentru momente memorabile<\/h2>\n<p>Absolute Oud Magnificent 7 este alegerea perfect\u0103 pentru serile elegante, \u00eent\u00e2lnirile speciale sau orice ocazie \u00een care vrei s\u0103 la\u0219i o impresie puternic\u0103. Versatil \u0219i de impact, acest parfum te va \u00eenv\u0103lui \u00eentr-o aur\u0103 de rafinament \u0219i mister oriunde vei merge.<\/p>","protected":false},"excerpt":{"rendered":"<p>Inspirat din oud absolu M7 by Yves Saint\u00a0Laurent<\/p>","protected":false},"featured_media":1978,"comment_status":"open","ping_status":"closed","template":"","meta":{"om_disable_all_campaigns":false,"_monsterinsights_skip_tracking":false,"_monsterinsights_sitenote_active":false,"_monsterinsights_sitenote_note":"","_monsterinsights_sitenote_category":0},"product_brand":[61],"product_cat":[62],"product_tag":[],"class_list":{"0":"post-1793","1":"product","2":"type-product","3":"status-publish","4":"has-post-thumbnail","6":"product_brand-fragance-world","7":"product_cat-parfumuri-sub-45ron","9":"first","10":"instock","11":"shipping-taxable","12":"purchasable","13":"product-type-simple"},"aioseo_notices":[],"ct_brands":[{"id":61,"name":"Fragrance World","slug":"fragance-world"}],"_links":{"self":[{"href":"https:\/\/habibimb.com\/en\/wp-json\/wp\/v2\/product\/1793","targetHints":{"allow":["GET"]}}],"collection":[{"href":"https:\/\/habibimb.com\/en\/wp-json\/wp\/v2\/product"}],"about":[{"href":"https:\/\/habibimb.com\/en\/wp-json\/wp\/v2\/types\/product"}],"replies":[{"embeddable":true,"href":"https:\/\/habibimb.com\/en\/wp-json\/wp\/v2\/comments?post=1793"}],"wp:featuredmedia":[{"embeddable":true,"href":"https:\/\/habibimb.com\/en\/wp-json\/wp\/v2\/media\/1978"}],"wp:attachment":[{"href":"https:\/\/habibimb.com\/en\/wp-json\/wp\/v2\/media?parent=1793"}],"wp:term":[{"taxonomy":"product_brand","embeddable":true,"href":"https:\/\/habibimb.com\/en\/wp-json\/wp\/v2\/product_brand?post=1793"},{"taxonomy":"product_cat","embeddable":true,"href":"https:\/\/habibimb.com\/en\/wp-json\/wp\/v2\/product_cat?post=1793"},{"taxonomy":"product_tag","embeddable":true,"href":"https:\/\/habibimb.com\/en\/wp-json\/wp\/v2\/product_tag?post=1793"}],"curies":[{"name":"wp","href":"https:\/\/api.w.org\/{rel}","templated":true}]}}