{"id":1790,"date":"2025-04-26T14:25:40","date_gmt":"2025-04-26T14:25:40","guid":{"rendered":"https:\/\/habibimb.com\/?post_type=product&#038;p=1790"},"modified":"2025-09-22T10:05:18","modified_gmt":"2025-09-22T10:05:18","slug":"apa-de-parfum-zan-fragrance-world-unisex-50ml","status":"publish","type":"product","link":"https:\/\/habibimb.com\/en\/product\/apa-de-parfum-zan-fragrance-world-unisex-50ml\/","title":{"rendered":"Zan, Fragrance World, &#8211;"},"content":{"rendered":"<h2>Descoper\u0103 Zan<\/h2>\n<p>Apa de Parfum Zan \u00eembin\u0103 armonios latura energic\u0103 cu cea elegant\u0103, fiind creat\u0103 pentru cei care \u00eendr\u0103znesc s\u0103 fie diferi\u021bi. Perfect unisex, acest parfum surprinde prin contrastul dintre prospe\u021bimea notelor de \u00eenceput \u0219i persisten\u021ba acordurilor de baz\u0103.<\/p>\n<h2>Notele de v\u00e2rf \u2013 Prospe\u021bime revigorant\u0103<\/h2>\n<p>Zan se deschide cu un buchet luminos de bergamot\u0103 sicilian\u0103 \u0219i grapefruit roz, completat de accente verzi de frunze de violete, care confer\u0103 o energie clar\u0103, modern\u0103 \u0219i revitalizant\u0103.<\/p>\n<h2>Inima aromatic\u0103 \u2013 Caracter sofisticat<\/h2>\n<p>\u00cen mijlocul parfumului se reg\u0103sesc note delicate de lavand\u0103 \u0219i salvie, care adaug\u0103 un contrast subtil \u00eentre dulce \u0219i u\u0219or condimentat, cre\u00e2nd un miez aromatic rafinat \u0219i plin de personalitate.<\/p>\n<h2>Baza lemnoas\u0103 \u2013 Persisten\u021b\u0103 \u0219i profunzime<\/h2>\n<p>Notele de final se ad\u00e2ncesc \u00een lemn de cedru cald \u0219i mosc alb fin, cu un strop de paciuli, oferind parfumului o rezisten\u021b\u0103 \u00eendelungat\u0103 \u0219i un caracter senzual, perfect adaptabil at\u00e2t zilelor c\u0103lduroase, c\u00e2t \u0219i serilor r\u0103coroase.<\/p>\n<h2>Un parfum pentru toat\u0103 lumea<\/h2>\n<p>Zan este alegerea ideal\u0103 pentru cei care apreciaz\u0103 versatilitatea \u0219i echilibrul \u00eentre prospe\u021bime \u0219i profunzime. Poate fi purtat zilnic la birou, \u00een timpul liber sau la evenimente informale, adapt\u00e2ndu-se cu u\u0219urin\u021b\u0103 oric\u0103rui stil \u0219i ocazii.<\/p>","protected":false},"excerpt":{"rendered":"<p>Inspirat din Zen by Shiseido<\/p>","protected":false},"featured_media":1987,"comment_status":"open","ping_status":"closed","template":"","meta":{"om_disable_all_campaigns":false,"_monsterinsights_skip_tracking":false,"_monsterinsights_sitenote_active":false,"_monsterinsights_sitenote_note":"","_monsterinsights_sitenote_category":0},"product_brand":[61],"product_cat":[62],"product_tag":[],"class_list":{"0":"post-1790","1":"product","2":"type-product","3":"status-publish","4":"has-post-thumbnail","6":"product_brand-fragance-world","7":"product_cat-parfumuri-sub-45ron","9":"first","10":"instock","11":"shipping-taxable","12":"purchasable","13":"product-type-simple"},"aioseo_notices":[],"ct_brands":[{"id":61,"name":"Fragrance World","slug":"fragance-world"}],"_links":{"self":[{"href":"https:\/\/habibimb.com\/en\/wp-json\/wp\/v2\/product\/1790","targetHints":{"allow":["GET"]}}],"collection":[{"href":"https:\/\/habibimb.com\/en\/wp-json\/wp\/v2\/product"}],"about":[{"href":"https:\/\/habibimb.com\/en\/wp-json\/wp\/v2\/types\/product"}],"replies":[{"embeddable":true,"href":"https:\/\/habibimb.com\/en\/wp-json\/wp\/v2\/comments?post=1790"}],"wp:featuredmedia":[{"embeddable":true,"href":"https:\/\/habibimb.com\/en\/wp-json\/wp\/v2\/media\/1987"}],"wp:attachment":[{"href":"https:\/\/habibimb.com\/en\/wp-json\/wp\/v2\/media?parent=1790"}],"wp:term":[{"taxonomy":"product_brand","embeddable":true,"href":"https:\/\/habibimb.com\/en\/wp-json\/wp\/v2\/product_brand?post=1790"},{"taxonomy":"product_cat","embeddable":true,"href":"https:\/\/habibimb.com\/en\/wp-json\/wp\/v2\/product_cat?post=1790"},{"taxonomy":"product_tag","embeddable":true,"href":"https:\/\/habibimb.com\/en\/wp-json\/wp\/v2\/product_tag?post=1790"}],"curies":[{"name":"wp","href":"https:\/\/api.w.org\/{rel}","templated":true}]}}