{"id":1786,"date":"2025-04-26T14:22:25","date_gmt":"2025-04-26T14:22:25","guid":{"rendered":"https:\/\/habibimb.com\/?post_type=product&#038;p=1786"},"modified":"2025-09-19T12:03:46","modified_gmt":"2025-09-19T12:03:46","slug":"apa-de-parfum-evidence-fragrance-world-femei-50ml","status":"publish","type":"product","link":"https:\/\/habibimb.com\/en\/product\/apa-de-parfum-evidence-fragrance-world-femei-50ml\/","title":{"rendered":"Evidence, Fragrance World, &#8211;"},"content":{"rendered":"<h2>Descoper\u0103 Evidence<\/h2>\n<p>Apa de Parfum Evidence surprinde esen\u0163a feminit\u0103\u0163ii moderne cu un caracter gourmand u\u0219or condimentat, \u00eenv\u0103luit \u00eentr-o aur\u0103 lemnoas\u0103 misterioas\u0103. Creat pentru femeia care \u00ee\u0219i dore\u0219te un parfum memorabil \u0219i plin de personalitate, Evidence te va captiva de la prima pulverizare.<\/p>\n<h2>Notele de v\u00e2rf \u2013 \u00cenceput gourmand<\/h2>\n<p>Evidence se deschide cu accente dulci \u0219i apetisante de caramel s\u0103rat \u0219i vanilie de Madagascar, echilibrate de un strop subtil de piper roz, care adaug\u0103 o alur\u0103 modern\u0103 \u0219i energic\u0103.<\/p>\n<h2>Inima floral\u0103-lemnoas\u0103 \u2013 Complexitate \u0219i profunzime<\/h2>\n<p>\u00cen inima parfumului se \u00eempletesc acordurile calde de trandafir damasc \u0219i iris pudrat cu notele lemnoase de cedru \u0219i vetiver, cre\u00e2nd un buchet aromatic sofisticat \u0219i rezistent.<\/p>\n<h2>Baza senzual\u0103 \u2013 Persisten\u021b\u0103 \u0219i mister<\/h2>\n<p>\u00cen note de final, acordurile de mosc alb \u0219i boabe de tonka amplific\u0103 profunzimea, iar un strop de patchouli intensific\u0103 caracterul misterios, l\u0103s\u00e2nd \u00een urm\u0103 o semn\u0103tur\u0103 olfactiv\u0103 de neuitat.<\/p>\n<h2>Pentru ocazii speciale \u0219i seri elegante<\/h2>\n<p>Evidence este companionul perfect pentru evenimente rafinate, \u00eent\u00e2lniri romantice sau seri \u00een ora\u0219. Las\u0103-te \u00eenv\u0103luit\u0103 de profunzimea \u0219i farmecul s\u0103u conspirativ \u0219i f\u0103-\u021bi prezen\u021ba cu adev\u0103rat remarcabil\u0103.<\/p>","protected":false},"excerpt":{"rendered":"<p>Evidence de la Fragrance World este un parfum feminin sofisticat \u0219i misterios, care combin\u0103 note gurmande \u0219i lemnoase pentru o senza\u021bie de profunzime \u0219i elegan\u021b\u0103 ce persist\u0103 pe tot parcursul zilei.<\/p>","protected":false},"featured_media":1993,"comment_status":"open","ping_status":"closed","template":"","meta":{"om_disable_all_campaigns":false,"_monsterinsights_skip_tracking":false,"_monsterinsights_sitenote_active":false,"_monsterinsights_sitenote_note":"","_monsterinsights_sitenote_category":0},"product_brand":[61],"product_cat":[62],"product_tag":[],"class_list":{"0":"post-1786","1":"product","2":"type-product","3":"status-publish","4":"has-post-thumbnail","6":"product_brand-fragance-world","7":"product_cat-parfumuri-sub-45ron","9":"first","10":"instock","11":"shipping-taxable","12":"purchasable","13":"product-type-simple"},"aioseo_notices":[],"ct_brands":[{"id":61,"name":"Fragrance World","slug":"fragance-world"}],"_links":{"self":[{"href":"https:\/\/habibimb.com\/en\/wp-json\/wp\/v2\/product\/1786","targetHints":{"allow":["GET"]}}],"collection":[{"href":"https:\/\/habibimb.com\/en\/wp-json\/wp\/v2\/product"}],"about":[{"href":"https:\/\/habibimb.com\/en\/wp-json\/wp\/v2\/types\/product"}],"replies":[{"embeddable":true,"href":"https:\/\/habibimb.com\/en\/wp-json\/wp\/v2\/comments?post=1786"}],"wp:featuredmedia":[{"embeddable":true,"href":"https:\/\/habibimb.com\/en\/wp-json\/wp\/v2\/media\/1993"}],"wp:attachment":[{"href":"https:\/\/habibimb.com\/en\/wp-json\/wp\/v2\/media?parent=1786"}],"wp:term":[{"taxonomy":"product_brand","embeddable":true,"href":"https:\/\/habibimb.com\/en\/wp-json\/wp\/v2\/product_brand?post=1786"},{"taxonomy":"product_cat","embeddable":true,"href":"https:\/\/habibimb.com\/en\/wp-json\/wp\/v2\/product_cat?post=1786"},{"taxonomy":"product_tag","embeddable":true,"href":"https:\/\/habibimb.com\/en\/wp-json\/wp\/v2\/product_tag?post=1786"}],"curies":[{"name":"wp","href":"https:\/\/api.w.org\/{rel}","templated":true}]}}