{"id":1784,"date":"2025-04-26T14:21:08","date_gmt":"2025-04-26T14:21:08","guid":{"rendered":"https:\/\/habibimb.com\/?post_type=product&#038;p=1784"},"modified":"2025-10-04T05:33:01","modified_gmt":"2025-10-04T05:33:01","slug":"apa-de-parfum-classy-chic-girl-fragrance-world-femei-50ml","status":"publish","type":"product","link":"https:\/\/habibimb.com\/en\/product\/apa-de-parfum-classy-chic-girl-fragrance-world-femei-50ml\/","title":{"rendered":"Classy Chic Girl, Fragrance World"},"content":{"rendered":"<h2>Descoper\u0103 Classy Chic Girl<\/h2>\n<p>Apa de Parfum Classy Chic Girl celebreaz\u0103 elegan\u021ba \u0219i spiritul \u00eendr\u0103zne\u021b al femeii contemporane. Aceast\u0103 crea\u021bie olfactiv\u0103 \u00eembin\u0103 armonios gard\u0103 floral\u0103 \u0219i c\u0103ldur\u0103 lemnoas\u0103, pentru un efect sofisticat \u0219i memorabil.<\/p>\n<h2>Notele de v\u00e2rf \u2013 \u00cenceput vibrant<\/h2>\n<p>Parfumul debuteaz\u0103 cu acorduri str\u0103lucitoare de bergamot\u0103 sicilian\u0103 \u0219i un strop de piper roz, care adaug\u0103 prospe\u021bime \u0219i un twist modern, capt\u00e2nd imediat aten\u021bia.<\/p>\n<h2>Inima floral\u0103 \u2013 Feminitate clasic\u0103<\/h2>\n<p>\u00cen miezul Classy Chic Girl se reg\u0103sesc note delicate de trandafir damasc, bujor \u0219i iasomie, care contureaz\u0103 un buchet floral rotund \u0219i catifelat, evoc\u00e2nd gra\u021bia \u0219i rafinamentul.<\/p>\n<h2>Baza senzual\u0103 \u2013 Persisten\u021b\u0103 \u0219i profunzime<\/h2>\n<p>Notele de final se \u00eentrep\u0103trund armonios \u00een lemn de santal cremos \u0219i mosc alb, completate de o u\u0219oar\u0103 atingere de vanilie \u0219i ambra, pentru o prospe\u021bime cald\u0103 \u0219i o persisten\u021b\u0103 de durat\u0103.<\/p>\n<h2>Pentru ocazii elegante \u0219i momente de zi cu zi<\/h2>\n<p>Classy Chic Girl este versatil \u0219i se potrive\u0219te at\u00e2t unei zile pline la birou, c\u00e2t \u0219i unei seri elegante. Las\u0103-te purtat\u0103 de farmecul s\u0103u sofisticat \u0219i f\u0103-\u021bi apari\u021bia memorabil\u0103 oriunde vei merge.<\/p>","protected":false},"excerpt":{"rendered":"<p>Inspirat din Good Girl Carolina Herrera<\/p>","protected":false},"featured_media":1991,"comment_status":"open","ping_status":"closed","template":"","meta":{"om_disable_all_campaigns":false,"_monsterinsights_skip_tracking":false,"_monsterinsights_sitenote_active":false,"_monsterinsights_sitenote_note":"","_monsterinsights_sitenote_category":0},"product_brand":[61],"product_cat":[62],"product_tag":[],"class_list":{"0":"post-1784","1":"product","2":"type-product","3":"status-publish","4":"has-post-thumbnail","6":"product_brand-fragance-world","7":"product_cat-parfumuri-sub-45ron","9":"first","10":"outofstock","11":"shipping-taxable","12":"purchasable","13":"product-type-simple"},"aioseo_notices":[],"ct_brands":[{"id":61,"name":"Fragrance World","slug":"fragance-world"}],"_links":{"self":[{"href":"https:\/\/habibimb.com\/en\/wp-json\/wp\/v2\/product\/1784","targetHints":{"allow":["GET"]}}],"collection":[{"href":"https:\/\/habibimb.com\/en\/wp-json\/wp\/v2\/product"}],"about":[{"href":"https:\/\/habibimb.com\/en\/wp-json\/wp\/v2\/types\/product"}],"replies":[{"embeddable":true,"href":"https:\/\/habibimb.com\/en\/wp-json\/wp\/v2\/comments?post=1784"}],"wp:featuredmedia":[{"embeddable":true,"href":"https:\/\/habibimb.com\/en\/wp-json\/wp\/v2\/media\/1991"}],"wp:attachment":[{"href":"https:\/\/habibimb.com\/en\/wp-json\/wp\/v2\/media?parent=1784"}],"wp:term":[{"taxonomy":"product_brand","embeddable":true,"href":"https:\/\/habibimb.com\/en\/wp-json\/wp\/v2\/product_brand?post=1784"},{"taxonomy":"product_cat","embeddable":true,"href":"https:\/\/habibimb.com\/en\/wp-json\/wp\/v2\/product_cat?post=1784"},{"taxonomy":"product_tag","embeddable":true,"href":"https:\/\/habibimb.com\/en\/wp-json\/wp\/v2\/product_tag?post=1784"}],"curies":[{"name":"wp","href":"https:\/\/api.w.org\/{rel}","templated":true}]}}