{"id":1782,"date":"2025-04-26T14:19:21","date_gmt":"2025-04-26T14:19:21","guid":{"rendered":"https:\/\/habibimb.com\/?post_type=product&#038;p=1782"},"modified":"2025-10-04T05:30:09","modified_gmt":"2025-10-04T05:30:09","slug":"apa-de-parfum-versus-bright-crystal-fragrance-world-femei-50ml","status":"publish","type":"product","link":"https:\/\/habibimb.com\/en\/product\/apa-de-parfum-versus-bright-crystal-fragrance-world-femei-50ml\/","title":{"rendered":"Versus Bright Crystal, Fragrance World &#8211;"},"content":{"rendered":"<h2>Descoper\u0103 Versus Bright Crystal<\/h2>\n<p>Apa de Parfum Versus Bright Crystal aduce la via\u021b\u0103 elegan\u021ba modern\u0103 \u0219i feminitatea str\u0103lucitoare. Creat pentru femeia care \u00ee\u0219i dore\u0219te un parfum proasp\u0103t, dar totodat\u0103 rafinat, acest Eau de Parfum ofer\u0103 un echilibru perfect \u00eentre note juc\u0103u\u0219e \u0219i acorduri sofisticate.<\/p>\n<h2>Notele de v\u00e2rf \u2013 Prospe\u021bime revigorant\u0103<\/h2>\n<p>Prima impresie este dat\u0103 de un buchet zemos de yuzu japonez \u0219i rodie suculent\u0103, completat de buche\u021bele verzi de piersic\u0103, care deschid experien\u021ba olfactiv\u0103 cu energie \u0219i luminozitate.<\/p>\n<h2>Inima floral\u0103 \u2013 Feminitate pur\u0103<\/h2>\n<p>\u00cen miezul parfumului se reg\u0103sesc note delicate de bujor alb \u0219i ap\u0103 de iri\u015f, \u00eenso\u021bite de magnolie, care confer\u0103 un caracter diafan \u0219i romantic, evoc\u00e2nd prospe\u021bimea florilor \u00een plin\u0103 floare.<\/p>\n<h2>Baza senzual\u0103 \u2013 Profunzime subtil\u0103<\/h2>\n<p>Notele de final se \u00eenc\u0103lzesc u\u0219or cu mosc alb \u0219i lemn de mahon, ad\u0103ug\u00e2nd o profunzime subtil\u0103 \u0219i o rezisten\u021b\u0103 \u00eendelungat\u0103 pe piele, f\u0103r\u0103 a-i pierde \u00eens\u0103 prospe\u021bimea caracteristic\u0103.<\/p>\n<h2>Pentru orice moment al zilei<\/h2>\n<p>Versus Bright Crystal este perfect at\u00e2t pentru o zi la birou sau \u00eent\u00e2lniri de zi, c\u00e2t \u0219i pentru seri relaxate \u00een ora\u0219. Se muleaz\u0103 pe personalitate \u0219i lumineaz\u0103 fiecare apari\u021bie cu farmecul s\u0103u transparent \u0219i rafinat.<\/p>","protected":false},"excerpt":{"rendered":"<p>Inspirat din Versace Bright Crystal<\/p>","protected":false},"featured_media":1989,"comment_status":"open","ping_status":"closed","template":"","meta":{"om_disable_all_campaigns":false,"_monsterinsights_skip_tracking":false,"_monsterinsights_sitenote_active":false,"_monsterinsights_sitenote_note":"","_monsterinsights_sitenote_category":0},"product_brand":[61],"product_cat":[62],"product_tag":[],"class_list":{"0":"post-1782","1":"product","2":"type-product","3":"status-publish","4":"has-post-thumbnail","6":"product_brand-fragance-world","7":"product_cat-parfumuri-sub-45ron","9":"first","10":"outofstock","11":"shipping-taxable","12":"purchasable","13":"product-type-simple"},"aioseo_notices":[],"ct_brands":[{"id":61,"name":"Fragrance World","slug":"fragance-world"}],"_links":{"self":[{"href":"https:\/\/habibimb.com\/en\/wp-json\/wp\/v2\/product\/1782","targetHints":{"allow":["GET"]}}],"collection":[{"href":"https:\/\/habibimb.com\/en\/wp-json\/wp\/v2\/product"}],"about":[{"href":"https:\/\/habibimb.com\/en\/wp-json\/wp\/v2\/types\/product"}],"replies":[{"embeddable":true,"href":"https:\/\/habibimb.com\/en\/wp-json\/wp\/v2\/comments?post=1782"}],"wp:featuredmedia":[{"embeddable":true,"href":"https:\/\/habibimb.com\/en\/wp-json\/wp\/v2\/media\/1989"}],"wp:attachment":[{"href":"https:\/\/habibimb.com\/en\/wp-json\/wp\/v2\/media?parent=1782"}],"wp:term":[{"taxonomy":"product_brand","embeddable":true,"href":"https:\/\/habibimb.com\/en\/wp-json\/wp\/v2\/product_brand?post=1782"},{"taxonomy":"product_cat","embeddable":true,"href":"https:\/\/habibimb.com\/en\/wp-json\/wp\/v2\/product_cat?post=1782"},{"taxonomy":"product_tag","embeddable":true,"href":"https:\/\/habibimb.com\/en\/wp-json\/wp\/v2\/product_tag?post=1782"}],"curies":[{"name":"wp","href":"https:\/\/api.w.org\/{rel}","templated":true}]}}