{"id":1769,"date":"2025-04-25T19:53:39","date_gmt":"2025-04-25T19:53:39","guid":{"rendered":"https:\/\/habibimb.com\/?post_type=product&#038;p=1769"},"modified":"2025-05-15T07:31:33","modified_gmt":"2025-05-15T07:31:33","slug":"apa-de-parfum-elysian-asten-barbati-100ml","status":"publish","type":"product","link":"https:\/\/habibimb.com\/en\/product\/apa-de-parfum-elysian-asten-barbati-100ml\/","title":{"rendered":"Elysian, Asten"},"content":{"rendered":"<h2>Esen\u021ba Elizian\u0103: Mirosul distinc\u021biei<\/h2>\n<p>Descoperi\u021bi aroma captivant\u0103 a Apa de Parfum Elysian de la Asten, special conceput\u0103 pentru gentlemanul modern. Acest parfum de 100 ml este conceput pentru a evoca rafinament \u0219i farmec, f\u0103c\u00e2ndu-l completarea perfect\u0103 pentru colec\u021bia ta personal\u0103 sau un cadou rafinat pentru o persoan\u0103 drag\u0103. Cu amestecul s\u0103u armonios de note, Elysian ofer\u0103 o experien\u021b\u0103 at\u00e2t revigorant\u0103, c\u00e2t \u0219i atemporal\u0103.<\/p>\n<h2>Un parfum adaptat pentru fiecare ocazie<\/h2>\n<p>Compozi\u021bia unic\u0103 a Apa de Parfum Elysian asigur\u0103 trecerea f\u0103r\u0103 probleme de la zi la noapte. Explozia ini\u021bial\u0103 de citrice aduce o vigoare r\u0103coritoare, \u00een timp ce inima dezv\u0103luie nuan\u021be florale delicate, cre\u00e2nd un profil bine echilibrat, care iese \u00een eviden\u021b\u0103 f\u0103r\u0103 a cople\u0219i. Perfect pentru o ie\u0219ire casual sau un eveniment formal, acest parfum \u00ee\u021bi spore\u0219te prezen\u021ba \u0219i \u00ee\u021bi spore\u0219te \u00eencrederea.<\/p>\n<h2>De ce s\u0103 alegi Elysian?<\/h2>\n<p>Cu un amestec care \u00eencapsuleaz\u0103 at\u00e2t puterea, c\u00e2t \u0219i elegan\u021ba, Elysian nu este doar un parfum; este o declara\u021bie. Formula de lung\u0103 durat\u0103 v\u0103 asigur\u0103 c\u0103 r\u0103m\u00e2ne\u021bi \u00eenv\u0103luit \u00een \u00eembr\u0103\u021bi\u0219area ei pe tot parcursul zilei, fie la birou, fie \u00een timpul angajamentelor de sear\u0103. Fiecare spray v\u0103 aduce cu un pas mai aproape de a experimenta rafinamentul care vine odat\u0103 cu a fi un b\u0103rbat Asten. Alege\u021bi Apa de Parfum Elysian \u0219i l\u0103sa\u021bi parfumul s\u0103 spun\u0103 multe despre cine sunte\u021bi.<\/p>","protected":false},"excerpt":{"rendered":"<ul>\n<li class=\"\" data-start=\"193\" data-end=\"250\">\n<p class=\"\" data-start=\"195\" data-end=\"250\"><strong data-start=\"195\" data-end=\"211\">Note de v\u00e2rf<\/strong>: <span class=\"relative -mx-px my-[-0.2rem] rounded px-px py-[0.2rem] transition-colors duration-100 ease-in-out\">Citrice proaspete<\/span><\/p>\n<\/li>\n<li class=\"\" data-start=\"251\" data-end=\"310\">\n<p class=\"\" data-start=\"253\" data-end=\"310\"><strong data-start=\"253\" data-end=\"271\">Note de mijloc<\/strong>: <span class=\"relative -mx-px my-[-0.2rem] rounded px-px py-[0.2rem] transition-colors duration-100 ease-in-out\">Lavand\u0103, rozmarin<\/span><\/p>\n<\/li>\n<li class=\"\" data-start=\"311\" data-end=\"412\">\n<p class=\"\" data-start=\"313\" data-end=\"412\"><strong data-start=\"313\" data-end=\"329\">Note de baz\u0103<\/strong>: <span class=\"relative -mx-px my-[-0.2rem] rounded px-px py-[0.2rem] transition-colors duration-100 ease-in-out\">Piele, mosc<\/span><\/p>\n<\/li>\n<\/ul>","protected":false},"featured_media":1770,"comment_status":"open","ping_status":"closed","template":"","meta":{"om_disable_all_campaigns":false,"_monsterinsights_skip_tracking":false,"_monsterinsights_sitenote_active":false,"_monsterinsights_sitenote_note":"","_monsterinsights_sitenote_category":0},"product_brand":[80],"product_cat":[55],"product_tag":[],"class_list":{"0":"post-1769","1":"product","2":"type-product","3":"status-publish","4":"has-post-thumbnail","6":"product_brand-asten","7":"product_cat-pentru-el","9":"first","10":"instock","11":"shipping-taxable","12":"purchasable","13":"product-type-simple"},"aioseo_notices":[],"ct_brands":[{"id":80,"name":"Asten","slug":"asten"}],"_links":{"self":[{"href":"https:\/\/habibimb.com\/en\/wp-json\/wp\/v2\/product\/1769","targetHints":{"allow":["GET"]}}],"collection":[{"href":"https:\/\/habibimb.com\/en\/wp-json\/wp\/v2\/product"}],"about":[{"href":"https:\/\/habibimb.com\/en\/wp-json\/wp\/v2\/types\/product"}],"replies":[{"embeddable":true,"href":"https:\/\/habibimb.com\/en\/wp-json\/wp\/v2\/comments?post=1769"}],"wp:featuredmedia":[{"embeddable":true,"href":"https:\/\/habibimb.com\/en\/wp-json\/wp\/v2\/media\/1770"}],"wp:attachment":[{"href":"https:\/\/habibimb.com\/en\/wp-json\/wp\/v2\/media?parent=1769"}],"wp:term":[{"taxonomy":"product_brand","embeddable":true,"href":"https:\/\/habibimb.com\/en\/wp-json\/wp\/v2\/product_brand?post=1769"},{"taxonomy":"product_cat","embeddable":true,"href":"https:\/\/habibimb.com\/en\/wp-json\/wp\/v2\/product_cat?post=1769"},{"taxonomy":"product_tag","embeddable":true,"href":"https:\/\/habibimb.com\/en\/wp-json\/wp\/v2\/product_tag?post=1769"}],"curies":[{"name":"wp","href":"https:\/\/api.w.org\/{rel}","templated":true}]}}