{"id":1767,"date":"2025-04-25T19:35:03","date_gmt":"2025-04-25T19:35:03","guid":{"rendered":"https:\/\/habibimb.com\/?post_type=product&#038;p=1767"},"modified":"2025-05-15T07:31:33","modified_gmt":"2025-05-15T07:31:33","slug":"apa-de-parfum-silver-summit-asten-barbati-100ml","status":"publish","type":"product","link":"https:\/\/habibimb.com\/en\/product\/apa-de-parfum-silver-summit-asten-barbati-100ml\/","title":{"rendered":"Silver Summit, Asten"},"content":{"rendered":"<h2>Dezl\u0103n\u021buie-\u021bi \u00eencrederea interioar\u0103<\/h2>\n<p>V\u0103 prezent\u0103m Apa de Parfum Silver Summit, un parfum premium special creat pentru b\u0103rba\u021bii care caut\u0103 rafinament \u0219i farmec. Cu fiecare spray, acest parfum \u00eenc\u00e2nt\u0103tor te \u00eenv\u0103luie \u00eentr-o arom\u0103 captivant\u0103 care \u00ee\u021bi \u00eembun\u0103t\u0103\u021be\u0219te prezen\u021ba general\u0103, f\u0103c\u00e2ndu-l alegerea ideal\u0103 pentru orice ocazie &#8211; fie c\u0103 este vorba de un eveniment formal, o ie\u0219ire casual sau o sear\u0103 romantic\u0103.<\/p>\n<h2>M\u0103iestrie \u0219i calitate excep\u021bionale<\/h2>\n<p>Silver Summit by Asten este o dovad\u0103 a calit\u0103\u021bii \u0219i a m\u0103iestriei. G\u0103zduit \u00eentr-o sticl\u0103 elegant\u0103 de 100 ml, acest parfum nu numai c\u0103 arat\u0103 rafinat pe dulapul t\u0103u, dar ofer\u0103 \u0219i o longevitate impresionant\u0103 care te men\u021bine mirosul proasp\u0103t pe tot parcursul zilei. Notele amestecate cu expertiz\u0103 creeaz\u0103 un profil de parfum bine rotunjit, asigur\u00e2ndu-v\u0103 c\u0103 ie\u0219i\u021bi \u00een eviden\u021b\u0103, r\u0103m\u00e2n\u00e2nd \u00een acela\u0219i timp subtil atr\u0103g\u0103tor.<\/p>\n<h2>Note care captiveaz\u0103<\/h2>\n<p>Parfumul se deschide cu o explozie r\u0103coritoare de citrice, cre\u00e2nd o prim\u0103 impresie \u00eembietoare. Pe m\u0103sur\u0103 ce se usuc\u0103, inima se dezv\u0103luie prin flori parfumate, amestec\u00e2ndu-se cu tonuri p\u0103m\u00e2ntii care evoc\u0103 un sentiment de profunzime \u0219i mister. \u00cen cele din urm\u0103, notele de baz\u0103 aduc c\u0103ldur\u0103 \u0219i bog\u0103\u021bie, ancor\u00e2nd parfumul \u00eentr-un mod care rezoneaz\u0103. Fie c\u0103 preferi un spritz u\u0219or \u00een timpul zilei sau o aplicare generoas\u0103 pentru un eveniment de sear\u0103, Apa de Parfum Silver Summit este conceput pentru a se adapta frumos stilului t\u0103u unic.<\/p>\n<p>Pune\u021bi-v\u0103 amprenta cu un parfum care \u00eentruchipeaz\u0103 elegan\u021ba \u0219i \u00eencrederea. \u00cembun\u0103t\u0103\u021be\u0219te-\u021bi jocul de parfumuri \u0219i las\u0103 o impresie de durat\u0103 cu Apa de Parfum Silver Summit, Asten, Barbati-100ml. Acesta este mai mult dec\u00e2t un parfum; este o declara\u021bie despre cine e\u0219ti.<\/p>","protected":false},"excerpt":{"rendered":"<p>Inspirat din Creed Silver Mountain\u00a0Water<\/p>\n<p>&nbsp;<\/p>\n<ul>\n<li class=\"\" data-start=\"193\" data-end=\"250\">\n<p class=\"\" data-start=\"195\" data-end=\"250\"><strong data-start=\"195\" data-end=\"211\">Note de v\u00e2rf<\/strong>: <span class=\"relative -mx-px my-[-0.2rem] rounded px-px py-[0.2rem] transition-colors duration-100 ease-in-out\">bergamot\u0103, mandarin\u0103<\/span><\/p>\n<\/li>\n<li class=\"\" data-start=\"251\" data-end=\"310\">\n<p class=\"\" data-start=\"253\" data-end=\"310\"><strong data-start=\"253\" data-end=\"271\">Note de mijloc<\/strong>: <span class=\"relative -mx-px my-[-0.2rem] rounded px-px py-[0.2rem] transition-colors duration-100 ease-in-out\">coac\u0103ze negre, ceai verde<\/span><\/p>\n<\/li>\n<li class=\"\" data-start=\"311\" data-end=\"412\">\n<p class=\"\" data-start=\"313\" data-end=\"412\"><strong data-start=\"313\" data-end=\"329\">Note de baz\u0103<\/strong>: <span class=\"relative -mx-px my-[-0.2rem] rounded px-px py-[0.2rem] transition-colors duration-100 ease-in-out\">galbanum, petitgrain (ulei de portocal\u0103 amar\u0103), mosc, lemn de santal<\/span>\u200b<\/p>\n<\/li>\n<\/ul>","protected":false},"featured_media":1768,"comment_status":"open","ping_status":"closed","template":"","meta":{"om_disable_all_campaigns":false,"_monsterinsights_skip_tracking":false,"_monsterinsights_sitenote_active":false,"_monsterinsights_sitenote_note":"","_monsterinsights_sitenote_category":0},"product_brand":[80],"product_cat":[55],"product_tag":[],"class_list":{"0":"post-1767","1":"product","2":"type-product","3":"status-publish","4":"has-post-thumbnail","6":"product_brand-asten","7":"product_cat-pentru-el","9":"first","10":"instock","11":"shipping-taxable","12":"purchasable","13":"product-type-simple"},"aioseo_notices":[],"ct_brands":[{"id":80,"name":"Asten","slug":"asten"}],"_links":{"self":[{"href":"https:\/\/habibimb.com\/en\/wp-json\/wp\/v2\/product\/1767","targetHints":{"allow":["GET"]}}],"collection":[{"href":"https:\/\/habibimb.com\/en\/wp-json\/wp\/v2\/product"}],"about":[{"href":"https:\/\/habibimb.com\/en\/wp-json\/wp\/v2\/types\/product"}],"replies":[{"embeddable":true,"href":"https:\/\/habibimb.com\/en\/wp-json\/wp\/v2\/comments?post=1767"}],"wp:featuredmedia":[{"embeddable":true,"href":"https:\/\/habibimb.com\/en\/wp-json\/wp\/v2\/media\/1768"}],"wp:attachment":[{"href":"https:\/\/habibimb.com\/en\/wp-json\/wp\/v2\/media?parent=1767"}],"wp:term":[{"taxonomy":"product_brand","embeddable":true,"href":"https:\/\/habibimb.com\/en\/wp-json\/wp\/v2\/product_brand?post=1767"},{"taxonomy":"product_cat","embeddable":true,"href":"https:\/\/habibimb.com\/en\/wp-json\/wp\/v2\/product_cat?post=1767"},{"taxonomy":"product_tag","embeddable":true,"href":"https:\/\/habibimb.com\/en\/wp-json\/wp\/v2\/product_tag?post=1767"}],"curies":[{"name":"wp","href":"https:\/\/api.w.org\/{rel}","templated":true}]}}