{"id":1765,"date":"2025-04-25T19:26:37","date_gmt":"2025-04-25T19:26:37","guid":{"rendered":"https:\/\/habibimb.com\/?post_type=product&#038;p=1765"},"modified":"2025-10-02T11:49:30","modified_gmt":"2025-10-02T11:49:30","slug":"apa-de-parfum-irish-lavender-by-anfar-london-femei-100ml","status":"publish","type":"product","link":"https:\/\/habibimb.com\/en\/product\/apa-de-parfum-irish-lavender-by-anfar-london-femei-100ml\/","title":{"rendered":"Irish Lavender, By Anfar London"},"content":{"rendered":"<h2>Dezv\u0103lui\u021bi esen\u021ba elegan\u021bei<\/h2>\n<p>Experimenta\u021bi alura captivant\u0103 a Apa de Parfum Irish Lavender, un parfum magistral de la Anfar London, special conceput pentru femei. \u00cenvelit \u00eentr-o sticl\u0103 luxoas\u0103 de 100 ml, acest parfum v\u0103 invit\u0103 s\u0103 v\u0103 r\u0103sf\u0103\u021ba\u021bi cu un amestec senin de note aromatice care \u00eentruchipeaz\u0103 rafinamentul \u0219i lini\u0219tea. Cu fiecare pulverizare, e\u0219ti \u00eenv\u0103luit \u00eentr-un parfum lini\u0219titor, dar revigorant, care celebreaz\u0103 frumuse\u021bea naturii.<\/p>\n<h2>Compozi\u021bia unic\u0103<\/h2>\n<p>Lavanda irlandez\u0103 este mai mult dec\u00e2t un parfum; este o c\u0103l\u0103torie olfactiv\u0103. Notele de v\u00e2rf de lavand\u0103 proasp\u0103t\u0103 te transport\u0103 instantaneu pe c\u00e2mpuri verzi luxuriante, \u00een timp ce note de plante \u0219i accente florale creeaz\u0103 un fundal armonios. Pe m\u0103sur\u0103 ce parfumul evolueaz\u0103, se desf\u0103\u0219oar\u0103 note de inim\u0103 delicat\u0103 de iasomie \u0219i mu\u0219cat\u0103, ad\u0103ug\u00e2nd straturi de bog\u0103\u021bie \u0219i profunzime. \u00cen cele din urm\u0103, o baz\u0103 p\u0103m\u00e2nteasc\u0103 din lemn de cedru \u0219i paciuli confer\u0103 c\u0103ldur\u0103, f\u0103c\u00e2nd din acest parfum o adev\u0103rat\u0103 reprezentare a unui parfum atemporal.<\/p>\n<h2>De ce s\u0103 alegi Apa de Parfum Irish Lavender<\/h2>\n<p>Acest parfum rafinat nu miroase doar frumos; de asemenea, \u00eenal\u021b\u0103 spiritul. Perfect\u0103 pentru orice ocazie, indiferent dac\u0103 participi la un eveniment formal sau te bucuri de o zi informal\u0103, lavanda irlandez\u0103 se adapteaz\u0103 perfect la starea ta de spirit \u0219i la cadrul. Cu formula sa de lung\u0103 durat\u0103, c\u00e2teva dab-uri te vor ajuta pe tot parcursul zilei, l\u0103s\u00e2nd o urm\u0103 bl\u00e2nd\u0103 de elegan\u021b\u0103 care persist\u0103 \u00een aerul din jurul t\u0103u.<\/p>\n<p>Alegerea acestui parfum \u00eenseamn\u0103 alegerea unei piese artistice realizate cu precizie \u0219i pasiune de Anfar London. \u00cembun\u0103t\u0103\u021be\u0219te-\u021bi colec\u021bia de parfumuri \u0219i f\u0103 o declara\u021bie cu Apa de Parfum Irish Lavender &#8211; unde rafinamentul \u00eent\u00e2lne\u0219te simplitatea. Descoper\u0103 un parfum care nu numai c\u0103 \u00ee\u021bi completeaz\u0103 stilul, ci \u0219i \u00ee\u021bi \u00eembog\u0103\u021be\u0219te esen\u021ba.<\/p>","protected":false},"excerpt":{"rendered":"<ul>\n<li class=\"\" data-start=\"193\" data-end=\"250\">\n<p class=\"\" data-start=\"195\" data-end=\"250\"><strong data-start=\"195\" data-end=\"211\">Note de v\u00e2rf<\/strong>: <span class=\"relative -mx-px my-[-0.2rem] rounded px-px py-[0.2rem] transition-colors duration-100 ease-in-out\">lavand\u0103, flori albe, iasomie, flori ro\u0219ii<\/span><\/p>\n<\/li>\n<li class=\"\" data-start=\"251\" data-end=\"310\">\n<p class=\"\" data-start=\"253\" data-end=\"310\"><strong data-start=\"253\" data-end=\"271\">Note de mijloc<\/strong>: <span class=\"relative -mx-px my-[-0.2rem] rounded px-px py-[0.2rem] transition-colors duration-100 ease-in-out\">lavand\u0103<\/span><\/p>\n<\/li>\n<li class=\"\" data-start=\"311\" data-end=\"412\">\n<p class=\"\" data-start=\"313\" data-end=\"412\"><strong data-start=\"313\" data-end=\"329\">Note de baz\u0103<\/strong>: <span class=\"relative -mx-px my-[-0.2rem] rounded px-px py-[0.2rem] transition-colors duration-100 ease-in-out\">note pudrate, note fructate<\/span>\u200b<\/p>\n<\/li>\n<\/ul>","protected":false},"featured_media":1766,"comment_status":"open","ping_status":"closed","template":"","meta":{"om_disable_all_campaigns":false,"_monsterinsights_skip_tracking":false,"_monsterinsights_sitenote_active":false,"_monsterinsights_sitenote_note":"","_monsterinsights_sitenote_category":0},"product_brand":[79],"product_cat":[56],"product_tag":[],"class_list":{"0":"post-1765","1":"product","2":"type-product","3":"status-publish","4":"has-post-thumbnail","6":"product_brand-by-anfar-london","7":"product_cat-pentru-ea","9":"first","10":"instock","11":"shipping-taxable","12":"purchasable","13":"product-type-simple"},"aioseo_notices":[],"ct_brands":[{"id":79,"name":"By Anfar London","slug":"by-anfar-london"}],"_links":{"self":[{"href":"https:\/\/habibimb.com\/en\/wp-json\/wp\/v2\/product\/1765","targetHints":{"allow":["GET"]}}],"collection":[{"href":"https:\/\/habibimb.com\/en\/wp-json\/wp\/v2\/product"}],"about":[{"href":"https:\/\/habibimb.com\/en\/wp-json\/wp\/v2\/types\/product"}],"replies":[{"embeddable":true,"href":"https:\/\/habibimb.com\/en\/wp-json\/wp\/v2\/comments?post=1765"}],"wp:featuredmedia":[{"embeddable":true,"href":"https:\/\/habibimb.com\/en\/wp-json\/wp\/v2\/media\/1766"}],"wp:attachment":[{"href":"https:\/\/habibimb.com\/en\/wp-json\/wp\/v2\/media?parent=1765"}],"wp:term":[{"taxonomy":"product_brand","embeddable":true,"href":"https:\/\/habibimb.com\/en\/wp-json\/wp\/v2\/product_brand?post=1765"},{"taxonomy":"product_cat","embeddable":true,"href":"https:\/\/habibimb.com\/en\/wp-json\/wp\/v2\/product_cat?post=1765"},{"taxonomy":"product_tag","embeddable":true,"href":"https:\/\/habibimb.com\/en\/wp-json\/wp\/v2\/product_tag?post=1765"}],"curies":[{"name":"wp","href":"https:\/\/api.w.org\/{rel}","templated":true}]}}