{"id":1763,"date":"2025-04-25T19:21:03","date_gmt":"2025-04-25T19:21:03","guid":{"rendered":"https:\/\/habibimb.com\/?post_type=product&#038;p=1763"},"modified":"2025-10-02T11:51:03","modified_gmt":"2025-10-02T11:51:03","slug":"apa-de-parfum-blue-meridian-by-anfar-london-femei-100ml","status":"publish","type":"product","link":"https:\/\/habibimb.com\/en\/product\/apa-de-parfum-blue-meridian-by-anfar-london-femei-100ml\/","title":{"rendered":"Blue Meridian, By Anfar London"},"content":{"rendered":"<h2>Dezv\u0103lui\u021bi esen\u021ba meridianului albastru<\/h2>\n<p>P\u0103\u0219e\u0219te \u00eentr-o lume a rafinamentului \u0219i prospe\u021bimii cu <strong>Apa de Parfum Blue Meridian<\/strong> de Anfar London. Acest parfum rafinat este conceput pentru femeile care doresc s\u0103 \u00eentruchipeze elegan\u021ba \u0219i farmecul, f\u0103c\u00e2ndu-l un plus obligatoriu pentru colec\u021bia ta de parfumuri. \u00cenvelit \u00eentr-o sticl\u0103 de 100 ml frumos realizat\u0103, Blue Meridian aduce un amestec armonios de note acvatice \u0219i florale, cre\u00e2nd un parfum vibrant care este perfect pentru orice ocazie.<\/p>\n<h2>Note parfumate captivante<\/h2>\n<p>Compozi\u021bia \u00eenc\u00e2nt\u0103toare a Blue Meridian se desf\u0103\u0219oar\u0103 cu un strat superior r\u0103coritor de note citrice, revigor\u00e2ndu-\u021bi sim\u021burile \u0219i preg\u0103tind scena pentru o experien\u021b\u0103 olfactiv\u0103 \u00eenc\u00e2nt\u0103toare. Pe m\u0103sur\u0103 ce parfumul se dezvolt\u0103, inima prezint\u0103 un amestec de flori delicate care adaug\u0103 profunzime \u0219i feminitate, cre\u00e2nd un farmec irezistibil. \u00cen cele din urm\u0103, notele calde de baz\u0103 te \u00eenv\u0103luie u\u0219or, oferind o impresie de durat\u0103 care persist\u0103 pe tot parcursul zilei.<\/p>\n<h2>De ce s\u0103 alegi Anfar Londra?<\/h2>\n<p>Fabricat cu precizie \u0219i m\u0103iestrie, Anfar London este renumit pentru angajamentul s\u0103u fa\u021b\u0103 de calitate \u0219i lux. <strong>Apa de Parfum Blue Meridian<\/strong> \u00eentruchipeaz\u0103 aceast\u0103 d\u0103ruire, asigur\u00e2ndu-se c\u0103 fiecare spritz este o s\u0103rb\u0103toare a gustului rafinat. Perfect pentru purtarea de zi cu zi sau pentru ocazii speciale, acest parfum luxos are puterea de a-\u021bi ridica starea de spirit \u0219i de a-\u021bi spori \u00eencrederea. \u00cembr\u0103\u021bi\u0219eaz\u0103 alura elegant\u0103 a Blue Meridian \u0219i las\u0103-o s\u0103 devin\u0103 o parte a identit\u0103\u021bii tale.<\/p>\n<p>Fie c\u0103 v\u0103 r\u0103sf\u0103\u021ba\u021bi sau c\u0103uta\u021bi un cadou atent, <strong>Apa de Parfum Blue Meridian<\/strong> de la Anfar London este o alegere excep\u021bional\u0103 care reflect\u0103 at\u00e2t rafinamentul, c\u00e2t \u0219i stilul. Exploreaz\u0103 profunzimile acestui parfum captivant \u0219i transform\u0103-\u021bi experien\u021ba parfumului ast\u0103zi.<\/p>","protected":false},"excerpt":{"rendered":"<ul>\n<li class=\"\" data-start=\"193\" data-end=\"250\">\n<p class=\"\" data-start=\"195\" data-end=\"250\"><strong data-start=\"195\" data-end=\"211\">Note de v\u00e2rf<\/strong>: <span class=\"relative -mx-px my-[-0.2rem] rounded px-px py-[0.2rem] transition-colors duration-100 ease-in-out\">proaspete, albastre<\/span><\/p>\n<\/li>\n<li class=\"\" data-start=\"251\" data-end=\"310\">\n<p class=\"\" data-start=\"253\" data-end=\"310\"><strong data-start=\"253\" data-end=\"271\">Note de mijloc<\/strong>: <span class=\"relative -mx-px my-[-0.2rem] rounded px-px py-[0.2rem] transition-colors duration-100 ease-in-out\">fructate<\/span><\/p>\n<\/li>\n<li class=\"\" data-start=\"311\" data-end=\"412\">\n<p class=\"\" data-start=\"313\" data-end=\"412\"><strong data-start=\"313\" data-end=\"329\">Note de baz\u0103<\/strong>: <span class=\"relative -mx-px my-[-0.2rem] rounded px-px py-[0.2rem] transition-colors duration-100 ease-in-out\">acvatice, marine<\/span><\/p>\n<\/li>\n<\/ul>","protected":false},"featured_media":1764,"comment_status":"open","ping_status":"closed","template":"","meta":{"om_disable_all_campaigns":false,"_monsterinsights_skip_tracking":false,"_monsterinsights_sitenote_active":false,"_monsterinsights_sitenote_note":"","_monsterinsights_sitenote_category":0},"product_brand":[79],"product_cat":[56],"product_tag":[],"class_list":{"0":"post-1763","1":"product","2":"type-product","3":"status-publish","4":"has-post-thumbnail","6":"product_brand-by-anfar-london","7":"product_cat-pentru-ea","9":"first","10":"instock","11":"shipping-taxable","12":"purchasable","13":"product-type-simple"},"aioseo_notices":[],"ct_brands":[{"id":79,"name":"By Anfar London","slug":"by-anfar-london"}],"_links":{"self":[{"href":"https:\/\/habibimb.com\/en\/wp-json\/wp\/v2\/product\/1763","targetHints":{"allow":["GET"]}}],"collection":[{"href":"https:\/\/habibimb.com\/en\/wp-json\/wp\/v2\/product"}],"about":[{"href":"https:\/\/habibimb.com\/en\/wp-json\/wp\/v2\/types\/product"}],"replies":[{"embeddable":true,"href":"https:\/\/habibimb.com\/en\/wp-json\/wp\/v2\/comments?post=1763"}],"wp:featuredmedia":[{"embeddable":true,"href":"https:\/\/habibimb.com\/en\/wp-json\/wp\/v2\/media\/1764"}],"wp:attachment":[{"href":"https:\/\/habibimb.com\/en\/wp-json\/wp\/v2\/media?parent=1763"}],"wp:term":[{"taxonomy":"product_brand","embeddable":true,"href":"https:\/\/habibimb.com\/en\/wp-json\/wp\/v2\/product_brand?post=1763"},{"taxonomy":"product_cat","embeddable":true,"href":"https:\/\/habibimb.com\/en\/wp-json\/wp\/v2\/product_cat?post=1763"},{"taxonomy":"product_tag","embeddable":true,"href":"https:\/\/habibimb.com\/en\/wp-json\/wp\/v2\/product_tag?post=1763"}],"curies":[{"name":"wp","href":"https:\/\/api.w.org\/{rel}","templated":true}]}}