{"id":1760,"date":"2025-04-25T19:10:50","date_gmt":"2025-04-25T19:10:50","guid":{"rendered":"https:\/\/habibimb.com\/?post_type=product&#038;p=1760"},"modified":"2025-11-04T05:47:02","modified_gmt":"2025-11-04T05:47:02","slug":"extract-de-parfum-azure-elite-by-anfar-london-barbati-100ml","status":"publish","type":"product","link":"https:\/\/habibimb.com\/en\/product\/extract-de-parfum-azure-elite-by-anfar-london-barbati-100ml\/","title":{"rendered":"Azure Elite, By Anfar London"},"content":{"rendered":"<h2>Esen\u021ba Azure Elite<\/h2>\n<p>P\u0103\u0219e\u0219te \u00eentr-o lume a rafinamentului \u0219i a farmecului cu Extract de Parfum Azure Elite de la Anfar London. Acest parfum rafinat, creat pentru domnul exigent, este o simfonie de arome care rezoneaz\u0103 cu \u00eencredere \u0219i elegan\u021b\u0103. Perfect pentru orice ocazie, Azure Elite captiveaz\u0103 sim\u021burile \u0219i las\u0103 o impresie de neuitat.<\/p>\n<h2>Profilul parfumului<\/h2>\n<p>C\u0103l\u0103toria Azure Elite \u00eencepe cu note de v\u00e2rf vibrante care trezesc spiritul. Notele proaspete de citrice se \u00eembin\u0103 perfect cu nuan\u021be picante, cre\u00e2nd o introducere dinamic\u0103 care este at\u00e2t revigorant\u0103, c\u00e2t \u0219i \u00een\u0103l\u021b\u0103toare. Pe m\u0103sur\u0103 ce parfumul evolueaz\u0103, inima dezv\u0103luie o gam\u0103 complex\u0103 de note florale aromatice, \u00eembog\u0103\u021bite de acorduri lemnoase profunde. Acest amestec armonios asigur\u0103 c\u0103 parfumul nostru iese \u00een eviden\u021b\u0103 \u00een mul\u021bime, f\u0103c\u00e2ndu-l o alegere esen\u021bial\u0103 pentru omul modern.<\/p>\n<h2>De ce s\u0103 alege\u021bi Azure Elite?<\/h2>\n<p>Ceea ce diferen\u021biaz\u0103 Extract de Parfum Azure Elite nu este doar parfumul s\u0103u captivant, ci \u0219i formula sa de lung\u0103 durat\u0103, conceput\u0103 pentru a v\u0103 \u00eenso\u021bi pe tot parcursul zilei. G\u0103zduit \u00eentr-o sticl\u0103 elegant\u0103 de 100 ml, parfumul nu numai c\u0103 arat\u0103 impresionant pe dulap, dar este \u0219i perfect pentru c\u0103l\u0103torii, permi\u021b\u00e2ndu-\u021bi s\u0103 por\u021bi parfumul semn\u0103tur\u0103 oriunde mergi.<\/p>\n<p>Cu compozi\u021bia sa bogat\u0103 \u0219i senza\u021bia de lux, Azure Elite este potrivit at\u00e2t pentru \u021binuta de zi, c\u00e2t \u0219i pentru evenimentele de sear\u0103. Indiferent dac\u0103 participa\u021bi la o \u00eent\u00e2lnire de afaceri sau v\u0103 bucura\u021bi de o noapte \u00een ora\u0219, acest parfum v\u0103 va ridica prezen\u021ba \u0219i v\u0103 va \u00eembun\u0103t\u0103\u021bi stilul.<\/p>\n<p>R\u0103sf\u0103\u021ba\u021bi-v\u0103 cu farmecul Extract de Parfum Azure Elite \u0219i explora\u021bi un parfum care define\u0219te cu adev\u0103rat rafinamentul. Experimenta\u021bi echilibrul perfect \u00eentre prospe\u021bime \u0219i profunzime, f\u0103c\u00e2ndu-l alegerea ideal\u0103 pentru domnul elegant care apreciaz\u0103 calitatea \u0219i elegan\u021ba.<\/p>","protected":false},"excerpt":{"rendered":"<ul>\n<li class=\"\" data-start=\"310\" data-end=\"367\">\n<p class=\"\" data-start=\"312\" data-end=\"367\"><strong data-start=\"312\" data-end=\"328\">Note de v\u00e2rf<\/strong>: <span class=\"relative -mx-px my-[-0.2rem] rounded px-px py-[0.2rem] transition-colors duration-100 ease-in-out\">patchouli, oud, scor\u021bi\u0219oar\u0103, cardamom<\/span><\/p>\n<\/li>\n<li class=\"\" data-start=\"368\" data-end=\"427\">\n<p class=\"\" data-start=\"370\" data-end=\"427\"><strong data-start=\"370\" data-end=\"388\">Note de mijloc<\/strong>: <span class=\"relative -mx-px my-[-0.2rem] rounded px-px py-[0.2rem] transition-colors duration-100 ease-in-out\">lemnoase, mosc, ambr\u0103<\/span><\/p>\n<\/li>\n<li class=\"\" data-start=\"428\" data-end=\"529\">\n<p class=\"\" data-start=\"430\" data-end=\"529\"><strong data-start=\"430\" data-end=\"446\">Note de baz\u0103<\/strong>: <span class=\"relative -mx-px my-[-0.2rem] rounded px-px py-[0.2rem] transition-colors duration-100 ease-in-out\">lemn de santal, boabe de tonka<\/span><\/p>\n<\/li>\n<\/ul>","protected":false},"featured_media":1762,"comment_status":"open","ping_status":"closed","template":"","meta":{"om_disable_all_campaigns":false,"_monsterinsights_skip_tracking":false,"_monsterinsights_sitenote_active":false,"_monsterinsights_sitenote_note":"","_monsterinsights_sitenote_category":0},"product_brand":[79],"product_cat":[58,55],"product_tag":[],"class_list":{"0":"post-1760","1":"product","2":"type-product","3":"status-publish","4":"has-post-thumbnail","6":"product_brand-by-anfar-london","7":"product_cat-extracte-si-esente","8":"product_cat-pentru-el","10":"first","11":"instock","12":"shipping-taxable","13":"purchasable","14":"product-type-simple"},"aioseo_notices":[],"ct_brands":[{"id":79,"name":"By Anfar London","slug":"by-anfar-london"}],"_links":{"self":[{"href":"https:\/\/habibimb.com\/en\/wp-json\/wp\/v2\/product\/1760","targetHints":{"allow":["GET"]}}],"collection":[{"href":"https:\/\/habibimb.com\/en\/wp-json\/wp\/v2\/product"}],"about":[{"href":"https:\/\/habibimb.com\/en\/wp-json\/wp\/v2\/types\/product"}],"replies":[{"embeddable":true,"href":"https:\/\/habibimb.com\/en\/wp-json\/wp\/v2\/comments?post=1760"}],"wp:featuredmedia":[{"embeddable":true,"href":"https:\/\/habibimb.com\/en\/wp-json\/wp\/v2\/media\/1762"}],"wp:attachment":[{"href":"https:\/\/habibimb.com\/en\/wp-json\/wp\/v2\/media?parent=1760"}],"wp:term":[{"taxonomy":"product_brand","embeddable":true,"href":"https:\/\/habibimb.com\/en\/wp-json\/wp\/v2\/product_brand?post=1760"},{"taxonomy":"product_cat","embeddable":true,"href":"https:\/\/habibimb.com\/en\/wp-json\/wp\/v2\/product_cat?post=1760"},{"taxonomy":"product_tag","embeddable":true,"href":"https:\/\/habibimb.com\/en\/wp-json\/wp\/v2\/product_tag?post=1760"}],"curies":[{"name":"wp","href":"https:\/\/api.w.org\/{rel}","templated":true}]}}