{"id":1757,"date":"2025-04-25T18:36:28","date_gmt":"2025-04-25T18:36:28","guid":{"rendered":"https:\/\/habibimb.com\/?post_type=product&#038;p=1757"},"modified":"2025-10-30T08:17:19","modified_gmt":"2025-10-30T08:17:19","slug":"extract-de-parfum-jewel-of-desert-by-anfar-london-unisex-100ml","status":"publish","type":"product","link":"https:\/\/habibimb.com\/en\/product\/extract-de-parfum-jewel-of-desert-by-anfar-london-unisex-100ml\/","title":{"rendered":"Jewel Of Desert, By Anfar London"},"content":{"rendered":"<h2>Descoperi\u021bi esen\u021ba de\u0219ertului<\/h2>\n<p>V\u0103 prezent\u0103m Extract de Parfum Jewel Of Desert de la Anfar London, un parfum unic conceput at\u00e2t pentru b\u0103rba\u021bi, c\u00e2t \u0219i pentru femei. Acest parfum rafinat surprinde \u00eens\u0103\u0219i esen\u021ba peisajului de\u0219ertic, combin\u00e2nd note bogate \u0219i exotice care v\u0103 transport\u0103 \u00eentr-o lume de c\u0103ldur\u0103 \u0219i farmec. Ideal pentru cei care apreciaz\u0103 un parfum care vorbe\u0219te despre elegan\u021b\u0103 \u0219i rafinament, acest parfum unisex rafinat este perfect pentru orice ocazie.<\/p>\n<h2>Un amestec unic de note aromatice<\/h2>\n<p>The Jewel Of Desert se deschide cu note de v\u00e2rf str\u0103lucitoare care las\u0103 loc unei inimi compuse din acorduri florale \u0219i picante, cre\u00e2nd un amestec armonios care este at\u00e2t r\u0103coritor, c\u00e2t \u0219i intrigant. Notele de baz\u0103 prezint\u0103 tonuri profunde \u0219i p\u0103m\u00e2ntii, rotunjind parfumul cu o c\u0103ldur\u0103 ve\u0219nic\u0103. Cu aceast\u0103 compozi\u021bie bine echilibrat\u0103, Extract de Parfum Jewel Of Desert asigur\u0103 o impresie de lung\u0103 durat\u0103 oriunde te-ai duce.<\/p>\n<h2>Elegan\u021b\u0103 \u00eentr-o sticl\u0103<\/h2>\n<p>G\u0103zduit \u00eentr-o sticl\u0103 cu design elegant, Extract de Parfum Jewel Of Desert reflect\u0103 experien\u021ba de lux din interior. Designul minimalist, dar izbitor, completeaz\u0103 parfumul sofisticat, f\u0103c\u00e2ndu-l o completare perfect\u0103 pentru colec\u021bia ta de parfumuri sau un cadou atent pentru cineva special. Cu o dimensiune generoas\u0103 de 100 ml, te po\u021bi r\u0103sf\u0103\u021ba cu acest parfum captivant zi de zi, f\u0103c\u00e2ndu-l o parte esen\u021bial\u0103 a rutinei tale zilnice.<\/p>\n<p>Ridica\u021bi-v\u0103 sim\u021burile \u0219i experimenta\u021bi frumuse\u021bea captivant\u0103 a de\u0219ertului cu Extract de Parfum Jewel Of Desert de la Anfar London. Cu atrac\u021bia sa unisex, acest parfum este o alegere excelent\u0103 pentru cei care caut\u0103 un plus bogat \u0219i aromat la colec\u021bia lor. Nu rata\u021bi ocazia de a de\u021bine acest parfum elegant care \u00eentruchipeaz\u0103 spiritul de aventur\u0103 \u0219i romantism.<\/p>","protected":false},"excerpt":{"rendered":"<ul>\n<li class=\"\" data-start=\"232\" data-end=\"289\">\n<p class=\"\" data-start=\"234\" data-end=\"289\"><strong data-start=\"234\" data-end=\"250\">Note de v\u00e2rf<\/strong>: <span class=\"relative -mx-px my-[-0.2rem] rounded px-px py-[0.2rem] transition-colors duration-100 ease-in-out\">fructul pasiunii, piersic\u0103, par\u0103, zmeur\u0103<\/span><\/p>\n<\/li>\n<li class=\"\" data-start=\"290\" data-end=\"349\">\n<p class=\"\" data-start=\"292\" data-end=\"349\"><strong data-start=\"292\" data-end=\"310\">Note de mijloc<\/strong>: <span class=\"relative -mx-px my-[-0.2rem] rounded px-px py-[0.2rem] transition-colors duration-100 ease-in-out\">l\u0103cr\u0103mioare<\/span><\/p>\n<\/li>\n<li class=\"\" data-start=\"350\" data-end=\"451\">\n<p class=\"\" data-start=\"352\" data-end=\"451\"><strong data-start=\"352\" data-end=\"368\">Note de baz\u0103<\/strong>: <span class=\"relative -mx-px my-[-0.2rem] rounded px-px py-[0.2rem] transition-colors duration-100 ease-in-out\">mosc, lemn de santal, vanilie, patchouli, heliotrop<\/span><\/p>\n<\/li>\n<\/ul>","protected":false},"featured_media":1758,"comment_status":"open","ping_status":"closed","template":"","meta":{"om_disable_all_campaigns":false,"_monsterinsights_skip_tracking":false,"_monsterinsights_sitenote_active":false,"_monsterinsights_sitenote_note":"","_monsterinsights_sitenote_category":0},"product_brand":[79],"product_cat":[58,57],"product_tag":[],"class_list":{"0":"post-1757","1":"product","2":"type-product","3":"status-publish","4":"has-post-thumbnail","6":"product_brand-by-anfar-london","7":"product_cat-extracte-si-esente","8":"product_cat-unisex","10":"first","11":"outofstock","12":"shipping-taxable","13":"purchasable","14":"product-type-simple"},"aioseo_notices":[],"ct_brands":[{"id":79,"name":"By Anfar London","slug":"by-anfar-london"}],"_links":{"self":[{"href":"https:\/\/habibimb.com\/en\/wp-json\/wp\/v2\/product\/1757","targetHints":{"allow":["GET"]}}],"collection":[{"href":"https:\/\/habibimb.com\/en\/wp-json\/wp\/v2\/product"}],"about":[{"href":"https:\/\/habibimb.com\/en\/wp-json\/wp\/v2\/types\/product"}],"replies":[{"embeddable":true,"href":"https:\/\/habibimb.com\/en\/wp-json\/wp\/v2\/comments?post=1757"}],"wp:featuredmedia":[{"embeddable":true,"href":"https:\/\/habibimb.com\/en\/wp-json\/wp\/v2\/media\/1758"}],"wp:attachment":[{"href":"https:\/\/habibimb.com\/en\/wp-json\/wp\/v2\/media?parent=1757"}],"wp:term":[{"taxonomy":"product_brand","embeddable":true,"href":"https:\/\/habibimb.com\/en\/wp-json\/wp\/v2\/product_brand?post=1757"},{"taxonomy":"product_cat","embeddable":true,"href":"https:\/\/habibimb.com\/en\/wp-json\/wp\/v2\/product_cat?post=1757"},{"taxonomy":"product_tag","embeddable":true,"href":"https:\/\/habibimb.com\/en\/wp-json\/wp\/v2\/product_tag?post=1757"}],"curies":[{"name":"wp","href":"https:\/\/api.w.org\/{rel}","templated":true}]}}