{"id":1755,"date":"2025-04-25T18:31:30","date_gmt":"2025-04-25T18:31:30","guid":{"rendered":"https:\/\/habibimb.com\/?post_type=product&#038;p=1755"},"modified":"2025-05-15T07:31:33","modified_gmt":"2025-05-15T07:31:33","slug":"extract-de-parfum-italian-bergamot-by-anfar-london-barbati-50ml","status":"publish","type":"product","link":"https:\/\/habibimb.com\/en\/product\/extract-de-parfum-italian-bergamot-by-anfar-london-barbati-50ml\/","title":{"rendered":"Italian Bergamot, By Anfar London"},"content":{"rendered":"<h2>Descoperi\u021bi esen\u021ba bergamotei italiene<\/h2>\n<p>Cufunda\u021bi-v\u0103 \u00een aroma captivant\u0103 a <strong>Extract de Parfum Italian Bergamot de la<\/strong> Anfar London. Acest parfum rafinat surprinde notele str\u0103lucitoare \u0219i picante ale bergamotei, un element prin excelen\u021b\u0103 al tradi\u021biilor parfumurilor italiene. Fiecare spritz v\u0103 transport\u0103 \u00een livezi de citrice s\u0103rutate de soare, oferind o experien\u021b\u0103 r\u0103coritoare \u0219i revigorant\u0103 care v\u0103 \u00eenal\u021b\u0103 spiritul pe tot parcursul zilei.<\/p>\n<h2>Ingrediente de calitate pentru o experien\u021b\u0103 de lux<\/h2>\n<p>Fabricat cu cele mai bune ingrediente, <strong>extractul de parfum italian de bergamot\u0103<\/strong> \u00eentruchipeaz\u0103 calitatea \u0219i rafinamentul. Anfar London \u00ee\u0219i aprovizioneaz\u0103 bergamota din regiunile fertile ale Italiei, unde clima cultiv\u0103 bog\u0103\u021bia aromatic\u0103 a fructului. Cu un amestec exigent de uleiuri esen\u021biale, acest parfum ofer\u0103 un parfum de lung\u0103 durat\u0103 care r\u0103m\u00e2ne fidel originilor sale, asigur\u00e2ndu-se c\u0103 fiecare aplicare se simte indulgent\u0103 \u0219i luxoas\u0103.<\/p>\n<h2>Perfect pentru orice ocazie<\/h2>\n<p>Fie c\u0103 te \u00eembraci pentru un eveniment special sau \u00ee\u021bi \u00eembun\u0103t\u0103\u021be\u0219ti rutina de zi cu zi, acest parfum de 50 ml este alegerea suprem\u0103 pentru versatilitate. Mirosul revigorant de bergamot\u0103 \u00eel face potrivit at\u00e2t pentru \u021binute casual, c\u00e2t \u0219i pentru ocazii mai formale. Acest parfum te \u00eenv\u0103luie \u00eentr-o aur\u0103 \u00eenc\u00e2nt\u0103toare, l\u0103s\u00e2nd o impresie de durat\u0103 oriunde te-ai duce. Las\u0103 esen\u021ba bergamotei italiene s\u0103 fie parfumul t\u0103u semn\u0103tur\u0103, complet\u00e2ndu-\u021bi perfect stilul.<\/p>\n<p>Experimenta\u021bi farmecul <strong>bergamotei italiene Extract de Parfum de la<\/strong> Anfar London \u0219i \u00eembr\u0103\u021bi\u0219a\u021bi un parfum care celebreaz\u0103 frumuse\u021bea naturii \u0219i arta parfumeriei. R\u0103sf\u0103\u021ba\u021bi-v\u0103 sau d\u0103rui\u021bi-l cuiva special \u0219i delecta\u021bi-v\u0103 cu rafinamentul con\u021binut \u00een aceast\u0103 frumoas\u0103 sticl\u0103.<\/p>","protected":false},"excerpt":{"rendered":"<ul>\n<li class=\"\" data-start=\"232\" data-end=\"289\">\n<p class=\"\" data-start=\"234\" data-end=\"289\"><strong data-start=\"234\" data-end=\"250\">Note de v\u00e2rf<\/strong>: <span class=\"relative -mx-px my-[-0.2rem] rounded px-px py-[0.2rem] transition-colors duration-100 ease-in-out\">bergamot\u0103 italian\u0103, citrice, marine<\/span><\/p>\n<\/li>\n<li class=\"\" data-start=\"290\" data-end=\"349\">\n<p class=\"\" data-start=\"292\" data-end=\"349\"><strong data-start=\"292\" data-end=\"310\">Note de mijloc<\/strong>: <span class=\"relative -mx-px my-[-0.2rem] rounded px-px py-[0.2rem] transition-colors duration-100 ease-in-out\">flori albe<\/span><\/p>\n<\/li>\n<li class=\"\" data-start=\"350\" data-end=\"451\">\n<p class=\"\" data-start=\"352\" data-end=\"451\"><strong data-start=\"352\" data-end=\"368\">Note de baz\u0103<\/strong>: <span class=\"relative -mx-px my-[-0.2rem] rounded px-px py-[0.2rem] transition-colors duration-100 ease-in-out\">mosc, lemn de santal<\/span><\/p>\n<\/li>\n<li data-start=\"350\" data-end=\"451\">Parfumuri similare cu <strong data-start=\"195\" data-end=\"228\">Anfar London Italian Bergamot:Bvlgari Man Wood Essence, Creed Silver Mountain Water, Ermenegildo Zegna Italian Bergamot, Mith Italian Bergamot<\/strong><\/li>\n<\/ul>","protected":false},"featured_media":1756,"comment_status":"open","ping_status":"closed","template":"","meta":{"om_disable_all_campaigns":false,"_monsterinsights_skip_tracking":false,"_monsterinsights_sitenote_active":false,"_monsterinsights_sitenote_note":"","_monsterinsights_sitenote_category":0},"product_brand":[79],"product_cat":[58,55],"product_tag":[],"class_list":{"0":"post-1755","1":"product","2":"type-product","3":"status-publish","4":"has-post-thumbnail","6":"product_brand-by-anfar-london","7":"product_cat-extracte-si-esente","8":"product_cat-pentru-el","10":"first","11":"instock","12":"shipping-taxable","13":"purchasable","14":"product-type-simple"},"aioseo_notices":[],"ct_brands":[{"id":79,"name":"By Anfar London","slug":"by-anfar-london"}],"_links":{"self":[{"href":"https:\/\/habibimb.com\/en\/wp-json\/wp\/v2\/product\/1755","targetHints":{"allow":["GET"]}}],"collection":[{"href":"https:\/\/habibimb.com\/en\/wp-json\/wp\/v2\/product"}],"about":[{"href":"https:\/\/habibimb.com\/en\/wp-json\/wp\/v2\/types\/product"}],"replies":[{"embeddable":true,"href":"https:\/\/habibimb.com\/en\/wp-json\/wp\/v2\/comments?post=1755"}],"wp:featuredmedia":[{"embeddable":true,"href":"https:\/\/habibimb.com\/en\/wp-json\/wp\/v2\/media\/1756"}],"wp:attachment":[{"href":"https:\/\/habibimb.com\/en\/wp-json\/wp\/v2\/media?parent=1755"}],"wp:term":[{"taxonomy":"product_brand","embeddable":true,"href":"https:\/\/habibimb.com\/en\/wp-json\/wp\/v2\/product_brand?post=1755"},{"taxonomy":"product_cat","embeddable":true,"href":"https:\/\/habibimb.com\/en\/wp-json\/wp\/v2\/product_cat?post=1755"},{"taxonomy":"product_tag","embeddable":true,"href":"https:\/\/habibimb.com\/en\/wp-json\/wp\/v2\/product_tag?post=1755"}],"curies":[{"name":"wp","href":"https:\/\/api.w.org\/{rel}","templated":true}]}}