{"id":1753,"date":"2025-04-25T18:25:47","date_gmt":"2025-04-25T18:25:47","guid":{"rendered":"https:\/\/habibimb.com\/?post_type=product&#038;p=1753"},"modified":"2025-05-15T07:31:33","modified_gmt":"2025-05-15T07:31:33","slug":"extract-de-parfum-magnifique-fleur-by-anfar-london-femei-50ml","status":"publish","type":"product","link":"https:\/\/habibimb.com\/en\/product\/extract-de-parfum-magnifique-fleur-by-anfar-london-femei-50ml\/","title":{"rendered":"Magnifique Fleur, By Anfar London"},"content":{"rendered":"<h2>Descoper\u0103 esen\u021ba elegan\u021bei florale<\/h2>\n<p>V\u0103 prezent\u0103m <strong>Extract de Parfum Magnifique Fleur<\/strong> de la Anfar London, un parfum captivant conceput special pentru femeile care apreciaz\u0103 lucrurile fine din via\u021b\u0103. Acest parfum rafinat \u00eencapsuleaz\u0103 esen\u021ba florilor \u00eenflorite, oferind o experien\u021b\u0103 olfactiv\u0103 care este at\u00e2t \u00eenc\u00e2nt\u0103toare, c\u00e2t \u0219i \u00een\u0103l\u021b\u0103toare.<\/p>\n<h2>O simfonie de note florale<\/h2>\n<p>\u00cen centrul acestui parfum remarcabil se afl\u0103 un amestec de note florale luxoase care danseaz\u0103 gra\u021bios \u00eempreun\u0103, cre\u00e2nd un parfum armonios care persist\u0103 pe tot parcursul zilei. Deschiz\u00e2ndu-se cu note de v\u00e2rf proaspete \u0219i vibrante, <strong>Magnifique Fleur<\/strong> \u00eentruchipeaz\u0103 un buchet de petale delicate care te transport\u0103 instantaneu \u00eentr-o gr\u0103din\u0103 luminat\u0103 de soare \u00een plin\u0103 floare. Notele de mijloc dezv\u0103luie un caracter floral mai bogat, \u00een timp ce notele de baz\u0103 ancoreaz\u0103 parfumul cu o nuan\u021b\u0103 cald\u0103 \u0219i senzual\u0103.<\/p>\n<h2>Perfect pentru orice ocazie<\/h2>\n<p>Fie c\u0103 participa\u021bi la un eveniment formal, v\u0103 bucura\u021bi de o zi informal\u0103 sau pur \u0219i simplu v\u0103 r\u0103sf\u0103\u021ba\u021bi cu o sear\u0103 lini\u0219tit\u0103 acas\u0103, <strong>Extract de Parfum Magnifique Fleur<\/strong> este \u00eenso\u021bitorul ideal. Sticla de 50 ml are un design elegant, ceea ce o face o completare perfect\u0103 pentru toaleta ta sau un cadou atent pentru cineva special. Experimenteaz\u0103 farmecul \u0219i frumuse\u021bea acestui parfum \u0219i las\u0103-l s\u0103 devin\u0103 un parfum de semn\u0103tur\u0103 care reprezint\u0103 stilul t\u0103u unic.<\/p>\n<p>\u00cembr\u0103\u021bi\u0219eaz\u0103 lumea \u00eenc\u00e2nt\u0103toare a parfumurilor florale cu Magnifique Fleur de la Anfar London \u0219i ridic\u0103-\u021bi rutina zilnic\u0103 la noi culmi. R\u0103sf\u0103\u021ba\u021bi-v\u0103 cu mirosul rafinat al acestui parfum \u0219i l\u0103sa\u021bi-v\u0103 prezen\u021ba s\u0103 lase o impresie de durat\u0103.<\/p>","protected":false},"excerpt":{"rendered":"<ul>\n<li class=\"\" data-start=\"366\" data-end=\"423\">\n<p class=\"\" data-start=\"368\" data-end=\"423\"><strong data-start=\"368\" data-end=\"384\">Note de v\u00e2rf<\/strong>: <span class=\"relative -mx-px my-[-0.2rem] rounded px-px py-[0.2rem] transition-colors duration-100 ease-in-out\">orchid\u0103, heliotrop, tuberoz\u0103, piper roz, salvie<\/span><\/p>\n<\/li>\n<li class=\"\" data-start=\"424\" data-end=\"483\">\n<p class=\"\" data-start=\"426\" data-end=\"483\"><strong data-start=\"426\" data-end=\"444\">Note de mijloc<\/strong>: <span class=\"relative -mx-px my-[-0.2rem] rounded px-px py-[0.2rem] transition-colors duration-100 ease-in-out\">acord gourmand, iasomie sambac, ylang-ylang, benzoe<\/span><\/p>\n<\/li>\n<li class=\"\" data-start=\"484\" data-end=\"585\">\n<p class=\"\" data-start=\"486\" data-end=\"585\"><strong data-start=\"486\" data-end=\"502\">Note de baz\u0103<\/strong>: <span class=\"relative -mx-px my-[-0.2rem] rounded px-px py-[0.2rem] transition-colors duration-100 ease-in-out\">vanilie, mosc, ambr\u0103<\/span><\/p>\n<\/li>\n<\/ul>","protected":false},"featured_media":1754,"comment_status":"open","ping_status":"closed","template":"","meta":{"om_disable_all_campaigns":false,"_monsterinsights_skip_tracking":false,"_monsterinsights_sitenote_active":false,"_monsterinsights_sitenote_note":"","_monsterinsights_sitenote_category":0},"product_brand":[79],"product_cat":[58,56],"product_tag":[],"class_list":{"0":"post-1753","1":"product","2":"type-product","3":"status-publish","4":"has-post-thumbnail","6":"product_brand-by-anfar-london","7":"product_cat-extracte-si-esente","8":"product_cat-pentru-ea","10":"first","11":"instock","12":"shipping-taxable","13":"purchasable","14":"product-type-simple"},"aioseo_notices":[],"ct_brands":[{"id":79,"name":"By Anfar London","slug":"by-anfar-london"}],"_links":{"self":[{"href":"https:\/\/habibimb.com\/en\/wp-json\/wp\/v2\/product\/1753","targetHints":{"allow":["GET"]}}],"collection":[{"href":"https:\/\/habibimb.com\/en\/wp-json\/wp\/v2\/product"}],"about":[{"href":"https:\/\/habibimb.com\/en\/wp-json\/wp\/v2\/types\/product"}],"replies":[{"embeddable":true,"href":"https:\/\/habibimb.com\/en\/wp-json\/wp\/v2\/comments?post=1753"}],"wp:featuredmedia":[{"embeddable":true,"href":"https:\/\/habibimb.com\/en\/wp-json\/wp\/v2\/media\/1754"}],"wp:attachment":[{"href":"https:\/\/habibimb.com\/en\/wp-json\/wp\/v2\/media?parent=1753"}],"wp:term":[{"taxonomy":"product_brand","embeddable":true,"href":"https:\/\/habibimb.com\/en\/wp-json\/wp\/v2\/product_brand?post=1753"},{"taxonomy":"product_cat","embeddable":true,"href":"https:\/\/habibimb.com\/en\/wp-json\/wp\/v2\/product_cat?post=1753"},{"taxonomy":"product_tag","embeddable":true,"href":"https:\/\/habibimb.com\/en\/wp-json\/wp\/v2\/product_tag?post=1753"}],"curies":[{"name":"wp","href":"https:\/\/api.w.org\/{rel}","templated":true}]}}