{"id":1749,"date":"2025-04-25T17:57:59","date_gmt":"2025-04-25T17:57:59","guid":{"rendered":"https:\/\/habibimb.com\/?post_type=product&#038;p=1749"},"modified":"2025-12-20T07:18:31","modified_gmt":"2025-12-20T07:18:31","slug":"extract-de-parfum-leather-dorient-by-anfar-london-barbati-115ml","status":"publish","type":"product","link":"https:\/\/habibimb.com\/en\/product\/extract-de-parfum-leather-dorient-by-anfar-london-barbati-115ml\/","title":{"rendered":"Leather D`Orient, By Anfar London, 115"},"content":{"rendered":"<h2>Descoperi\u021bi esen\u021ba Leather D&#8217;Orient<\/h2>\n<p>V\u0103 prezent\u0103m Extract de Parfum Leather D&#8217;Orient de Anfar London, un parfum luxos care \u00eencapsuleaz\u0103 c\u0103ldura \u0219i bog\u0103\u021bia pielii. Perfect conceput pentru cei care apreciaz\u0103 lucrurile fine din via\u021b\u0103, acest parfum exclusivist v\u0103 invit\u0103 s\u0103 v\u0103 cufunda\u021bi \u00eentr-o lume a rafinamentului \u0219i elegan\u021bei. Pe m\u0103sur\u0103 ce por\u021bi acest parfum, vei fi \u00eenv\u0103luit \u00eentr-o arom\u0103 provocatoare care te diferen\u021biaz\u0103 \u00een orice decor.<\/p>\n<h2>Calitate \u0219i rafinament de neegalat<\/h2>\n<p>Leather D&#8217;Orient nu este doar un parfum; este o declara\u021bie de identitate. Acest extrait de parfum rafinat are o concentra\u021bie puternic\u0103 care asigur\u0103 longevitate \u0219i un silaj de neuitat. Fiecare spritz ofer\u0103 o experien\u021b\u0103 bogat\u0103 \u0219i atr\u0103g\u0103toare, cu note care reflect\u0103 \u00eencredere \u0219i \u00eendr\u0103zneal\u0103. Sticla de lux de 115 ml este conceput\u0103 at\u00e2t pentru uz casnic, c\u00e2t \u0219i pentru c\u0103l\u0103torii, permi\u021b\u00e2ndu-v\u0103 s\u0103 \u00eembr\u0103\u021bi\u0219a\u021bi parfumul s\u0103u captivant \u00een orice moment.<\/p>\n<h2>O alegere atemporal\u0103 pentru orice ocazie<\/h2>\n<p>Versatilitatea Leather D&#8217;Orient o face potrivit\u0103 pentru orice ocazie. Indiferent dac\u0103 participa\u021bi la un eveniment formal, merge\u021bi la birou sau v\u0103 bucura\u021bi de o noapte \u00een ora\u0219, acest parfum este conceput pentru a v\u0103 completa fiecare stare de spirit. Cu amestecul s\u0103u impresionant de note p\u0103m\u00e2ntii \u0219i de piele uzat\u0103, combinate cu note subtile de condimente, creeaz\u0103 un profil olfactiv unic care atrage at\u00e2t b\u0103rba\u021bii, c\u00e2t \u0219i femeile. Experimenta\u021bi alura, versatilitatea \u0219i profunzimea unui parfum care \u00eentruchipeaz\u0103 cu adev\u0103rat esen\u021ba luxului.<\/p>","protected":false},"excerpt":{"rendered":"<ul>\n<li class=\"\" data-start=\"232\" data-end=\"289\">\n<p class=\"\" data-start=\"234\" data-end=\"289\"><strong data-start=\"234\" data-end=\"250\">Note de v\u00e2rf<\/strong>: <span class=\"relative -mx-px my-[-0.2rem] rounded px-px py-[0.2rem] transition-colors duration-100 ease-in-out\">piele, \u0219ofran, portocal\u0103<\/span><\/p>\n<\/li>\n<li class=\"\" data-start=\"290\" data-end=\"349\">\n<p class=\"\" data-start=\"292\" data-end=\"349\"><strong data-start=\"292\" data-end=\"310\">Note de mijloc<\/strong>: <span class=\"relative -mx-px my-[-0.2rem] rounded px-px py-[0.2rem] transition-colors duration-100 ease-in-out\">ambr\u0103, citrice, lemn de cedru<\/span><\/p>\n<\/li>\n<li class=\"\" data-start=\"350\" data-end=\"451\">\n<p class=\"\" data-start=\"352\" data-end=\"451\"><strong data-start=\"352\" data-end=\"368\">Note de baz\u0103<\/strong>: <span class=\"relative -mx-px my-[-0.2rem] rounded px-px py-[0.2rem] transition-colors duration-100 ease-in-out\">mesteac\u0103n, oud, ambr\u0103 uscat\u0103<\/span><\/p>\n<\/li>\n<li data-start=\"350\" data-end=\"451\">Parfumul <strong data-start=\"9\" data-end=\"29\">Leather D&#8217;Orient<\/strong> de la <strong data-start=\"36\" data-end=\"52\">Anfar London<\/strong> este adesea comparat cu parfumuri de lux care combin\u0103 note de piele, oud \u0219i lemn. \u00cen acest caz, ar putea fi considerat o replic\u0103 a unor parfumuri celebre precum:<strong data-start=\"219\" data-end=\"248\">Tom Ford &#8211; Tuscan Leather<\/strong>: <strong data-start=\"372\" data-end=\"393\">Creed &#8211; Royal Oud<\/strong>: <strong>Amouage &#8211; Interlude Black Iris<\/strong><\/li>\n<\/ul>","protected":false},"featured_media":1751,"comment_status":"open","ping_status":"closed","template":"","meta":{"om_disable_all_campaigns":false,"_monsterinsights_skip_tracking":false,"_monsterinsights_sitenote_active":false,"_monsterinsights_sitenote_note":"","_monsterinsights_sitenote_category":0},"product_brand":[79],"product_cat":[58,55],"product_tag":[],"class_list":{"0":"post-1749","1":"product","2":"type-product","3":"status-publish","4":"has-post-thumbnail","6":"product_brand-by-anfar-london","7":"product_cat-extracte-si-esente","8":"product_cat-pentru-el","10":"first","11":"instock","12":"shipping-taxable","13":"purchasable","14":"product-type-simple"},"aioseo_notices":[],"ct_brands":[{"id":79,"name":"By Anfar London","slug":"by-anfar-london"}],"_links":{"self":[{"href":"https:\/\/habibimb.com\/en\/wp-json\/wp\/v2\/product\/1749","targetHints":{"allow":["GET"]}}],"collection":[{"href":"https:\/\/habibimb.com\/en\/wp-json\/wp\/v2\/product"}],"about":[{"href":"https:\/\/habibimb.com\/en\/wp-json\/wp\/v2\/types\/product"}],"replies":[{"embeddable":true,"href":"https:\/\/habibimb.com\/en\/wp-json\/wp\/v2\/comments?post=1749"}],"wp:featuredmedia":[{"embeddable":true,"href":"https:\/\/habibimb.com\/en\/wp-json\/wp\/v2\/media\/1751"}],"wp:attachment":[{"href":"https:\/\/habibimb.com\/en\/wp-json\/wp\/v2\/media?parent=1749"}],"wp:term":[{"taxonomy":"product_brand","embeddable":true,"href":"https:\/\/habibimb.com\/en\/wp-json\/wp\/v2\/product_brand?post=1749"},{"taxonomy":"product_cat","embeddable":true,"href":"https:\/\/habibimb.com\/en\/wp-json\/wp\/v2\/product_cat?post=1749"},{"taxonomy":"product_tag","embeddable":true,"href":"https:\/\/habibimb.com\/en\/wp-json\/wp\/v2\/product_tag?post=1749"}],"curies":[{"name":"wp","href":"https:\/\/api.w.org\/{rel}","templated":true}]}}