{"id":1746,"date":"2025-04-25T17:51:43","date_gmt":"2025-04-25T17:51:43","guid":{"rendered":"https:\/\/habibimb.com\/?post_type=product&#038;p=1746"},"modified":"2025-11-04T05:52:39","modified_gmt":"2025-11-04T05:52:39","slug":"extract-de-parfum-intense-sport-by-anfar-london-barbati-100ml","status":"publish","type":"product","link":"https:\/\/habibimb.com\/en\/product\/extract-de-parfum-intense-sport-by-anfar-london-barbati-100ml\/","title":{"rendered":"Intense Sport, By Anfar London"},"content":{"rendered":"<h2>Treze\u0219te-\u021bi sim\u021burile cu Extract de Parfum Intense Sport<\/h2>\n<p>V\u0103 prezent\u0103m Extract de Parfum Intense Sport de la Anfar London, noul t\u0103u parfum preferat pentru un stil de via\u021b\u0103 revigorant. Acest parfum rafinat, conceput pentru b\u0103rba\u021bii moderni, \u00eencapsuleaz\u0103 for\u021b\u0103 \u0219i elegan\u021b\u0103, perfect pentru cei care accept\u0103 provoc\u0103rile cu \u00eencredere \u0219i fler. Aroma inconfundabil\u0103 este creat\u0103 pentru a v\u0103 trezi sim\u021burile, l\u0103s\u00e2nd o impresie de durat\u0103 oriunde merge\u021bi.<\/p>\n<h2>Un amestec unic de prospe\u021bime \u0219i profunzime<\/h2>\n<p>Extract de Parfum Intense Sport este compus cu m\u0103iestrie, cu un amestec armonios de note proaspete \u0219i nuan\u021be mai profunde, p\u0103m\u00e2ntii. Notele de v\u00e2rf se deschid cu o explozie antrenant\u0103 de citrice \u0219i condimente, oferind o senza\u021bie imediat\u0103 de re\u00eemprosp\u0103tare. Pe m\u0103sur\u0103 ce parfumul se dezvolt\u0103, notele de mijloc dezv\u0103luie note calde \u0219i masculine de lemn \u0219i florale, cre\u00e2nd o evolu\u021bie atr\u0103g\u0103toare a parfumului. \u00cen cele din urm\u0103, notele de baz\u0103 se instaleaz\u0103 \u00eentr-un final bogat \u0219i armonios, cu atingeri subtile de chihlimbar \u0219i mosc, oferind un parfum durabil care exprim\u0103 personalitatea ta dinamic\u0103.<\/p>\n<h2>Ideal pentru orice ocazie<\/h2>\n<p>Fie c\u0103 \u00ee\u021bi \u00eencepi ziua cu un antrenament, mergi la birou sau te bucuri de o noapte \u00een ora\u0219, Extract de Parfum Intense Sport se adapteaz\u0103 f\u0103r\u0103 efort tuturor mediilor. Natura sa versatil\u0103 v\u0103 asigur\u0103 c\u0103 v\u0103 sim\u021bi\u021bi proasp\u0103t \u0219i \u00eencrez\u0103tor, \u00eencuraj\u00e2ndu-v\u0103 s\u0103 \u00eembr\u0103\u021bi\u0219a\u021bi aventurile vie\u021bii cu entuziasm. Aceast\u0103 sticl\u0103 de 100 ml are dimensiunea perfect\u0103 pentru cas\u0103 sau c\u0103l\u0103torii, asigur\u00e2ndu-se c\u0103 parfumul t\u0103u este \u00eentotdeauna la \u00eendem\u00e2n\u0103.<\/p>\n<p>\u00cen concluzie, Extract de Parfum Intense Sport de la Anfar London nu este doar un parfum; Este o experien\u021b\u0103 care rezoneaz\u0103 cu spiritul \u00eendr\u0103zne\u021b al omului modern. \u00cembun\u0103t\u0103\u021be\u0219te-\u021bi rutina de zi cu zi \u0219i f\u0103 o declara\u021bie cu crea\u021bia extraordinar\u0103 a Anfar London. \u00cembr\u0103\u021bi\u0219eaz\u0103 esen\u021ba sportului \u0219i a rafinamentului cu fiecare spritz &#8211; c\u0103l\u0103toria ta c\u0103tre o via\u021b\u0103 inspirat\u0103 \u00eencepe aici.<\/p>","protected":false},"excerpt":{"rendered":"<ul>\n<li class=\"\" data-start=\"155\" data-end=\"212\">\n<p class=\"\" data-start=\"157\" data-end=\"212\"><strong data-start=\"157\" data-end=\"173\">Note de v\u00e2rf<\/strong>: <span class=\"relative -mx-px my-[-0.2rem] rounded px-px py-[0.2rem] transition-colors duration-100 ease-in-out\">ananas, bergamot\u0103, coac\u0103ze negre, mere<\/span><\/p>\n<\/li>\n<li class=\"\" data-start=\"213\" data-end=\"272\">\n<p class=\"\" data-start=\"215\" data-end=\"272\"><strong data-start=\"215\" data-end=\"233\">Note de mijloc<\/strong>: <span class=\"relative -mx-px my-[-0.2rem] rounded px-px py-[0.2rem] transition-colors duration-100 ease-in-out\">mesteac\u0103n, patchouli, iasomie marocan\u0103, trandafir<\/span><\/p>\n<\/li>\n<li class=\"\" data-start=\"273\" data-end=\"374\">\n<p class=\"\" data-start=\"275\" data-end=\"374\"><strong data-start=\"275\" data-end=\"291\">Note de baz\u0103<\/strong>: <span class=\"relative -mx-px my-[-0.2rem] rounded px-px py-[0.2rem] transition-colors duration-100 ease-in-out\">mosc, mu\u0219chi de stejar, ambr\u0103, vanilie<\/span>\u200b<\/p>\n<\/li>\n<\/ul>","protected":false},"featured_media":1748,"comment_status":"open","ping_status":"closed","template":"","meta":{"om_disable_all_campaigns":false,"_monsterinsights_skip_tracking":false,"_monsterinsights_sitenote_active":false,"_monsterinsights_sitenote_note":"","_monsterinsights_sitenote_category":0},"product_brand":[79],"product_cat":[58,55],"product_tag":[],"class_list":{"0":"post-1746","1":"product","2":"type-product","3":"status-publish","4":"has-post-thumbnail","6":"product_brand-by-anfar-london","7":"product_cat-extracte-si-esente","8":"product_cat-pentru-el","10":"first","11":"instock","12":"shipping-taxable","13":"purchasable","14":"product-type-simple"},"aioseo_notices":[],"ct_brands":[{"id":79,"name":"By Anfar London","slug":"by-anfar-london"}],"_links":{"self":[{"href":"https:\/\/habibimb.com\/en\/wp-json\/wp\/v2\/product\/1746","targetHints":{"allow":["GET"]}}],"collection":[{"href":"https:\/\/habibimb.com\/en\/wp-json\/wp\/v2\/product"}],"about":[{"href":"https:\/\/habibimb.com\/en\/wp-json\/wp\/v2\/types\/product"}],"replies":[{"embeddable":true,"href":"https:\/\/habibimb.com\/en\/wp-json\/wp\/v2\/comments?post=1746"}],"wp:featuredmedia":[{"embeddable":true,"href":"https:\/\/habibimb.com\/en\/wp-json\/wp\/v2\/media\/1748"}],"wp:attachment":[{"href":"https:\/\/habibimb.com\/en\/wp-json\/wp\/v2\/media?parent=1746"}],"wp:term":[{"taxonomy":"product_brand","embeddable":true,"href":"https:\/\/habibimb.com\/en\/wp-json\/wp\/v2\/product_brand?post=1746"},{"taxonomy":"product_cat","embeddable":true,"href":"https:\/\/habibimb.com\/en\/wp-json\/wp\/v2\/product_cat?post=1746"},{"taxonomy":"product_tag","embeddable":true,"href":"https:\/\/habibimb.com\/en\/wp-json\/wp\/v2\/product_tag?post=1746"}],"curies":[{"name":"wp","href":"https:\/\/api.w.org\/{rel}","templated":true}]}}