{"id":1744,"date":"2025-04-25T17:47:48","date_gmt":"2025-04-25T17:47:48","guid":{"rendered":"https:\/\/habibimb.com\/?post_type=product&#038;p=1744"},"modified":"2025-12-20T07:19:05","modified_gmt":"2025-12-20T07:19:05","slug":"extract-de-parfum-amber-dorient-by-anfar-london-barbati-115ml","status":"publish","type":"product","link":"https:\/\/habibimb.com\/en\/product\/extract-de-parfum-amber-dorient-by-anfar-london-barbati-115ml\/","title":{"rendered":"Amber D`Orient, By Anfar London, 115"},"content":{"rendered":"<h2>Experimenta\u021bi esen\u021ba luxului<\/h2>\n<p>V\u0103 prezent\u0103m Extract de Parfum Amber D&#8217;Orient de la Anfar London, un parfum de lux conceput pentru cei care apreciaz\u0103 lucrurile fine din via\u021b\u0103. Acest parfum rafinat combin\u0103 notele bogate de chihlimbar cu o not\u0103 de mister, oferind un parfum care este at\u00e2t atemporal, c\u00e2t \u0219i contemporan. Ideal pentru orice ocazie, acest parfum \u00ee\u021bi ridic\u0103 aura personal\u0103, f\u0103c\u00e2nd o impresie de neuitat.<\/p>\n<h2>Profil olfactiv bogat \u0219i complex<\/h2>\n<p>Alura lui Amber D&#8217;Orient const\u0103 \u00een compozi\u021bia sa atent realizat\u0103. Parfumul se deschide cu note calde, r\u0103\u0219inoase, care \u00eenv\u0103luie sim\u021burile, preg\u0103tind scena pentru o experien\u021b\u0103 \u00eenc\u00e2nt\u0103toare. Pe m\u0103sur\u0103 ce aprofunda\u021bi, ve\u021bi descoperi straturi de condimente exotice \u0219i note florale delicate, culmin\u00e2nd cu o baz\u0103 care rezoneaz\u0103 cu vanilie cremoas\u0103 \u0219i cedru p\u0103m\u00e2ntesc. Acest amestec magistral asigur\u0103 c\u0103 parfumul evolueaz\u0103 frumos \u00een timp, cre\u00e2nd o aur\u0103 unic\u0103 care este inconfundabil a ta.<\/p>\n<h2>Ambalaje sofisticate pentru un cadou unic<\/h2>\n<p>Fiecare sticl\u0103 de Amber D&#8217;Orient este g\u0103zduit\u0103 \u00eentr-un recipient frumos proiectat, care vorbe\u0219te despre rafinamentul parfumului din interior. Perfect dimensionat la 115 ml, acest extract de parfum nu numai c\u0103 serve\u0219te ca un plus izbitor pentru colec\u021bia ta, dar este \u0219i un cadou atent. Indiferent dac\u0103 v\u0103 r\u0103sf\u0103\u021ba\u021bi pe dumneavoastr\u0103 sau pe cineva special, acest parfum v\u0103 va \u00eenc\u00e2nta \u0219i impresiona cu siguran\u021b\u0103.<\/p>\n<p>Experimenta\u021bi alura bogat\u0103 \u0219i captivant\u0103 a Extract de Parfum Amber D&#8217;Orient de Anfar London. Cu profilul s\u0103u olfactiv complex \u0219i prezentarea elegant\u0103, este mai mult dec\u00e2t un parfum; este o s\u0103rb\u0103toare a individualit\u0103\u021bii \u0219i a luxului. R\u0103sf\u0103\u021ba\u021bi-v\u0103 cu ambian\u021ba rafinamentului ast\u0103zi.<\/p>","protected":false},"excerpt":{"rendered":"<ul>\n<li class=\"\" data-start=\"155\" data-end=\"212\">\n<p class=\"\" data-start=\"157\" data-end=\"212\"><strong data-start=\"157\" data-end=\"173\">Note de v\u00e2rf<\/strong>: <span class=\"relative -mx-px my-[-0.2rem] rounded px-px py-[0.2rem] transition-colors duration-100 ease-in-out\">bergamot\u0103, flori de m\u0103r<\/span><\/p>\n<\/li>\n<li class=\"\" data-start=\"213\" data-end=\"272\">\n<p class=\"\" data-start=\"215\" data-end=\"272\"><strong data-start=\"215\" data-end=\"233\">Note de mijloc<\/strong>: <span class=\"relative -mx-px my-[-0.2rem] rounded px-px py-[0.2rem] transition-colors duration-100 ease-in-out\">trandafir, \u0219ofran, bujor<\/span><\/p>\n<\/li>\n<li class=\"\" data-start=\"273\" data-end=\"374\">\n<p class=\"\" data-start=\"275\" data-end=\"374\"><strong data-start=\"275\" data-end=\"291\">Note de baz\u0103<\/strong>: <span class=\"relative -mx-px my-[-0.2rem] rounded px-px py-[0.2rem] transition-colors duration-100 ease-in-out\">agarwood (oud), vanilie, lemn de santa<\/span><\/p>\n<\/li>\n<li data-start=\"273\" data-end=\"374\"><span class=\"relative -mx-px my-[-0.2rem] rounded px-px py-[0.2rem] transition-colors duration-100 ease-in-out\">Parfumul <strong data-start=\"9\" data-end=\"40\">Anfar London Amber D&#8217;Orient<\/strong> este un unisex cu note citrice, florale \u0219i lemnoase, apreciat pentru persisten\u021ba sa remarcabil\u0103 \u0219i pre\u021bul accesibil.<\/span> <span class=\"relative -mx-px my-[-0.2rem] rounded px-px py-[0.2rem] transition-colors duration-100 ease-in-out\">Av\u00e2nd \u00een vedere compozi\u021bia sa, este posibil s\u0103 fie comparat cu parfumuri celebre precum <strong data-start=\"88\" data-end=\"105\">Creed Aventus<\/strong> sau <strong data-start=\"110\" data-end=\"144\">Armaf Club de Nuit Intense Man<\/strong>, care \u00eemp\u0103rt\u0103\u0219esc note lemnoase \u0219i fructate.<\/span><\/li>\n<\/ul>","protected":false},"featured_media":1745,"comment_status":"open","ping_status":"closed","template":"","meta":{"om_disable_all_campaigns":false,"_monsterinsights_skip_tracking":false,"_monsterinsights_sitenote_active":false,"_monsterinsights_sitenote_note":"","_monsterinsights_sitenote_category":0},"product_brand":[79],"product_cat":[58,55],"product_tag":[],"class_list":{"0":"post-1744","1":"product","2":"type-product","3":"status-publish","4":"has-post-thumbnail","6":"product_brand-by-anfar-london","7":"product_cat-extracte-si-esente","8":"product_cat-pentru-el","10":"first","11":"instock","12":"shipping-taxable","13":"purchasable","14":"product-type-simple"},"aioseo_notices":[],"ct_brands":[{"id":79,"name":"By Anfar London","slug":"by-anfar-london"}],"_links":{"self":[{"href":"https:\/\/habibimb.com\/en\/wp-json\/wp\/v2\/product\/1744","targetHints":{"allow":["GET"]}}],"collection":[{"href":"https:\/\/habibimb.com\/en\/wp-json\/wp\/v2\/product"}],"about":[{"href":"https:\/\/habibimb.com\/en\/wp-json\/wp\/v2\/types\/product"}],"replies":[{"embeddable":true,"href":"https:\/\/habibimb.com\/en\/wp-json\/wp\/v2\/comments?post=1744"}],"wp:featuredmedia":[{"embeddable":true,"href":"https:\/\/habibimb.com\/en\/wp-json\/wp\/v2\/media\/1745"}],"wp:attachment":[{"href":"https:\/\/habibimb.com\/en\/wp-json\/wp\/v2\/media?parent=1744"}],"wp:term":[{"taxonomy":"product_brand","embeddable":true,"href":"https:\/\/habibimb.com\/en\/wp-json\/wp\/v2\/product_brand?post=1744"},{"taxonomy":"product_cat","embeddable":true,"href":"https:\/\/habibimb.com\/en\/wp-json\/wp\/v2\/product_cat?post=1744"},{"taxonomy":"product_tag","embeddable":true,"href":"https:\/\/habibimb.com\/en\/wp-json\/wp\/v2\/product_tag?post=1744"}],"curies":[{"name":"wp","href":"https:\/\/api.w.org\/{rel}","templated":true}]}}