{"id":1742,"date":"2025-04-25T17:43:43","date_gmt":"2025-04-25T17:43:43","guid":{"rendered":"https:\/\/habibimb.com\/?post_type=product&#038;p=1742"},"modified":"2025-12-20T07:19:38","modified_gmt":"2025-12-20T07:19:38","slug":"extract-de-parfum-absolu-dorient-by-anfar-london-barbati-115ml","status":"publish","type":"product","link":"https:\/\/habibimb.com\/en\/product\/extract-de-parfum-absolu-dorient-by-anfar-london-barbati-115ml\/","title":{"rendered":"Absolu D`Orient, By Anfar London, 115"},"content":{"rendered":"<h2>Dezv\u0103luie aroma luxoas\u0103 a lui Barbati<\/h2>\n<p>Experimenta\u021bi parfumul fascinant al <strong>Extract de Parfum Absolu D&#8217;Orient<\/strong> de Anfar London. Acest parfum rafinat \u00eencapsuleaz\u0103 esen\u021ba Orientului, oferind o alur\u0103 primitoare, dar sofisticat\u0103. Ideal pentru domnul modern, Barbati ofer\u0103 un amestec unic care nu numai c\u0103 re\u00eemprosp\u0103teaz\u0103, ci \u00eei captiveaz\u0103 \u0219i pe cei din jurul t\u0103u. R\u0103sf\u0103\u021ba\u021bi-v\u0103 cu aceast\u0103 esen\u021b\u0103 luxoas\u0103 care este perfect\u0103 pentru orice ocazie.<\/p>\n<h2>M\u0103iestrie \u0219i calitate \u00een care pute\u021bi avea \u00eencredere<\/h2>\n<p>La Anfar London, calitatea este primordial\u0103. Fabricat cu precizie, <strong>Barbati<\/strong> reflect\u0103 un angajament neclintit fa\u021b\u0103 de art\u0103 \u0219i excelen\u021b\u0103. Acest extract de parfum se m\u00e2ndre\u0219te cu ingrediente bogate, atent selec\u021bionate, asigur\u00e2nd un parfum de lung\u0103 durat\u0103, care este at\u00e2t distinctiv, c\u00e2t \u0219i memorabil. Designul elegant al sticlei de 115 ml adaug\u0103 o not\u0103 de rafinament chiuvetei tale, f\u0103c\u00e2ndu-l un cadou perfect pentru tine sau pentru o persoan\u0103 drag\u0103.<\/p>\n<h2>Versatil pentru orice ocazie<\/h2>\n<p>Fie c\u0103 te \u00eembraci pentru un eveniment formal sau vrei s\u0103-\u021bi \u00eembun\u0103t\u0103\u021be\u0219ti stilul de zi cu zi, <strong>Extract de Parfum Absolu D&#8217;Orient<\/strong> este parfumul t\u0103u preferat. Natura sa versatil\u0103 \u00eei permite s\u0103 treac\u0103 f\u0103r\u0103 probleme de la zi la noapte. Un spray te va \u00eenv\u0103lui \u00eentr-o aur\u0103 cald\u0103 \u0219i primitoare, f\u0103c\u00e2ndu-l un plus minunat pentru colec\u021bia ta de parfumuri. Las\u0103 notele \u00eenc\u00e2nt\u0103toare de Barbati s\u0103 devin\u0103 parte din parfumul t\u0103u caracteristic.<\/p>\n<p>Pe scurt, <strong>Barbati<\/strong> din Anfar Londra ofer\u0103 o experien\u021b\u0103 olfactiv\u0103 de neuitat. Cu me\u0219te\u0219ugul s\u0103u luxos \u0219i atrac\u021bia atemporal\u0103, acest extract de parfum nu este doar un parfum, ci o declara\u021bie de elegan\u021b\u0103.<\/p>","protected":false},"excerpt":{"rendered":"<ul>\n<li class=\"\" data-start=\"155\" data-end=\"212\">\n<p class=\"\" data-start=\"157\" data-end=\"212\"><strong data-start=\"157\" data-end=\"173\">Note de v\u00e2rf<\/strong>: <span class=\"relative -mx-px my-[-0.2rem] rounded px-px py-[0.2rem] transition-colors duration-100 ease-in-out\">ananas, grapefruit, note condimentate, bergamot\u0103, coac\u0103ze negre<\/span><\/p>\n<\/li>\n<li class=\"\" data-start=\"213\" data-end=\"272\">\n<p class=\"\" data-start=\"215\" data-end=\"272\"><strong data-start=\"215\" data-end=\"233\">Note de mijloc<\/strong>: <span class=\"relative -mx-px my-[-0.2rem] rounded px-px py-[0.2rem] transition-colors duration-100 ease-in-out\">note fumii, trandafir, patchouli, cedru, iasomie<\/span><\/p>\n<\/li>\n<li class=\"\" data-start=\"273\" data-end=\"374\">\n<p class=\"\" data-start=\"275\" data-end=\"374\"><strong data-start=\"275\" data-end=\"291\">Note de baz\u0103<\/strong>: <span class=\"relative -mx-px my-[-0.2rem] rounded px-px py-[0.2rem] transition-colors duration-100 ease-in-out\">ambre, vanilie, mu\u0219chi de stejar, note lemnoase<\/span><\/p>\n<\/li>\n<\/ul>","protected":false},"featured_media":1743,"comment_status":"open","ping_status":"closed","template":"","meta":{"om_disable_all_campaigns":false,"_monsterinsights_skip_tracking":false,"_monsterinsights_sitenote_active":false,"_monsterinsights_sitenote_note":"","_monsterinsights_sitenote_category":0},"product_brand":[79],"product_cat":[58,55],"product_tag":[],"class_list":{"0":"post-1742","1":"product","2":"type-product","3":"status-publish","4":"has-post-thumbnail","6":"product_brand-by-anfar-london","7":"product_cat-extracte-si-esente","8":"product_cat-pentru-el","10":"first","11":"instock","12":"shipping-taxable","13":"purchasable","14":"product-type-simple"},"aioseo_notices":[],"ct_brands":[{"id":79,"name":"By Anfar London","slug":"by-anfar-london"}],"_links":{"self":[{"href":"https:\/\/habibimb.com\/en\/wp-json\/wp\/v2\/product\/1742","targetHints":{"allow":["GET"]}}],"collection":[{"href":"https:\/\/habibimb.com\/en\/wp-json\/wp\/v2\/product"}],"about":[{"href":"https:\/\/habibimb.com\/en\/wp-json\/wp\/v2\/types\/product"}],"replies":[{"embeddable":true,"href":"https:\/\/habibimb.com\/en\/wp-json\/wp\/v2\/comments?post=1742"}],"wp:featuredmedia":[{"embeddable":true,"href":"https:\/\/habibimb.com\/en\/wp-json\/wp\/v2\/media\/1743"}],"wp:attachment":[{"href":"https:\/\/habibimb.com\/en\/wp-json\/wp\/v2\/media?parent=1742"}],"wp:term":[{"taxonomy":"product_brand","embeddable":true,"href":"https:\/\/habibimb.com\/en\/wp-json\/wp\/v2\/product_brand?post=1742"},{"taxonomy":"product_cat","embeddable":true,"href":"https:\/\/habibimb.com\/en\/wp-json\/wp\/v2\/product_cat?post=1742"},{"taxonomy":"product_tag","embeddable":true,"href":"https:\/\/habibimb.com\/en\/wp-json\/wp\/v2\/product_tag?post=1742"}],"curies":[{"name":"wp","href":"https:\/\/api.w.org\/{rel}","templated":true}]}}