{"id":1739,"date":"2025-04-25T17:40:21","date_gmt":"2025-04-25T17:40:21","guid":{"rendered":"https:\/\/habibimb.com\/?post_type=product&#038;p=1739"},"modified":"2025-10-28T05:23:21","modified_gmt":"2025-10-28T05:23:21","slug":"extract-de-parfum-pistachio-kunafa-by-anfar-london-unisex-80ml","status":"publish","type":"product","link":"https:\/\/habibimb.com\/en\/product\/extract-de-parfum-pistachio-kunafa-by-anfar-london-unisex-80ml\/","title":{"rendered":"Pistachio Kunafa , By Anfar London, 80"},"content":{"rendered":"<h2>Dezl\u0103n\u021buie-\u021bi sim\u021burile cu Anfar London<\/h2>\n<p>Experimenta\u021bi parfumul \u00eenc\u00e2nt\u0103tor al <strong>Extract de Parfum Pistachio Kunafa<\/strong> de Anfar London, un parfum unisex unic care surprinde perfect esen\u021ba r\u0103sf\u0103\u021bului \u0219i rafinamentului. Acest parfum rafinat este inspirat de faimosul desert din Orientul Mijlociu, amestec\u00e2nd note bogate de fistic cu nuci cu note de kunafa dulce pentru a crea o capodoper\u0103 olfactiv\u0103 care este at\u00e2t captivant\u0103, c\u00e2t \u0219i primitoare Ideal at\u00e2t pentru b\u0103rba\u021bi, c\u00e2t \u0219i pentru femei, aceast\u0103 ap\u0103 de parfum de 80 ml v\u0103 invit\u0103 s\u0103 v\u0103 r\u0103sf\u0103\u021ba\u021bi cu o c\u0103l\u0103torie olfactiv\u0103 care este de-a dreptul magic\u0103.<\/p>\n<h2>Un parfum care spune o poveste<\/h2>\n<p>Formularea Extract de Parfum Pistachio Kunafa este o dovad\u0103 a angajamentului Anfar London fa\u021b\u0103 de calitate \u0219i elegan\u021b\u0103. Fiecare sticl\u0103 este infuzat\u0103 cu un amestec armonios de note care se desf\u0103\u0219oar\u0103 frumos \u00een timp. Spray-ul ini\u021bial ofer\u0103 o explozie de prospe\u021bime cu fistic dulce \u0219i nuan\u021be florale moi, cre\u00e2nd o prim\u0103 impresie vibrant\u0103. Pe m\u0103sur\u0103 ce parfumul se dezvolt\u0103, apar note mai profunde, \u021bes\u00e2nd o tapiserie delicioas\u0103, cald\u0103 \u0219i primitoare. Inima parfumului dezv\u0103luie esen\u021ba bogat\u0103 a kunafa, un semn \u00eenc\u00e2nt\u0103tor al tradi\u021biei culinare, stratificat cu condimente subtile care evoc\u0103 amintiri de \u00eent\u00e2lniri confortabile.<\/p>\n<h2>Perfect pentru orice ocazie<\/h2>\n<p>Fie c\u0103 participa\u021bi la un eveniment special, v\u0103 bucura\u021bi de o sear\u0103 romantic\u0103 sau pur \u0219i simplu dori\u021bi s\u0103 face\u021bi o zi obi\u0219nuit\u0103 extraordinar\u0103, acest parfum unisex se adapteaz\u0103 f\u0103r\u0103 efort la orice situa\u021bie. <strong>Extract de Parfum Pistachio Kunafa<\/strong> este perfect pentru a fi stratificat cu alte parfumuri sau poate fi pur \u0219i simplu un parfum de semn\u0103tur\u0103 care las\u0103 o impresie de durat\u0103. Designul s\u0103u elegant al sticlei \u00eel face nu doar un parfum, ci un plus uimitor pentru toaleta ta sau un cadou atent pentru cineva special.<\/p>\n<p>Cu Anfar London, nu achizi\u021biona\u021bi doar un parfum; Investe\u0219ti \u00eentr-o experien\u021b\u0103 senzorial\u0103 care celebreaz\u0103 arta parfumeriei. R\u0103sf\u0103\u021ba\u021bi-v\u0103 cu aroma bogat\u0103 a Extract de Parfum Pistachio Kunafa ast\u0103zi \u0219i ridica\u021bi-v\u0103 colec\u021bia de parfumuri la noi culmi.<\/p>","protected":false},"excerpt":{"rendered":"<ul>\n<li class=\"\" data-start=\"232\" data-end=\"289\">\n<p class=\"\" data-start=\"234\" data-end=\"289\"><strong data-start=\"234\" data-end=\"250\">Note de v\u00e2rf<\/strong>: <span class=\"relative -mx-px my-[-0.2rem] rounded px-px py-[0.2rem] transition-colors duration-100 ease-in-out\">fistic, kunafa, nuci, caramel<\/span><\/p>\n<\/li>\n<li class=\"\" data-start=\"290\" data-end=\"349\">\n<p class=\"\" data-start=\"292\" data-end=\"349\"><strong data-start=\"292\" data-end=\"310\">Note de mijloc<\/strong>: <span class=\"relative -mx-px my-[-0.2rem] rounded px-px py-[0.2rem] transition-colors duration-100 ease-in-out\">boabe de tonka, cardamom<\/span><\/p>\n<\/li>\n<li class=\"\" data-start=\"350\" data-end=\"451\">\n<p class=\"\" data-start=\"352\" data-end=\"451\"><strong data-start=\"352\" data-end=\"368\">Note de baz\u0103<\/strong>: <span class=\"relative -mx-px my-[-0.2rem] rounded px-px py-[0.2rem] transition-colors duration-100 ease-in-out\">ciocolat\u0103, chihlimbar, vanilie, note pudrate<\/span><\/p>\n<\/li>\n<\/ul>","protected":false},"featured_media":1741,"comment_status":"open","ping_status":"closed","template":"","meta":{"om_disable_all_campaigns":false,"_monsterinsights_skip_tracking":false,"_monsterinsights_sitenote_active":false,"_monsterinsights_sitenote_note":"","_monsterinsights_sitenote_category":0},"product_brand":[79],"product_cat":[58,57],"product_tag":[],"class_list":{"0":"post-1739","1":"product","2":"type-product","3":"status-publish","4":"has-post-thumbnail","6":"product_brand-by-anfar-london","7":"product_cat-extracte-si-esente","8":"product_cat-unisex","10":"first","11":"instock","12":"sale","13":"shipping-taxable","14":"purchasable","15":"product-type-simple"},"aioseo_notices":[],"ct_brands":[{"id":79,"name":"By Anfar London","slug":"by-anfar-london"}],"_links":{"self":[{"href":"https:\/\/habibimb.com\/en\/wp-json\/wp\/v2\/product\/1739","targetHints":{"allow":["GET"]}}],"collection":[{"href":"https:\/\/habibimb.com\/en\/wp-json\/wp\/v2\/product"}],"about":[{"href":"https:\/\/habibimb.com\/en\/wp-json\/wp\/v2\/types\/product"}],"replies":[{"embeddable":true,"href":"https:\/\/habibimb.com\/en\/wp-json\/wp\/v2\/comments?post=1739"}],"wp:featuredmedia":[{"embeddable":true,"href":"https:\/\/habibimb.com\/en\/wp-json\/wp\/v2\/media\/1741"}],"wp:attachment":[{"href":"https:\/\/habibimb.com\/en\/wp-json\/wp\/v2\/media?parent=1739"}],"wp:term":[{"taxonomy":"product_brand","embeddable":true,"href":"https:\/\/habibimb.com\/en\/wp-json\/wp\/v2\/product_brand?post=1739"},{"taxonomy":"product_cat","embeddable":true,"href":"https:\/\/habibimb.com\/en\/wp-json\/wp\/v2\/product_cat?post=1739"},{"taxonomy":"product_tag","embeddable":true,"href":"https:\/\/habibimb.com\/en\/wp-json\/wp\/v2\/product_tag?post=1739"}],"curies":[{"name":"wp","href":"https:\/\/api.w.org\/{rel}","templated":true}]}}