{"id":1737,"date":"2025-04-25T17:35:58","date_gmt":"2025-04-25T17:35:58","guid":{"rendered":"https:\/\/habibimb.com\/?post_type=product&#038;p=1737"},"modified":"2025-10-30T08:15:25","modified_gmt":"2025-10-30T08:15:25","slug":"apa-de-parfum-adyan-namoos-unisex-100ml","status":"publish","type":"product","link":"https:\/\/habibimb.com\/en\/product\/apa-de-parfum-adyan-namoos-unisex-100ml\/","title":{"rendered":"Adyan, Namoos"},"content":{"rendered":"<h2>Descoperi\u021bi farmecul Apa de Parfum Adyan<\/h2>\n<p>Dezl\u0103n\u021buie-\u021bi magnetismul interior cu Apa de Parfum Adyan, un parfum captivant care transcende grani\u021bele de gen. Creat at\u00e2t pentru b\u0103rba\u021bi, c\u00e2t \u0219i pentru femei, acest parfum unisex combin\u0103 note rafinate care evoc\u0103 rafinament \u0219i farmec. \u00cenvelit \u00eentr-o sticl\u0103 de 100 ml, este perfect pentru purtarea zilnic\u0103 sau pentru ocazii speciale, oferindu-\u021bi un plus versatil pentru colec\u021bia ta de parfumuri.<\/p>\n<h2>Note care aprind sim\u021burile<\/h2>\n<p>Inima Apa de Parfum Adyan este o orchestr\u0103 \u00eenc\u00e2nt\u0103toare de arome care se armonizeaz\u0103 frumos. Notele de v\u00e2rf explodeaz\u0103 cu citrice proaspete \u0219i ierburi aromatice care v\u0103 trezesc sim\u021burile, duc\u00e2nd la un mijloc vibrant \u00een care notele florale se \u00eempletesc cu picior subtil. Notele de baz\u0103 ofer\u0103 o arom\u0103 cald\u0103 \u0219i primitoare de lemn \u0219i mosc, l\u0103s\u00e2nd o urm\u0103 memorabil\u0103 care \u00eei captiveaz\u0103 pe cei din jur. Acest echilibru asigur\u0103 c\u0103 parfumul r\u0103m\u00e2ne \u00een\u0103l\u021b\u0103tor, dar \u00eemp\u0103m\u00e2ntat, f\u0103c\u00e2ndu-l potrivit pentru orice dispozi\u021bie sau cadru.<\/p>\n<h2>Un cadou perfect pentru orice ocazie<\/h2>\n<p>Ambalat \u00eentr-o sticl\u0103 frumos proiectat\u0103, Apa de Parfum Adyan este un cadou ideal pentru prieteni, familie sau pentru tine. Fie c\u0103 este vorba de o zi de na\u0219tere, o aniversare sau un simplu gest de apreciere, acest parfum rafinat va impresiona cu siguran\u021b\u0103. Natura sa unisex \u00eei permite s\u0103 rezoneze cu oricine, f\u0103c\u00e2ndu-l o alegere fantastic\u0103 pentru experien\u021be comune. \u00cembun\u0103t\u0103\u021be\u0219te cadourile cu un parfum care se simte personal \u0219i luxos.<\/p>\n<p>Experimenteaz\u0103 elegan\u021ba profund\u0103 pe care o aduce Apa de Parfum Adyan \u0219i f\u0103-o un element de baz\u0103 \u00een rutina ta zilnic\u0103. Cu profilul s\u0103u olfactiv de neuitat \u0219i ambalajul elegant, este mai mult dec\u00e2t un parfum; este o expresie a identit\u0103\u021bii \u0219i a stilului.<\/p>","protected":false},"excerpt":{"rendered":"<ul>\n<li class=\"\" data-start=\"232\" data-end=\"289\">\n<p class=\"\" data-start=\"234\" data-end=\"289\"><strong data-start=\"234\" data-end=\"250\">Note de v\u00e2rf<\/strong>: <span class=\"relative -mx-px my-[-0.2rem] rounded px-px py-[0.2rem] transition-colors duration-100 ease-in-out\">portocal\u0103, grapefruit<\/span><\/p>\n<\/li>\n<li class=\"\" data-start=\"290\" data-end=\"349\">\n<p class=\"\" data-start=\"292\" data-end=\"349\"><strong data-start=\"292\" data-end=\"310\">Note de mijloc<\/strong>: <span class=\"relative -mx-px my-[-0.2rem] rounded px-px py-[0.2rem] transition-colors duration-100 ease-in-out\">piper negru, pelargonium (mu\u0219cat\u0103), silex<\/span><\/p>\n<\/li>\n<li class=\"\" data-start=\"350\" data-end=\"451\">\n<p class=\"\" data-start=\"352\" data-end=\"451\"><strong data-start=\"352\" data-end=\"368\">Note de baz\u0103<\/strong>: <span class=\"relative -mx-px my-[-0.2rem] rounded px-px py-[0.2rem] transition-colors duration-100 ease-in-out\">vetiver, cedru, patchouli, benzoic<\/span><\/p>\n<\/li>\n<\/ul>","protected":false},"featured_media":1738,"comment_status":"open","ping_status":"closed","template":"","meta":{"om_disable_all_campaigns":false,"_monsterinsights_skip_tracking":false,"_monsterinsights_sitenote_active":false,"_monsterinsights_sitenote_note":"","_monsterinsights_sitenote_category":0},"product_brand":[78],"product_cat":[57],"product_tag":[],"class_list":{"0":"post-1737","1":"product","2":"type-product","3":"status-publish","4":"has-post-thumbnail","6":"product_brand-adyan","7":"product_cat-unisex","9":"first","10":"outofstock","11":"shipping-taxable","12":"purchasable","13":"product-type-simple"},"aioseo_notices":[],"ct_brands":[{"id":78,"name":"Adyan","slug":"adyan"}],"_links":{"self":[{"href":"https:\/\/habibimb.com\/en\/wp-json\/wp\/v2\/product\/1737","targetHints":{"allow":["GET"]}}],"collection":[{"href":"https:\/\/habibimb.com\/en\/wp-json\/wp\/v2\/product"}],"about":[{"href":"https:\/\/habibimb.com\/en\/wp-json\/wp\/v2\/types\/product"}],"replies":[{"embeddable":true,"href":"https:\/\/habibimb.com\/en\/wp-json\/wp\/v2\/comments?post=1737"}],"wp:featuredmedia":[{"embeddable":true,"href":"https:\/\/habibimb.com\/en\/wp-json\/wp\/v2\/media\/1738"}],"wp:attachment":[{"href":"https:\/\/habibimb.com\/en\/wp-json\/wp\/v2\/media?parent=1737"}],"wp:term":[{"taxonomy":"product_brand","embeddable":true,"href":"https:\/\/habibimb.com\/en\/wp-json\/wp\/v2\/product_brand?post=1737"},{"taxonomy":"product_cat","embeddable":true,"href":"https:\/\/habibimb.com\/en\/wp-json\/wp\/v2\/product_cat?post=1737"},{"taxonomy":"product_tag","embeddable":true,"href":"https:\/\/habibimb.com\/en\/wp-json\/wp\/v2\/product_tag?post=1737"}],"curies":[{"name":"wp","href":"https:\/\/api.w.org\/{rel}","templated":true}]}}