{"id":1735,"date":"2025-04-25T17:32:36","date_gmt":"2025-04-25T17:32:36","guid":{"rendered":"https:\/\/habibimb.com\/?post_type=product&#038;p=1735"},"modified":"2025-10-30T08:16:40","modified_gmt":"2025-10-30T08:16:40","slug":"extract-de-parfum-adyan-bara-unisex-100ml","status":"publish","type":"product","link":"https:\/\/habibimb.com\/en\/product\/extract-de-parfum-adyan-bara-unisex-100ml\/","title":{"rendered":"Adyan, Bara"},"content":{"rendered":"<h2>Dezl\u0103n\u021buie-\u021bi sim\u021burile cu Adyan, Bara<\/h2>\n<p>Cufunda\u021bi-v\u0103 \u00eentr-o lume a rafinamentului rafinat cu Extract de Parfum Adyan, Bara. Acest parfum unisex rafinat este conceput pentru cei care apreciaz\u0103 lucrurile fine din via\u021b\u0103. \u00cenvelit \u00eentr-o sticl\u0103 elegant\u0103 de 100 ml, Adyan, Bara promite o c\u0103l\u0103torie olfactiv\u0103 captivant\u0103 care transcende grani\u021bele \u0219i dezv\u0103luie o aur\u0103 de elegan\u021b\u0103.<\/p>\n<h2>Un amestec armonios de note<\/h2>\n<p>Adyan, Bara are o compozi\u021bie magistral\u0103 care armonizeaz\u0103 diverse note pentru a crea un parfum unic. La deschidere, experimenta\u021bi explozia r\u0103coritoare a notelor de citrice care revigoreaz\u0103 sim\u021burile, urmat\u0103 de o inim\u0103 de nuan\u021be florale \u0219i vegetale care evoc\u0103 lini\u0219tea. Acest amestec perfect trece gra\u021bios \u00eentr-o baz\u0103 cald\u0103 \u0219i lemnoas\u0103, asigur\u00e2ndu-v\u0103 c\u0103 l\u0103sa\u021bi o impresie de durat\u0103 oriunde merge\u021bi.<\/p>\n<h2>Perfect pentru orice ocazie<\/h2>\n<p>Fie c\u0103 este vorba de o ie\u0219ire casual sau de un eveniment formal, Extract de Parfum Adyan, Bara este parfumul t\u0103u preferat pentru orice ocazie. Profilul s\u0103u de parfum versatil \u00eel face potrivit at\u00e2t pentru zi, c\u00e2t \u0219i pentru noapte, permi\u021b\u00e2ndu-v\u0103 s\u0103 \u00eentruchipa\u021bi \u00eencrederea \u0219i farmecul \u00een orice moment. \u00cembr\u0103\u021bi\u0219eaz\u0103 un parfum care rezoneaz\u0103 cu individualitatea ta \u0219i \u00ee\u021bi \u00eembun\u0103t\u0103\u021be\u0219te stilul personal.<\/p>","protected":false},"excerpt":{"rendered":"<p>Inspirat din Angel&#8217;s Share by\u00a0Kilian<\/p>\n<p>&nbsp;<\/p>\n<ul>\n<li class=\"\" data-start=\"193\" data-end=\"250\">\n<p class=\"\" data-start=\"195\" data-end=\"250\"><strong data-start=\"195\" data-end=\"211\">Note de v\u00e2rf<\/strong>: <span class=\"relative -mx-px my-[-0.2rem] rounded px-px py-[0.2rem] bg-[#FCECC1] dark:bg-[#64572A] transition-colors duration-100 ease-in-out\">Cognac<\/span><\/p>\n<\/li>\n<li class=\"\" data-start=\"251\" data-end=\"310\">\n<p class=\"\" data-start=\"253\" data-end=\"310\"><strong data-start=\"253\" data-end=\"271\">Note de mijloc<\/strong>: <span class=\"relative -mx-px my-[-0.2rem] rounded px-px py-[0.2rem] bg-[#FCECC1] dark:bg-[#64572A] transition-colors duration-100 ease-in-out\">Scor\u021bi\u0219oar\u0103, Haba tonka, Stejar<\/span><\/p>\n<\/li>\n<li class=\"\" data-start=\"311\" data-end=\"412\">\n<p class=\"\" data-start=\"313\" data-end=\"412\"><strong data-start=\"313\" data-end=\"329\">Note de baz\u0103<\/strong>: <span class=\"relative -mx-px my-[-0.2rem] rounded px-px py-[0.2rem] bg-[#FCECC1] dark:bg-[#64572A] transition-colors duration-100 ease-in-out\">Pralin\u0103, Vanilie, Santal<\/span>\u200b<\/p>\n<\/li>\n<\/ul>","protected":false},"featured_media":1736,"comment_status":"open","ping_status":"closed","template":"","meta":{"om_disable_all_campaigns":false,"_monsterinsights_skip_tracking":false,"_monsterinsights_sitenote_active":false,"_monsterinsights_sitenote_note":"","_monsterinsights_sitenote_category":0},"product_brand":[78],"product_cat":[58,57],"product_tag":[],"class_list":{"0":"post-1735","1":"product","2":"type-product","3":"status-publish","4":"has-post-thumbnail","6":"product_brand-adyan","7":"product_cat-extracte-si-esente","8":"product_cat-unisex","10":"first","11":"outofstock","12":"shipping-taxable","13":"purchasable","14":"product-type-simple"},"aioseo_notices":[],"ct_brands":[{"id":78,"name":"Adyan","slug":"adyan"}],"_links":{"self":[{"href":"https:\/\/habibimb.com\/en\/wp-json\/wp\/v2\/product\/1735","targetHints":{"allow":["GET"]}}],"collection":[{"href":"https:\/\/habibimb.com\/en\/wp-json\/wp\/v2\/product"}],"about":[{"href":"https:\/\/habibimb.com\/en\/wp-json\/wp\/v2\/types\/product"}],"replies":[{"embeddable":true,"href":"https:\/\/habibimb.com\/en\/wp-json\/wp\/v2\/comments?post=1735"}],"wp:featuredmedia":[{"embeddable":true,"href":"https:\/\/habibimb.com\/en\/wp-json\/wp\/v2\/media\/1736"}],"wp:attachment":[{"href":"https:\/\/habibimb.com\/en\/wp-json\/wp\/v2\/media?parent=1735"}],"wp:term":[{"taxonomy":"product_brand","embeddable":true,"href":"https:\/\/habibimb.com\/en\/wp-json\/wp\/v2\/product_brand?post=1735"},{"taxonomy":"product_cat","embeddable":true,"href":"https:\/\/habibimb.com\/en\/wp-json\/wp\/v2\/product_cat?post=1735"},{"taxonomy":"product_tag","embeddable":true,"href":"https:\/\/habibimb.com\/en\/wp-json\/wp\/v2\/product_tag?post=1735"}],"curies":[{"name":"wp","href":"https:\/\/api.w.org\/{rel}","templated":true}]}}