{"id":1733,"date":"2025-04-25T17:29:52","date_gmt":"2025-04-25T17:29:52","guid":{"rendered":"https:\/\/habibimb.com\/?post_type=product&#038;p=1733"},"modified":"2025-12-09T07:59:19","modified_gmt":"2025-12-09T07:59:19","slug":"extract-de-parfum-adyan-tamniyat-ambree-femei-100ml","status":"publish","type":"product","link":"https:\/\/habibimb.com\/en\/product\/extract-de-parfum-adyan-tamniyat-ambree-femei-100ml\/","title":{"rendered":"Adyan, Tamniyat Ambree"},"content":{"rendered":"<h2>Dezl\u0103n\u021buie-\u021bi str\u0103lucirea interioar\u0103<\/h2>\n<p>Descoperi\u021bi esen\u021ba elegan\u021bei cu Extract de Parfum Adyan, Tamniyat Ambree pentru femei. Acest parfum rafinat \u00eencapsuleaz\u0103 spiritul feminit\u0103\u021bii, invit\u00e2ndu-v\u0103 s\u0103 v\u0103 \u00eembr\u0103\u021bi\u0219a\u021bi individualitatea \u0219i s\u0103 v\u0103 exprima\u021bi adev\u0103ratul sine cu fiecare pulverizare. Creat pentru femeia modern\u0103, promite s\u0103-\u021bi sporeasc\u0103 alura natural\u0103 \u0219i s\u0103 lase o urm\u0103 captivant\u0103 oriunde te-ai duce.<\/p>\n<h2>O simfonie de note<\/h2>\n<p>Profilul olfactiv captivant al Tamniyat Ambree se desf\u0103\u0219oar\u0103 cu un amestec \u00eenc\u00e2nt\u0103tor de note fructate \u0219i florale, intercalate armonios cu nuan\u021be calde, lemnoase. La prima inspira\u021bie, e\u0219ti \u00eent\u00e2mpinat cu note de v\u00e2rf delicioase care trezesc sim\u021burile, duc\u00e2nd la o inim\u0103 care \u00eenflore\u0219te cu flori bogate. Parfumul se instaleaz\u0103 \u00eentr-o baz\u0103 luxoas\u0103, care adaug\u0103 o not\u0103 de c\u0103ldur\u0103 \u0219i rafinament, f\u0103c\u00e2ndu-l perfect pentru zi sau noapte.<\/p>\n<h2>Experimenta\u021bi longevitatea \u0219i intensitatea<\/h2>\n<p>Cu o sticl\u0103 generoas\u0103 de 100 ml, Extract de Parfum Adyan este conceput pentru a oferi performan\u021be de lung\u0103 durat\u0103. C\u00e2teva pulveriz\u0103ri pe punctele de puls te vor \u00eenv\u0103lui \u00een aura sa \u00eemb\u0103t\u0103toare toat\u0103 ziua. Fie c\u0103 intra\u021bi \u00eentr-o \u00eent\u00e2lnire, ie\u0219i\u021bi \u00eentr-o sear\u0103 romantic\u0103 sau pur \u0219i simplu v\u0103 bucura\u021bi de o zi informal\u0103, acest parfum este un partener esen\u021bial care v\u0103 asigur\u0103 s\u0103 v\u0103 sim\u021bi\u021bi \u00eencrez\u0103tor \u0219i atr\u0103g\u0103tor.<\/p>\n<p>\u00cembun\u0103t\u0103\u021be\u0219te-\u021bi colec\u021bia de parfumuri cu Extract de Parfum Adyan, Tamniyat Ambree for Women. Nu este doar un miros; Este o invita\u021bie de a descoperi profunzimile personalit\u0103\u021bii tale \u0219i de a-i fermeca pe cei din jurul t\u0103u. \u00cembun\u0103t\u0103\u021be\u0219te-\u021bi experien\u021ba de zi cu zi cu acest parfum \u00eenc\u00e2nt\u0103tor \u0219i f\u0103 o impresie de durat\u0103.<\/p>","protected":false},"excerpt":{"rendered":"<p>Inspirat din Erba Pura Xerjoff<\/p>\n<p>&nbsp;<\/p>\n<ul>\n<li class=\"\" data-start=\"155\" data-end=\"212\">\n<p class=\"\" data-start=\"157\" data-end=\"212\"><strong data-start=\"157\" data-end=\"173\">Note de v\u00e2rf<\/strong>: <span class=\"relative -mx-px my-[-0.2rem] rounded px-px py-[0.2rem] transition-colors duration-100 ease-in-out\">Bergamot\u0103, L\u0103m\u00e2ie, Rozmarin, Cedru<\/span><\/p>\n<\/li>\n<li class=\"\" data-start=\"213\" data-end=\"272\">\n<p class=\"\" data-start=\"215\" data-end=\"272\"><strong data-start=\"215\" data-end=\"233\">Note de mijloc<\/strong>: <span class=\"relative -mx-px my-[-0.2rem] rounded px-px py-[0.2rem] transition-colors duration-100 ease-in-out\">Condimente, Cedru, Lemn de Guaiac<\/span><\/p>\n<\/li>\n<li class=\"\" data-start=\"273\" data-end=\"374\">\n<p class=\"\" data-start=\"275\" data-end=\"374\"><strong data-start=\"275\" data-end=\"291\">Note de baz\u0103<\/strong>: <span class=\"relative -mx-px my-[-0.2rem] rounded px-px py-[0.2rem] transition-colors duration-100 ease-in-out\">R\u0103\u0219ini, Ambr\u0103, Mosc<\/span>\u200b<\/p>\n<\/li>\n<\/ul>","protected":false},"featured_media":1734,"comment_status":"open","ping_status":"closed","template":"","meta":{"om_disable_all_campaigns":false,"_monsterinsights_skip_tracking":false,"_monsterinsights_sitenote_active":false,"_monsterinsights_sitenote_note":"","_monsterinsights_sitenote_category":0},"product_brand":[78],"product_cat":[58,56],"product_tag":[],"class_list":{"0":"post-1733","1":"product","2":"type-product","3":"status-publish","4":"has-post-thumbnail","6":"product_brand-adyan","7":"product_cat-extracte-si-esente","8":"product_cat-pentru-ea","10":"first","11":"instock","12":"shipping-taxable","13":"purchasable","14":"product-type-simple"},"aioseo_notices":[],"ct_brands":[{"id":78,"name":"Adyan","slug":"adyan"}],"_links":{"self":[{"href":"https:\/\/habibimb.com\/en\/wp-json\/wp\/v2\/product\/1733","targetHints":{"allow":["GET"]}}],"collection":[{"href":"https:\/\/habibimb.com\/en\/wp-json\/wp\/v2\/product"}],"about":[{"href":"https:\/\/habibimb.com\/en\/wp-json\/wp\/v2\/types\/product"}],"replies":[{"embeddable":true,"href":"https:\/\/habibimb.com\/en\/wp-json\/wp\/v2\/comments?post=1733"}],"wp:featuredmedia":[{"embeddable":true,"href":"https:\/\/habibimb.com\/en\/wp-json\/wp\/v2\/media\/1734"}],"wp:attachment":[{"href":"https:\/\/habibimb.com\/en\/wp-json\/wp\/v2\/media?parent=1733"}],"wp:term":[{"taxonomy":"product_brand","embeddable":true,"href":"https:\/\/habibimb.com\/en\/wp-json\/wp\/v2\/product_brand?post=1733"},{"taxonomy":"product_cat","embeddable":true,"href":"https:\/\/habibimb.com\/en\/wp-json\/wp\/v2\/product_cat?post=1733"},{"taxonomy":"product_tag","embeddable":true,"href":"https:\/\/habibimb.com\/en\/wp-json\/wp\/v2\/product_tag?post=1733"}],"curies":[{"name":"wp","href":"https:\/\/api.w.org\/{rel}","templated":true}]}}