{"id":1731,"date":"2025-04-25T17:23:53","date_gmt":"2025-04-25T17:23:53","guid":{"rendered":"https:\/\/habibimb.com\/?post_type=product&#038;p=1731"},"modified":"2025-12-09T07:58:45","modified_gmt":"2025-12-09T07:58:45","slug":"extract-de-parfum-adyan-tamniyat-flora-femei-100ml","status":"publish","type":"product","link":"https:\/\/habibimb.com\/en\/product\/extract-de-parfum-adyan-tamniyat-flora-femei-100ml\/","title":{"rendered":"Adyan, Tamniyat Flora"},"content":{"rendered":"<h2><span class=\"relative -mx-px my-[-0.2rem] rounded px-px py-[0.2rem] transition-colors duration-100 ease-in-out\">Parfumul <strong data-start=\"9\" data-end=\"34\">Adyan Thamniyat Flora<\/strong> pentru femei (100 ml) este un parfum arabesc de ni\u0219\u0103, cu o compozi\u021bie floral\u0103 \u0219i elegant\u0103.<\/span> <span class=\"relative -mx-px my-[-0.2rem] rounded px-px py-[0.2rem] transition-colors duration-100 ease-in-out\">\u00cen ceea ce prive\u0219te posibilele parfumuri la care ar putea fi considerat o replic\u0103, nu exist\u0103 informa\u021bii oficiale care s\u0103 indice o coresponden\u021b\u0103 exact\u0103.<\/span> <span class=\"relative -mx-px my-[-0.2rem] rounded px-px py-[0.2rem] transition-colors duration-100 ease-in-out\">Totu\u0219i, av\u00e2nd \u00een vedere notele sale, este posibil s\u0103 fie comparat cu parfumuri precum <strong data-start=\"86\" data-end=\"101\">Gucci Flora<\/strong> sau <strong data-start=\"106\" data-end=\"139\">Gucci Flora Gorgeous Gardenia<\/strong>, care au \u0219i ele accente florale \u0219i fructate.<\/span><\/h2>","protected":false},"excerpt":{"rendered":"<ul>\n<li class=\"\" data-start=\"193\" data-end=\"250\">\n<p class=\"\" data-start=\"195\" data-end=\"250\"><strong data-start=\"195\" data-end=\"211\">Note de v\u00e2rf<\/strong>: <span class=\"relative -mx-px my-[-0.2rem] rounded px-px py-[0.2rem] bg-[#FCECC1] dark:bg-[#64572A] transition-colors duration-100 ease-in-out\">Bergamot\u0103, Litchi, Rubarb\u0103<\/span><\/p>\n<\/li>\n<li class=\"\" data-start=\"251\" data-end=\"310\">\n<p class=\"\" data-start=\"253\" data-end=\"310\"><strong data-start=\"253\" data-end=\"271\">Note de mijloc<\/strong>: <span class=\"relative -mx-px my-[-0.2rem] rounded px-px py-[0.2rem] transition-colors duration-100 ease-in-out\">Bujor, Mosc, Trandafir<\/span><\/p>\n<\/li>\n<li class=\"\" data-start=\"311\" data-end=\"412\">\n<p class=\"\" data-start=\"313\" data-end=\"412\"><strong data-start=\"313\" data-end=\"329\">Note de baz\u0103<\/strong>: <span class=\"relative -mx-px my-[-0.2rem] rounded px-px py-[0.2rem] bg-[#FCECC1] dark:bg-[#64572A] transition-colors duration-100 ease-in-out\">Ca\u0219mir, Cedru, T\u0103m\u00e2ie<\/span>\u200b<\/p>\n<\/li>\n<\/ul>","protected":false},"featured_media":1732,"comment_status":"open","ping_status":"closed","template":"","meta":{"om_disable_all_campaigns":false,"_monsterinsights_skip_tracking":false,"_monsterinsights_sitenote_active":false,"_monsterinsights_sitenote_note":"","_monsterinsights_sitenote_category":0},"product_brand":[78],"product_cat":[58,56],"product_tag":[],"class_list":{"0":"post-1731","1":"product","2":"type-product","3":"status-publish","4":"has-post-thumbnail","6":"product_brand-adyan","7":"product_cat-extracte-si-esente","8":"product_cat-pentru-ea","10":"first","11":"instock","12":"shipping-taxable","13":"purchasable","14":"product-type-simple"},"aioseo_notices":[],"ct_brands":[{"id":78,"name":"Adyan","slug":"adyan"}],"_links":{"self":[{"href":"https:\/\/habibimb.com\/en\/wp-json\/wp\/v2\/product\/1731","targetHints":{"allow":["GET"]}}],"collection":[{"href":"https:\/\/habibimb.com\/en\/wp-json\/wp\/v2\/product"}],"about":[{"href":"https:\/\/habibimb.com\/en\/wp-json\/wp\/v2\/types\/product"}],"replies":[{"embeddable":true,"href":"https:\/\/habibimb.com\/en\/wp-json\/wp\/v2\/comments?post=1731"}],"wp:featuredmedia":[{"embeddable":true,"href":"https:\/\/habibimb.com\/en\/wp-json\/wp\/v2\/media\/1732"}],"wp:attachment":[{"href":"https:\/\/habibimb.com\/en\/wp-json\/wp\/v2\/media?parent=1731"}],"wp:term":[{"taxonomy":"product_brand","embeddable":true,"href":"https:\/\/habibimb.com\/en\/wp-json\/wp\/v2\/product_brand?post=1731"},{"taxonomy":"product_cat","embeddable":true,"href":"https:\/\/habibimb.com\/en\/wp-json\/wp\/v2\/product_cat?post=1731"},{"taxonomy":"product_tag","embeddable":true,"href":"https:\/\/habibimb.com\/en\/wp-json\/wp\/v2\/product_tag?post=1731"}],"curies":[{"name":"wp","href":"https:\/\/api.w.org\/{rel}","templated":true}]}}