{"id":1729,"date":"2025-04-25T17:19:19","date_gmt":"2025-04-25T17:19:19","guid":{"rendered":"https:\/\/habibimb.com\/?post_type=product&#038;p=1729"},"modified":"2026-02-26T08:35:22","modified_gmt":"2026-02-26T08:35:22","slug":"extract-de-parfum-adyan-glamour-femei-100ml","status":"publish","type":"product","link":"https:\/\/habibimb.com\/en\/product\/extract-de-parfum-adyan-glamour-femei-100ml\/","title":{"rendered":"Adyan, Glamour"},"content":{"rendered":"<p><span class=\"relative -mx-px my-[-0.2rem] rounded px-px py-[0.2rem] transition-colors duration-100 ease-in-out\">Parfumul <strong data-start=\"9\" data-end=\"50\">Extract de Parfum Adyan Glamour 100ml<\/strong> pentru femei este un parfum arabesc de ni\u0219\u0103, apreciat pentru compozi\u021bia sa dulce \u0219i gurmand\u0103.<\/span> <span class=\"relative -mx-px my-[-0.2rem] rounded px-px py-[0.2rem] transition-colors duration-100 ease-in-out\">\u00cen ceea ce prive\u0219te posibilele parfumuri la care ar putea fi considerat o replic\u0103, nu exist\u0103 informa\u021bii oficiale care s\u0103 indice o coresponden\u021b\u0103 exact\u0103.<\/span> <span class=\"relative -mx-px my-[-0.2rem] rounded px-px py-[0.2rem] transition-colors duration-100 ease-in-out\">Totu\u0219i, av\u00e2nd \u00een vedere notele sale, este posibil s\u0103 fie comparat cu parfumuri precum <strong data-start=\"86\" data-end=\"116\">Jean Paul Gaultier Scandal<\/strong> sau <strong data-start=\"121\" data-end=\"150\">Paco Rabanne Lady Million<\/strong>, care au \u0219i ele accente dulci \u0219i gurmande.<\/span><\/p>","protected":false},"excerpt":{"rendered":"<ul data-start=\"151\" data-end=\"639\">\n<li data-start=\"151\" data-end=\"284\"><strong data-start=\"153\" data-end=\"169\">Note de v\u00e2rf<\/strong>: Caramelul aduce un \u00eenceput dulce \u0219i apetisant, cu o senza\u021bie de topire delicat\u0103, evoc\u00e2nd luxul \u0219i rafinamentul.<\/li>\n<li data-start=\"285\" data-end=\"482\"><strong data-start=\"287\" data-end=\"305\">Note de mijloc<\/strong>: Coumarinul \u0219i mierea se \u00eempletesc armonios, oferind un echilibru \u00eentre accentele u\u0219or condimentate \u0219i dulcea\u021ba floral\u0103, cre\u00e2nd o senza\u021bie irezistibil\u0103 de c\u0103ldur\u0103 \u0219i confort.<\/li>\n<li data-start=\"483\" data-end=\"639\"><strong data-start=\"485\" data-end=\"501\">Note de baz\u0103<\/strong>: Vanilia cremoas\u0103 \u0219i moscul alb las\u0103 o amprent\u0103 seduc\u0103toare, oferind profunzime \u0219i elegan\u021b\u0103, cu o persisten\u021b\u0103 catifelat\u0103 \u0219i \u00eembietoare.<\/li>\n<\/ul>","protected":false},"featured_media":1730,"comment_status":"open","ping_status":"closed","template":"","meta":{"om_disable_all_campaigns":false,"_monsterinsights_skip_tracking":false,"_monsterinsights_sitenote_active":false,"_monsterinsights_sitenote_note":"","_monsterinsights_sitenote_category":0},"product_brand":[78],"product_cat":[58,56],"product_tag":[],"class_list":{"0":"post-1729","1":"product","2":"type-product","3":"status-publish","4":"has-post-thumbnail","6":"product_brand-adyan","7":"product_cat-extracte-si-esente","8":"product_cat-pentru-ea","10":"first","11":"instock","12":"sale","13":"shipping-taxable","14":"purchasable","15":"product-type-simple"},"aioseo_notices":[],"ct_brands":[{"id":78,"name":"Adyan","slug":"adyan"}],"_links":{"self":[{"href":"https:\/\/habibimb.com\/en\/wp-json\/wp\/v2\/product\/1729","targetHints":{"allow":["GET"]}}],"collection":[{"href":"https:\/\/habibimb.com\/en\/wp-json\/wp\/v2\/product"}],"about":[{"href":"https:\/\/habibimb.com\/en\/wp-json\/wp\/v2\/types\/product"}],"replies":[{"embeddable":true,"href":"https:\/\/habibimb.com\/en\/wp-json\/wp\/v2\/comments?post=1729"}],"wp:featuredmedia":[{"embeddable":true,"href":"https:\/\/habibimb.com\/en\/wp-json\/wp\/v2\/media\/1730"}],"wp:attachment":[{"href":"https:\/\/habibimb.com\/en\/wp-json\/wp\/v2\/media?parent=1729"}],"wp:term":[{"taxonomy":"product_brand","embeddable":true,"href":"https:\/\/habibimb.com\/en\/wp-json\/wp\/v2\/product_brand?post=1729"},{"taxonomy":"product_cat","embeddable":true,"href":"https:\/\/habibimb.com\/en\/wp-json\/wp\/v2\/product_cat?post=1729"},{"taxonomy":"product_tag","embeddable":true,"href":"https:\/\/habibimb.com\/en\/wp-json\/wp\/v2\/product_tag?post=1729"}],"curies":[{"name":"wp","href":"https:\/\/api.w.org\/{rel}","templated":true}]}}