{"id":1725,"date":"2025-04-25T07:34:01","date_gmt":"2025-04-25T07:34:01","guid":{"rendered":"https:\/\/habibimb.com\/?post_type=product&#038;p=1725"},"modified":"2025-05-15T07:31:23","modified_gmt":"2025-05-15T07:31:23","slug":"extract-de-parfum-adyan-award-alpha-barbati-100ml","status":"publish","type":"product","link":"https:\/\/habibimb.com\/en\/product\/extract-de-parfum-adyan-award-alpha-barbati-100ml\/","title":{"rendered":"Adyan, Award Alpha"},"content":{"rendered":"<h2>Dezl\u0103n\u021buie-\u021bi \u00eencrederea cu Award Alpha<\/h2>\n<p>V\u0103 prezent\u0103m Extract de Parfum Adyan, Award Alpha, conceput pentru b\u0103rbatul modern care caut\u0103 s\u0103 fac\u0103 o impresie memorabil\u0103. Acest parfum rafinat, prezentat \u00eentr-o sticl\u0103 elegant\u0103 de 100 ml, \u00eentruchipeaz\u0103 rafinamentul \u0219i farmecul, asigur\u00e2ndu-v\u0103 c\u0103 ie\u0219i\u021bi \u00een eviden\u021b\u0103 \u00een orice decor. Cu notele sale bogate \u0219i aroma captivant\u0103, Award Alpha nu este doar un parfum; Este o experien\u021b\u0103 care aprinde \u00eencrederea \u0219i farmecul.<\/p>\n<h2>Esen\u021ba luxului \u00een fiecare pic\u0103tur\u0103<\/h2>\n<p>Fabricat cu cele mai bune ingrediente, Extract de Parfum Adyan ofer\u0103 o c\u0103l\u0103torie senzorial\u0103 care combin\u0103 prospe\u021bimea \u0219i c\u0103ldura. \u00cen timp ce purta\u021bi acest parfum, observa\u021bi notele vibrante de v\u00e2rf care se deschid cu citrice \u0219i condimente picante, ceea ce duce la o inim\u0103 de ierburi aromatice \u0219i note florale. Notele de baz\u0103 sunt un amestec robust de lemn \u0219i mosc, cre\u00e2nd un parfum de lung\u0103 durat\u0103 care persist\u0103 \u00eenc\u00e2nt\u0103tor pe tot parcursul zilei. Fiecare component\u0103 este selectat\u0103 meticulos pentru a func\u021biona armonios, asigur\u00e2nd un profil complex, dar pl\u0103cut, care v\u0103 atrage sim\u021burile.<\/p>\n<h2>Un parfum de semn\u0103tur\u0103 pentru fiecare ocazie<\/h2>\n<p>Fie c\u0103 te \u00eendrep\u021bi spre un eveniment formal, te bucuri de o ie\u0219ire casual sau petreci o noapte cu prietenii, Extract de Parfum Adyan se adapteaz\u0103 stilului t\u0103u de via\u021b\u0103. Natura sa versatil\u0103 \u00eel face completarea perfect\u0103 pentru rutina ta de \u00eengrijire sau cadoul pentru cineva special. Cu designul s\u0103u izbitor al sticlei, nu serve\u0219te doar ca parfum, ci \u0219i ca pies\u0103 de declara\u021bie pe toaleta ta. \u00cembun\u0103t\u0103\u021be\u0219te-\u021bi colec\u021bia de parfumuri cu Award Alpha, un parfum care va l\u0103sa cu siguran\u021b\u0103 o amprent\u0103 de ne\u0219ters.<\/p>","protected":false},"excerpt":{"rendered":"<ul data-start=\"169\" data-end=\"557\">\n<li data-start=\"169\" data-end=\"292\"><strong data-start=\"171\" data-end=\"187\">Note de v\u00e2rf<\/strong>: Un amestec vibrant \u0219i proasp\u0103t de citrice \u0219i condimente, oferind un \u00eenceput energizant \u0219i revigorant.<\/li>\n<li data-start=\"293\" data-end=\"433\"><strong data-start=\"295\" data-end=\"313\">Note de mijloc<\/strong>: O inim\u0103 floral\u0103 \u0219i lemnoas\u0103, unde accentele dulci \u0219i catifelate se \u00eempletesc armonios cu note orientale sofisticate.<\/li>\n<li data-start=\"434\" data-end=\"557\"><strong data-start=\"436\" data-end=\"452\">Note de baz\u0103<\/strong>: Moscul senzual, vanilia cald\u0103 \u0219i esen\u021bele lemnoase creeaz\u0103 o baz\u0103 persistent\u0103, luxoas\u0103 \u0219i memorabil\u0103.<\/li>\n<\/ul>","protected":false},"featured_media":1726,"comment_status":"open","ping_status":"closed","template":"","meta":{"om_disable_all_campaigns":false,"_monsterinsights_skip_tracking":false,"_monsterinsights_sitenote_active":false,"_monsterinsights_sitenote_note":"","_monsterinsights_sitenote_category":0},"product_brand":[78],"product_cat":[58,55],"product_tag":[],"class_list":{"0":"post-1725","1":"product","2":"type-product","3":"status-publish","4":"has-post-thumbnail","6":"product_brand-adyan","7":"product_cat-extracte-si-esente","8":"product_cat-pentru-el","10":"first","11":"instock","12":"shipping-taxable","13":"purchasable","14":"product-type-simple"},"aioseo_notices":[],"ct_brands":[{"id":78,"name":"Adyan","slug":"adyan"}],"_links":{"self":[{"href":"https:\/\/habibimb.com\/en\/wp-json\/wp\/v2\/product\/1725","targetHints":{"allow":["GET"]}}],"collection":[{"href":"https:\/\/habibimb.com\/en\/wp-json\/wp\/v2\/product"}],"about":[{"href":"https:\/\/habibimb.com\/en\/wp-json\/wp\/v2\/types\/product"}],"replies":[{"embeddable":true,"href":"https:\/\/habibimb.com\/en\/wp-json\/wp\/v2\/comments?post=1725"}],"wp:featuredmedia":[{"embeddable":true,"href":"https:\/\/habibimb.com\/en\/wp-json\/wp\/v2\/media\/1726"}],"wp:attachment":[{"href":"https:\/\/habibimb.com\/en\/wp-json\/wp\/v2\/media?parent=1725"}],"wp:term":[{"taxonomy":"product_brand","embeddable":true,"href":"https:\/\/habibimb.com\/en\/wp-json\/wp\/v2\/product_brand?post=1725"},{"taxonomy":"product_cat","embeddable":true,"href":"https:\/\/habibimb.com\/en\/wp-json\/wp\/v2\/product_cat?post=1725"},{"taxonomy":"product_tag","embeddable":true,"href":"https:\/\/habibimb.com\/en\/wp-json\/wp\/v2\/product_tag?post=1725"}],"curies":[{"name":"wp","href":"https:\/\/api.w.org\/{rel}","templated":true}]}}