{"id":1723,"date":"2025-04-25T07:31:59","date_gmt":"2025-04-25T07:31:59","guid":{"rendered":"https:\/\/habibimb.com\/?post_type=product&#038;p=1723"},"modified":"2025-05-15T12:22:55","modified_gmt":"2025-05-15T12:22:55","slug":"extract-de-parfum-adyan-hyba-femei-100ml","status":"publish","type":"product","link":"https:\/\/habibimb.com\/en\/product\/extract-de-parfum-adyan-hyba-femei-100ml\/","title":{"rendered":"Adyan, Hyba"},"content":{"rendered":"<h2>Dezl\u0103n\u021buie-\u021bi elegan\u021ba interioar\u0103<\/h2>\n<p>V\u0103 prezent\u0103m Extract de Parfum Adyan de la Hyba, un parfum conceput pentru femeile care caut\u0103 rafinament \u0219i farmec \u00een fiecare moment. Acest parfum captivant \u00eentruchipeaz\u0103 esen\u021ba feminit\u0103\u021bii, f\u0103c\u00e2ndu-l un plus perfect pentru colec\u021bia ta de parfumuri. Fie c\u0103 v\u0103 \u00eembr\u0103ca\u021bi pentru o ocazie special\u0103 sau dori\u021bi s\u0103 v\u0103 infuza\u021bi via\u021ba de zi cu zi cu o not\u0103 de lux, Adyan v\u0103 asigur\u0103 nu numai c\u0103 mirosi\u021bi grozav, ci v\u0103 sim\u021bi\u021bi \u00eemputernicit.<\/p>\n<h2>O simfonie de note<\/h2>\n<p>Adyan se deschide cu o explozie vibrant\u0103 de note de v\u00e2rf citrice care \u00ee\u021bi trezesc sim\u021burile \u0219i \u00ee\u021bi \u00eenal\u021b\u0103 spiritul. Pe m\u0103sur\u0103 ce parfumul evolueaz\u0103, apar note de inim\u0103 de flori delicate, reprezent\u00e2nd natura moale, dar \u00eencrez\u0103toare a femeii moderne. \u00cen cele din urm\u0103, notele de baz\u0103 se instaleaz\u0103 \u00eentr-o \u00eembr\u0103\u021bi\u0219are cald\u0103 de lemn \u0219i mosc, cre\u00e2nd o impresie de durat\u0103 care persist\u0103 pe tot parcursul zilei. Acest amestec armonios face din Extract de Parfum Adyan o alegere versatil\u0103 pentru orice anotimp.<\/p>\n<h2>Lux de lung\u0103 durat\u0103<\/h2>\n<p>Cu o sticl\u0103 generoas\u0103 de 100 ml, Extract de Parfum Adyan este conceput pentru a v\u0103 \u00eenso\u021bi pe tot parcursul aventurilor zilnice. Formula concentrat\u0103 asigur\u0103 c\u0103 doar c\u00e2teva spray-uri te vor \u021bine \u00eenv\u0103luit \u00een acest parfum luxos ore \u00een \u0219ir. Ambalajul s\u0103u elegant nu numai c\u0103 arat\u0103 frumos pe toaleta ta, dar \u00eel face \u0219i un cadou minunat pentru prieteni sau cei dragi care apreciaz\u0103 mirosurile fine. Experimenta\u021bi impactul de durat\u0103 al Adyan cu fiecare pulverizare \u0219i l\u0103sa\u021bi parfumul s\u0103 v\u0103 spun\u0103 povestea.98<\/p>","protected":false},"excerpt":{"rendered":"<p>Notele de varf sunt PERE,MANDARINE,BERGAMOT,AFINE<\/p>\n<p>Notele de mijloc sunt CAPSUNI,VANILIE, ORHIDEE,TRANDAFIR NEGRU,FRUCTUL PASIUNI<\/p>\n<p>Notele de baza sunt PRALINE,CARAMEL,LITCHI,VANILLA,INCENSE,COFFE<\/p>","protected":false},"featured_media":1724,"comment_status":"open","ping_status":"closed","template":"","meta":{"om_disable_all_campaigns":false,"_monsterinsights_skip_tracking":false,"_monsterinsights_sitenote_active":false,"_monsterinsights_sitenote_note":"","_monsterinsights_sitenote_category":0},"product_brand":[78],"product_cat":[58,56],"product_tag":[],"class_list":{"0":"post-1723","1":"product","2":"type-product","3":"status-publish","4":"has-post-thumbnail","6":"product_brand-adyan","7":"product_cat-extracte-si-esente","8":"product_cat-pentru-ea","10":"first","11":"instock","12":"shipping-taxable","13":"purchasable","14":"product-type-simple"},"aioseo_notices":[],"ct_brands":[{"id":78,"name":"Adyan","slug":"adyan"}],"_links":{"self":[{"href":"https:\/\/habibimb.com\/en\/wp-json\/wp\/v2\/product\/1723","targetHints":{"allow":["GET"]}}],"collection":[{"href":"https:\/\/habibimb.com\/en\/wp-json\/wp\/v2\/product"}],"about":[{"href":"https:\/\/habibimb.com\/en\/wp-json\/wp\/v2\/types\/product"}],"replies":[{"embeddable":true,"href":"https:\/\/habibimb.com\/en\/wp-json\/wp\/v2\/comments?post=1723"}],"wp:featuredmedia":[{"embeddable":true,"href":"https:\/\/habibimb.com\/en\/wp-json\/wp\/v2\/media\/1724"}],"wp:attachment":[{"href":"https:\/\/habibimb.com\/en\/wp-json\/wp\/v2\/media?parent=1723"}],"wp:term":[{"taxonomy":"product_brand","embeddable":true,"href":"https:\/\/habibimb.com\/en\/wp-json\/wp\/v2\/product_brand?post=1723"},{"taxonomy":"product_cat","embeddable":true,"href":"https:\/\/habibimb.com\/en\/wp-json\/wp\/v2\/product_cat?post=1723"},{"taxonomy":"product_tag","embeddable":true,"href":"https:\/\/habibimb.com\/en\/wp-json\/wp\/v2\/product_tag?post=1723"}],"curies":[{"name":"wp","href":"https:\/\/api.w.org\/{rel}","templated":true}]}}