{"id":1721,"date":"2025-04-25T07:25:41","date_gmt":"2025-04-25T07:25:41","guid":{"rendered":"https:\/\/habibimb.com\/?post_type=product&#038;p=1721"},"modified":"2025-05-15T07:31:23","modified_gmt":"2025-05-15T07:31:23","slug":"extract-de-parfum-adyan-coconut-vanille-unisex-100ml","status":"publish","type":"product","link":"https:\/\/habibimb.com\/en\/product\/extract-de-parfum-adyan-coconut-vanille-unisex-100ml\/","title":{"rendered":"Adyan, Coconut Vanille"},"content":{"rendered":"<h2>Experimenta\u021bi farmecul vaniliei de nuc\u0103 de cocos<\/h2>\n<p>R\u0103sf\u0103\u021ba\u021bi-v\u0103 cu parfumul rafinat al Extract de Parfum Adyan, unde c\u0103ldura tropical\u0103 a nucii de cocos se \u00eent\u00e2lne\u0219te cu bog\u0103\u021bia cremoas\u0103 a vaniliei. Acest parfum unisex este conceput pentru a captiva sim\u021burile \u0219i a l\u0103sa o impresie de durat\u0103. Perfect\u0103 pentru orice ocazie, aceast\u0103 sticl\u0103 de 100 ml v\u0103 permite s\u0103 purta\u021bi o bucat\u0103 de paradis oriunde merge\u021bi.<\/p>\n<h2>Formul\u0103 de lung\u0103 durat\u0103<\/h2>\n<p>Fabricat cu ingrediente premium, Extract de Parfum Adyan asigur\u0103 o prezen\u021b\u0103 de lung\u0103 durat\u0103 care evolueaz\u0103 frumos pe tot parcursul zilei. Formula unisex se adapteaz\u0103 la chimia ta unic\u0103, f\u0103c\u00e2ndu-l potrivit at\u00e2t pentru b\u0103rba\u021bi, c\u00e2t \u0219i pentru femei. C\u00e2teva pulveriz\u0103ri ofer\u0103 o experien\u021b\u0103 de parfum \u00eenc\u00e2nt\u0103toare care rezoneaz\u0103 ore \u00eentregi, oferindu-\u021bi \u00eencredere \u0219i farmec \u00een timp ce navighezi prin zi.<\/p>\n<h2>Un cadou perfect pentru orice s\u0103rb\u0103toare<\/h2>\n<p>Cau\u021bi cadoul ideal pentru o persoan\u0103 drag\u0103? Extract de Parfum Adyan, Coconut Vanille, este un cadou sincer. Ambalajul s\u0103u elegant \u0219i parfumul atr\u0103g\u0103tor atrag un public larg, f\u0103c\u00e2ndu-l potrivit pentru zile de na\u0219tere, anivers\u0103ri \u0219i ocazii speciale. \u00cencapsul\u00e2nd esen\u021ba verii, este un cadou care evoc\u0103 amintiri calde \u0219i sentimente de bucurie.<\/p>\n<p>Scufunda\u021bi-v\u0103 \u00een lumea luxului cu Extract de Parfum Adyan \u0219i experimenta\u021bi un parfum care \u00eentruchipeaz\u0103 at\u00e2t rafinamentul, c\u00e2t \u0219i confortul. Descoper\u0103 cum un simplu spritz \u00ee\u021bi poate \u00eembun\u0103t\u0103\u021bi starea de spirit \u0219i \u021binuta, transform\u00e2ndu-\u021bi via\u021ba de zi cu zi \u00eentr-o c\u0103l\u0103torie aromatic\u0103 extraordinar\u0103.<\/p>","protected":false},"excerpt":{"rendered":"<ul data-start=\"218\" data-end=\"759\">\n<li data-start=\"218\" data-end=\"378\"><strong data-start=\"220\" data-end=\"236\">Note de v\u00e2rf<\/strong>: Vanilia \u0219i caramelul deschid parfumul cu o dulcea\u021b\u0103 intens\u0103 \u0219i reconfortant\u0103, evoc\u00e2nd aroma unui desert delicios, topit \u00een c\u0103ldura pielii.<\/li>\n<li data-start=\"379\" data-end=\"543\"><strong data-start=\"381\" data-end=\"399\">Note de mijloc<\/strong>: Cocosul \u0219i coumarinul adaug\u0103 un caracter cremos \u0219i u\u0219or pudrat, completat de mierea aurie, care ofer\u0103 un plus de senzualitate \u0219i profunzime.<\/li>\n<li data-start=\"544\" data-end=\"759\"><strong data-start=\"546\" data-end=\"562\">Note de baz\u0103<\/strong>: Moscul aduce o atingere catifelat\u0103 \u0219i delicat\u0103, \u00een timp ce trandafirul alb echilibreaz\u0103 compozi\u021bia cu o elegan\u021b\u0103 floral\u0103 subtil\u0103, transform\u00e2nd parfumul \u00eentr-o experien\u021b\u0103 luxoas\u0103 \u0219i sofisticat\u0103.<\/li>\n<\/ul>","protected":false},"featured_media":1722,"comment_status":"open","ping_status":"closed","template":"","meta":{"om_disable_all_campaigns":false,"_monsterinsights_skip_tracking":false,"_monsterinsights_sitenote_active":false,"_monsterinsights_sitenote_note":"","_monsterinsights_sitenote_category":0},"product_brand":[78],"product_cat":[58,57],"product_tag":[],"class_list":{"0":"post-1721","1":"product","2":"type-product","3":"status-publish","4":"has-post-thumbnail","6":"product_brand-adyan","7":"product_cat-extracte-si-esente","8":"product_cat-unisex","10":"first","11":"instock","12":"shipping-taxable","13":"purchasable","14":"product-type-simple"},"aioseo_notices":[],"ct_brands":[{"id":78,"name":"Adyan","slug":"adyan"}],"_links":{"self":[{"href":"https:\/\/habibimb.com\/en\/wp-json\/wp\/v2\/product\/1721","targetHints":{"allow":["GET"]}}],"collection":[{"href":"https:\/\/habibimb.com\/en\/wp-json\/wp\/v2\/product"}],"about":[{"href":"https:\/\/habibimb.com\/en\/wp-json\/wp\/v2\/types\/product"}],"replies":[{"embeddable":true,"href":"https:\/\/habibimb.com\/en\/wp-json\/wp\/v2\/comments?post=1721"}],"wp:featuredmedia":[{"embeddable":true,"href":"https:\/\/habibimb.com\/en\/wp-json\/wp\/v2\/media\/1722"}],"wp:attachment":[{"href":"https:\/\/habibimb.com\/en\/wp-json\/wp\/v2\/media?parent=1721"}],"wp:term":[{"taxonomy":"product_brand","embeddable":true,"href":"https:\/\/habibimb.com\/en\/wp-json\/wp\/v2\/product_brand?post=1721"},{"taxonomy":"product_cat","embeddable":true,"href":"https:\/\/habibimb.com\/en\/wp-json\/wp\/v2\/product_cat?post=1721"},{"taxonomy":"product_tag","embeddable":true,"href":"https:\/\/habibimb.com\/en\/wp-json\/wp\/v2\/product_tag?post=1721"}],"curies":[{"name":"wp","href":"https:\/\/api.w.org\/{rel}","templated":true}]}}