{"id":1719,"date":"2025-04-25T07:23:52","date_gmt":"2025-04-25T07:23:52","guid":{"rendered":"https:\/\/habibimb.com\/?post_type=product&#038;p=1719"},"modified":"2025-05-15T07:31:23","modified_gmt":"2025-05-15T07:31:23","slug":"extract-de-parfum-adyan-my-cherry-femei-100ml","status":"publish","type":"product","link":"https:\/\/habibimb.com\/en\/product\/extract-de-parfum-adyan-my-cherry-femei-100ml\/","title":{"rendered":"Adyan, My Cherry"},"content":{"rendered":"<h2>Descoper\u0103 farmecul cire\u0219ei mele<\/h2>\n<p>Dezv\u0103lui\u021bi esen\u021ba rafinamentului \u0219i a farmecului cu Extract de Parfum Adyan, My Cherry. Aceast\u0103 sticl\u0103 rafinat\u0103 de 100 ml \u00eencapsuleaz\u0103 un amestec \u00eenc\u00e2nt\u0103tor de note parfumate, concepute pentru a spori frumuse\u021bea natural\u0103 \u0219i \u00eencrederea fiec\u0103rei femei. Fie c\u0103 te \u00eembraci pentru o ocazie special\u0103 sau vrei s\u0103-\u021bi \u00eembun\u0103t\u0103\u021be\u0219ti stilul de zi cu zi, acest parfum captivant este partenerul t\u0103u perfect.<\/p>\n<h2>Un amestec perfect de elegan\u021b\u0103 fructat\u0103<\/h2>\n<p>My Cherry se deschide cu o explozie de cire\u0219e suculente care danseaz\u0103 armonios cu alte note delicioase de fructe. Aceast\u0103 dulcea\u021b\u0103 fructat\u0103 ini\u021bial\u0103 este frumos completat\u0103 de nuan\u021be florale subtile, cre\u00e2nd un buchet echilibrat care intrig\u0103 sim\u021burile. Pe m\u0103sur\u0103 ce parfumul se a\u0219eaz\u0103, apar nuan\u021be calde de vanilie \u0219i mosc, oferindu-\u021bi un parfum persistent care radiaz\u0103 c\u0103ldur\u0103 \u0219i profunzime.<\/p>\n<h2>De ce s\u0103 alege\u021bi Extract de Parfum Adyan?<\/h2>\n<p>Extract de Parfum Adyan, My Cherry nu este doar un parfum; este o experien\u021b\u0103. Ingredientele de \u00eenalt\u0103 calitate asigur\u0103 c\u0103 fiecare pulverizare ofer\u0103 o prospe\u021bime de lung\u0103 durat\u0103, f\u0103r\u0103 a v\u0103 cople\u0219i sim\u021burile. Ideal at\u00e2t pentru zi, c\u00e2t \u0219i pentru sear\u0103, acest parfum se adapteaz\u0103 f\u0103r\u0103 efort la orice decor, l\u0103s\u00e2nd o urm\u0103 captivant\u0103 oriunde te-ai duce. \u00cen plus, sticla sa frumos proiectat\u0103 adaug\u0103 o not\u0103 de elegan\u021b\u0103 chiuvetei tale, f\u0103c\u00e2ndu-l un cadou perfect pentru cei dragi sau un r\u0103sf\u0103\u021b \u00eenc\u00e2nt\u0103tor pentru tine.<\/p>","protected":false},"excerpt":{"rendered":"<ul data-start=\"210\" data-end=\"711\">\n<li data-start=\"210\" data-end=\"359\"><strong data-start=\"212\" data-end=\"228\">Note de v\u00e2rf<\/strong>: Cire\u0219ele suculente \u0219i nuca de cocos deschid parfumul cu o dulcea\u021b\u0103 juc\u0103u\u0219\u0103 \u0219i exotic\u0103, oferind o senza\u021bie fructat\u0103 \u0219i cremoas\u0103.<\/li>\n<li data-start=\"360\" data-end=\"543\"><strong data-start=\"362\" data-end=\"380\">Note de mijloc<\/strong>: Vanilia catifelat\u0103 \u0219i trandafirul roz adaug\u0103 o elegan\u021b\u0103 floral\u0103 delicat\u0103, \u00een timp ce scor\u021bi\u0219oara aduce o atingere cald\u0103 \u0219i u\u0219or picant\u0103, \u00eembog\u0103\u021bind compozi\u021bia.<\/li>\n<li data-start=\"544\" data-end=\"711\"><strong data-start=\"546\" data-end=\"562\">Note de baz\u0103<\/strong>: Migdala \u0219i boabele tonka creeaz\u0103 un fundal dulce-am\u0103rui \u0219i sofisticat, \u00eenv\u0103luit de senzualitatea moscului, l\u0103s\u00e2nd o amprent\u0103 cald\u0103 \u0219i memorabil\u0103.<\/li>\n<\/ul>","protected":false},"featured_media":1720,"comment_status":"open","ping_status":"closed","template":"","meta":{"om_disable_all_campaigns":false,"_monsterinsights_skip_tracking":false,"_monsterinsights_sitenote_active":false,"_monsterinsights_sitenote_note":"","_monsterinsights_sitenote_category":0},"product_brand":[78],"product_cat":[58,56],"product_tag":[],"class_list":{"0":"post-1719","1":"product","2":"type-product","3":"status-publish","4":"has-post-thumbnail","6":"product_brand-adyan","7":"product_cat-extracte-si-esente","8":"product_cat-pentru-ea","10":"first","11":"instock","12":"shipping-taxable","13":"purchasable","14":"product-type-simple"},"aioseo_notices":[],"ct_brands":[{"id":78,"name":"Adyan","slug":"adyan"}],"_links":{"self":[{"href":"https:\/\/habibimb.com\/en\/wp-json\/wp\/v2\/product\/1719","targetHints":{"allow":["GET"]}}],"collection":[{"href":"https:\/\/habibimb.com\/en\/wp-json\/wp\/v2\/product"}],"about":[{"href":"https:\/\/habibimb.com\/en\/wp-json\/wp\/v2\/types\/product"}],"replies":[{"embeddable":true,"href":"https:\/\/habibimb.com\/en\/wp-json\/wp\/v2\/comments?post=1719"}],"wp:featuredmedia":[{"embeddable":true,"href":"https:\/\/habibimb.com\/en\/wp-json\/wp\/v2\/media\/1720"}],"wp:attachment":[{"href":"https:\/\/habibimb.com\/en\/wp-json\/wp\/v2\/media?parent=1719"}],"wp:term":[{"taxonomy":"product_brand","embeddable":true,"href":"https:\/\/habibimb.com\/en\/wp-json\/wp\/v2\/product_brand?post=1719"},{"taxonomy":"product_cat","embeddable":true,"href":"https:\/\/habibimb.com\/en\/wp-json\/wp\/v2\/product_cat?post=1719"},{"taxonomy":"product_tag","embeddable":true,"href":"https:\/\/habibimb.com\/en\/wp-json\/wp\/v2\/product_tag?post=1719"}],"curies":[{"name":"wp","href":"https:\/\/api.w.org\/{rel}","templated":true}]}}