{"id":1716,"date":"2025-04-25T07:20:55","date_gmt":"2025-04-25T07:20:55","guid":{"rendered":"https:\/\/habibimb.com\/?post_type=product&#038;p=1716"},"modified":"2025-05-15T07:31:23","modified_gmt":"2025-05-15T07:31:23","slug":"apa-de-parfum-malika-nusuk-femei-100ml","status":"publish","type":"product","link":"https:\/\/habibimb.com\/en\/product\/apa-de-parfum-malika-nusuk-femei-100ml\/","title":{"rendered":"Malika, Nusuk"},"content":{"rendered":"<h2>Descoperi\u021bi esen\u021ba Malika<\/h2>\n<p>V\u0103 prezent\u0103m Apa de Parfum Malika de Nusuk, un parfum de lux conceput pentru femeile care apreciaz\u0103 elegan\u021ba \u0219i rafinamentul. Aceast\u0103 sticl\u0103 rafinat\u0103 de 100 ml este mai mult dec\u00e2t un simplu parfum; Este o invita\u021bie de a experimenta lumea printr-o lentil\u0103 floral\u0103 \u0219i fructat\u0103, \u00eenv\u0103luindu-te \u00eentr-o aur\u0103 cald\u0103 \u0219i primitoare.<\/p>\n<h2>Profilul parfumului<\/h2>\n<p>Apa de Parfum Malika se deschide cu note de v\u00e2rf vibrante care se \u00eembin\u0103 frumos pentru a crea o atmosfer\u0103 \u00eenc\u00e2nt\u0103toare. Pe m\u0103sur\u0103 ce \u00eel por\u021bi, inima dezv\u0103luie un buchet floral care captiveaz\u0103 sim\u021burile, ad\u0103ug\u00e2nd o not\u0103 de romantism zilei tale. \u00cen cele din urm\u0103, notele de baz\u0103 m\u0103n\u00e2nc\u0103 parfumul cu un finisaj cald \u0219i cremos care persist\u0103 pe piele, f\u0103c\u00e2ndu-l perfect pentru orice ocazie.<\/p>\n<h2>Perfect pentru fiecare femeie<\/h2>\n<p>Fie c\u0103 te \u00eembraci pentru un eveniment special sau cau\u021bi un parfum de zi cu zi care s\u0103 \u00eentruchipeze stilul t\u0103u personal, Malika este alegerea ta preferat\u0103. Formula sa de lung\u0103 durat\u0103 v\u0103 asigur\u0103 un miros divin de diminea\u021ba p\u00e2n\u0103 seara, radiind \u00eencredere \u0219i gra\u021bie la fiecare pulverizare. Face\u021bi o impresie de durat\u0103 \u0219i l\u0103sa\u021bi-v\u0103 prezen\u021ba s\u0103 se simt\u0103 oriunde merge\u021bi cu parfumul de neuitat al Apa de Parfum Malika.<\/p>\n<p>&nbsp;<\/p>","protected":false},"excerpt":{"rendered":"<p><strong>Note de varf:<\/strong>\u00a0tarhon, bergamota, portocala.<\/p>\n<p><strong>Note de mijloc:<\/strong>\u00a0Crin de vale, iasomie, trandafir, garoafa, orhidee, caprifoi.<\/p>\n<p><strong>Note de baz\u0103:<\/strong>\u00a0mosc, chihlimbar, vanilie, lemn de santal, lemn de cedru, iris.<\/p>","protected":false},"featured_media":1718,"comment_status":"open","ping_status":"closed","template":"","meta":{"om_disable_all_campaigns":false,"_monsterinsights_skip_tracking":false,"_monsterinsights_sitenote_active":false,"_monsterinsights_sitenote_note":"","_monsterinsights_sitenote_category":0},"product_brand":[77],"product_cat":[56],"product_tag":[],"class_list":{"0":"post-1716","1":"product","2":"type-product","3":"status-publish","4":"has-post-thumbnail","6":"product_brand-nusuk","7":"product_cat-pentru-ea","9":"first","10":"instock","11":"shipping-taxable","12":"purchasable","13":"product-type-simple"},"aioseo_notices":[],"ct_brands":[{"id":77,"name":"Nusuk","slug":"nusuk"}],"_links":{"self":[{"href":"https:\/\/habibimb.com\/en\/wp-json\/wp\/v2\/product\/1716","targetHints":{"allow":["GET"]}}],"collection":[{"href":"https:\/\/habibimb.com\/en\/wp-json\/wp\/v2\/product"}],"about":[{"href":"https:\/\/habibimb.com\/en\/wp-json\/wp\/v2\/types\/product"}],"replies":[{"embeddable":true,"href":"https:\/\/habibimb.com\/en\/wp-json\/wp\/v2\/comments?post=1716"}],"wp:featuredmedia":[{"embeddable":true,"href":"https:\/\/habibimb.com\/en\/wp-json\/wp\/v2\/media\/1718"}],"wp:attachment":[{"href":"https:\/\/habibimb.com\/en\/wp-json\/wp\/v2\/media?parent=1716"}],"wp:term":[{"taxonomy":"product_brand","embeddable":true,"href":"https:\/\/habibimb.com\/en\/wp-json\/wp\/v2\/product_brand?post=1716"},{"taxonomy":"product_cat","embeddable":true,"href":"https:\/\/habibimb.com\/en\/wp-json\/wp\/v2\/product_cat?post=1716"},{"taxonomy":"product_tag","embeddable":true,"href":"https:\/\/habibimb.com\/en\/wp-json\/wp\/v2\/product_tag?post=1716"}],"curies":[{"name":"wp","href":"https:\/\/api.w.org\/{rel}","templated":true}]}}