{"id":1711,"date":"2025-04-25T07:18:24","date_gmt":"2025-04-25T07:18:24","guid":{"rendered":"https:\/\/habibimb.com\/?post_type=product&#038;p=1711"},"modified":"2025-05-15T07:31:23","modified_gmt":"2025-05-15T07:31:23","slug":"apa-de-parfum-malikat-nusuk-barbati-100ml","status":"publish","type":"product","link":"https:\/\/habibimb.com\/en\/product\/apa-de-parfum-malikat-nusuk-barbati-100ml\/","title":{"rendered":"Malikat, Nusuk"},"content":{"rendered":"<h2>Descoperi\u021bi esen\u021ba lui Malikat<\/h2>\n<p>P\u0103\u0219e\u0219te \u00eentr-o lume a luxului cu Apa de Parfum Malikat de Nusuk, un parfum captivant conceput pentru b\u0103rbatul modern. Acest parfum rafinat, prezentat \u00eentr-o sticl\u0103 generoas\u0103 de 100 ml, ofer\u0103 un amestec unic de note aromatice care \u00eentruchipeaz\u0103 rafinamentul \u0219i elegan\u021ba. Perfect pentru orice ocazie, Malikat este mai mult dec\u00e2t un simplu parfum; este o declara\u021bie de stil \u0219i \u00eencredere.<\/p>\n<h2>Profilul parfumului<\/h2>\n<p>Alura lui Malikat se dezv\u0103luie cu note de v\u00e2rf care revigoreaz\u0103 sim\u021burile, duc\u00e2nd la o inim\u0103 care dezv\u0103luie un parfum bogat \u0219i cald. Amestecul este meticulos realizat pentru a echilibra \u00eendr\u0103zneala cu subtilitatea, f\u0103c\u00e2ndu-l o alegere ideal\u0103 pentru zi sau noapte. Pe m\u0103sur\u0103 ce se usuc\u0103, notele de baz\u0103 ofer\u0103 o impresie de durat\u0103 care \u00eei captiveaz\u0103 pe cei din jurul t\u0103u, asigur\u00e2ndu-te c\u0103 la\u0219i o d\u00e2r\u0103 memorabil\u0103 oriunde te-ai duce.<\/p>\n<h2>De ce s\u0103 alegi Malikat de la Nusuk?<\/h2>\n<p>Alegerea Apa de Parfum Malikat \u00eenseamn\u0103 \u00eembr\u0103\u021bi\u0219area calit\u0103\u021bii \u0219i a rafinamentului. Angajamentul Nusuk fa\u021b\u0103 de excelen\u021b\u0103 este evident \u00een fiecare pulverizare a acestui parfum. Formula de lung\u0103 durat\u0103 v\u0103 asigur\u0103 c\u0103 v\u0103 pute\u021bi bucura de parfumul atr\u0103g\u0103tor pe tot parcursul zilei, f\u0103r\u0103 a fi nevoie de o reaplicare constant\u0103. Fie c\u0103 merge\u021bi la serviciu, participa\u021bi la un eveniment special sau v\u0103 bucura\u021bi de o ie\u0219ire casual, Malikat este \u00eenso\u021bitorul perfect. R\u0103sf\u0103\u021ba\u021bi-v\u0103 cu un parfum care v\u0103 reflect\u0103 personalitatea \u0219i v\u0103 spore\u0219te prezen\u021ba.<\/p>\n<p>Transform\u0103-\u021bi colec\u021bia de parfumuri cu Malikat by Nusuk \u0219i experimenteaz\u0103 modul \u00een care acest parfum de semn\u0103tur\u0103 \u00ee\u021bi poate \u00eembun\u0103t\u0103\u021bi stilul \u0219i \u00eencrederea de zi cu zi. Face\u021bi-l parte din elementele esen\u021biale de \u00eengrijire \u0219i respira\u021bi elegan\u021ba pe care o ofer\u0103.<\/p>","protected":false},"excerpt":{"rendered":"<ul>\n<li class=\"\" data-start=\"186\" data-end=\"243\">\n<p class=\"\" data-start=\"188\" data-end=\"243\"><strong data-start=\"188\" data-end=\"204\">Note de v\u00e2rf<\/strong>: <span class=\"relative -mx-px my-[-0.2rem] rounded px-px py-[0.2rem] transition-colors duration-100 ease-in-out\">L\u0103m\u00e2ie, Lavand\u0103<\/span><\/p>\n<\/li>\n<li class=\"\" data-start=\"244\" data-end=\"303\">\n<p class=\"\" data-start=\"246\" data-end=\"303\"><strong data-start=\"246\" data-end=\"264\">Note de mijloc<\/strong>: <span class=\"relative -mx-px my-[-0.2rem] rounded px-px py-[0.2rem] transition-colors duration-100 ease-in-out\">M\u0103r, Trandafir<\/span><\/p>\n<\/li>\n<li class=\"\" data-start=\"304\" data-end=\"405\">\n<p class=\"\" data-start=\"306\" data-end=\"405\"><strong data-start=\"306\" data-end=\"322\">Note de baz\u0103<\/strong>: <span class=\"relative -mx-px my-[-0.2rem] rounded px-px py-[0.2rem] transition-colors duration-100 ease-in-out\">Mosc, Lemn de cedru<\/span><\/p>\n<\/li>\n<\/ul>","protected":false},"featured_media":1713,"comment_status":"open","ping_status":"closed","template":"","meta":{"om_disable_all_campaigns":false,"_monsterinsights_skip_tracking":false,"_monsterinsights_sitenote_active":false,"_monsterinsights_sitenote_note":"","_monsterinsights_sitenote_category":0},"product_brand":[77],"product_cat":[55],"product_tag":[],"class_list":{"0":"post-1711","1":"product","2":"type-product","3":"status-publish","4":"has-post-thumbnail","6":"product_brand-nusuk","7":"product_cat-pentru-el","9":"first","10":"instock","11":"shipping-taxable","12":"purchasable","13":"product-type-simple"},"aioseo_notices":[],"ct_brands":[{"id":77,"name":"Nusuk","slug":"nusuk"}],"_links":{"self":[{"href":"https:\/\/habibimb.com\/en\/wp-json\/wp\/v2\/product\/1711","targetHints":{"allow":["GET"]}}],"collection":[{"href":"https:\/\/habibimb.com\/en\/wp-json\/wp\/v2\/product"}],"about":[{"href":"https:\/\/habibimb.com\/en\/wp-json\/wp\/v2\/types\/product"}],"replies":[{"embeddable":true,"href":"https:\/\/habibimb.com\/en\/wp-json\/wp\/v2\/comments?post=1711"}],"wp:featuredmedia":[{"embeddable":true,"href":"https:\/\/habibimb.com\/en\/wp-json\/wp\/v2\/media\/1713"}],"wp:attachment":[{"href":"https:\/\/habibimb.com\/en\/wp-json\/wp\/v2\/media?parent=1711"}],"wp:term":[{"taxonomy":"product_brand","embeddable":true,"href":"https:\/\/habibimb.com\/en\/wp-json\/wp\/v2\/product_brand?post=1711"},{"taxonomy":"product_cat","embeddable":true,"href":"https:\/\/habibimb.com\/en\/wp-json\/wp\/v2\/product_cat?post=1711"},{"taxonomy":"product_tag","embeddable":true,"href":"https:\/\/habibimb.com\/en\/wp-json\/wp\/v2\/product_tag?post=1711"}],"curies":[{"name":"wp","href":"https:\/\/api.w.org\/{rel}","templated":true}]}}