{"id":1708,"date":"2025-04-25T07:15:09","date_gmt":"2025-04-25T07:15:09","guid":{"rendered":"https:\/\/habibimb.com\/?post_type=product&#038;p=1708"},"modified":"2026-01-11T09:58:32","modified_gmt":"2026-01-11T09:58:32","slug":"apa-de-parfum-ana-al-awwal-man-nusuk-barbati-100ml","status":"publish","type":"product","link":"https:\/\/habibimb.com\/en\/product\/apa-de-parfum-ana-al-awwal-man-nusuk-barbati-100ml\/","title":{"rendered":"Ana Al Awwal Man, Nusuk"},"content":{"rendered":"<h2>Descoperi\u021bi esen\u021ba atr\u0103g\u0103toare a Ana Al Awwal Man<\/h2>\n<p>R\u0103sf\u0103\u021ba\u021bi-v\u0103 cu lumea captivant\u0103 a parfumurilor cu <strong>Apa de Parfum Ana Al Awwal Man de la Nusuk<\/strong>. Acest parfum rafinat, conceput special pentru b\u0103rba\u021bi, v\u0103 invit\u0103 \u00eentr-o experien\u021b\u0103 olfactiv\u0103 bogat\u0103 care \u00eentruchipeaz\u0103 rafinamentul \u0219i farmecul. Cu un amestec izbitor de note aromatice, surprinde esen\u021ba masculinit\u0103\u021bii moderne, f\u0103c\u00e2ndu-l accesoriul perfect pentru gentlemanul exigent.<\/p>\n<h2>Calitate de neegalat \u00een fiecare pulverizare<\/h2>\n<p>Realizat cu o aten\u021bie meticuloas\u0103 la detalii, Ana Al Awwal Man ofer\u0103 o longevitate \u0219i un sillage remarcabile. Aceast\u0103 sticl\u0103 de 100 ml este umplut\u0103 cu ingrediente de \u00eenalt\u0103 calitate care asigur\u0103 c\u0103 fiecare pulverizare elibereaz\u0103 un amestec armonios, l\u0103s\u00e2nd o impresie de durat\u0103. Parfumul se deschide cu note de v\u00e2rf proaspete \u0219i picante care trec f\u0103r\u0103 probleme \u00eentr-o inim\u0103 de c\u0103ldur\u0103 aromat\u0103, \u00eentruchip\u00e2nd at\u00e2t for\u021ba, c\u00e2t \u0219i elegan\u021ba.<\/p>\n<h2>Parfumul t\u0103u de semn\u0103tur\u0103 pentru fiecare ocazie<\/h2>\n<p>Fie c\u0103 este vorba de un eveniment formal, o ie\u0219ire casual sau o sear\u0103 romantic\u0103, <strong>Apa de Parfum Ana Al Awwal Man<\/strong> este suficient de versatil pentru a completa orice ocazie. Profilul s\u0103u distinctiv nu numai c\u0103 v\u0103 \u00eembun\u0103t\u0103\u021be\u0219te stilul personal, dar v\u0103 spore\u0219te \u0219i \u00eencrederea. \u00cembr\u0103\u021bi\u0219eaz\u0103-\u021bi individualitatea \u0219i las\u0103-\u021bi prezen\u021ba s\u0103 fie sim\u021bit\u0103 cu acest parfum remarcabil.<\/p>\n<p>\u00cembun\u0103t\u0103\u021be\u0219te-\u021bi colec\u021bia de parfumuri cu aceast\u0103 bijuterie aromatic\u0103 de la Nusuk. Cu fiecare spray, las\u0103-l pe Ana Al Awwal Man s\u0103 devin\u0103 parte din ritualul t\u0103u zilnic, ad\u0103ug\u00e2nd o aur\u0103 de rafinament personajului t\u0103u. Experimenta\u021bi ast\u0103zi calitatea, farmecul \u0219i farmecul acestui parfum uimitor.<\/p>","protected":false},"excerpt":{"rendered":"<p>Inspirat din Creed Aventus<\/p>\n<p>&nbsp;<\/p>\n<p><strong>Note de v\u00e2rf:<\/strong>\u00a0Ananas, Piper, Bergamot\u0103, Note marine, Lavand\u0103;<\/p>\n<p><strong>Note de mijloc:<\/strong>\u00a0Lemn de cedru, Trandafir, Iasomie, Iris;<\/p>\n<p><strong>Note de baz\u0103:<\/strong>\u00a0Piele, Mosc, Lemn de cedru, Patchouli.<\/p>","protected":false},"featured_media":1709,"comment_status":"open","ping_status":"closed","template":"","meta":{"om_disable_all_campaigns":false,"_monsterinsights_skip_tracking":false,"_monsterinsights_sitenote_active":false,"_monsterinsights_sitenote_note":"","_monsterinsights_sitenote_category":0},"product_brand":[77],"product_cat":[55],"product_tag":[],"class_list":{"0":"post-1708","1":"product","2":"type-product","3":"status-publish","4":"has-post-thumbnail","6":"product_brand-nusuk","7":"product_cat-pentru-el","9":"first","10":"instock","11":"sale","12":"shipping-taxable","13":"purchasable","14":"product-type-simple"},"aioseo_notices":[],"ct_brands":[{"id":77,"name":"Nusuk","slug":"nusuk"}],"_links":{"self":[{"href":"https:\/\/habibimb.com\/en\/wp-json\/wp\/v2\/product\/1708","targetHints":{"allow":["GET"]}}],"collection":[{"href":"https:\/\/habibimb.com\/en\/wp-json\/wp\/v2\/product"}],"about":[{"href":"https:\/\/habibimb.com\/en\/wp-json\/wp\/v2\/types\/product"}],"replies":[{"embeddable":true,"href":"https:\/\/habibimb.com\/en\/wp-json\/wp\/v2\/comments?post=1708"}],"wp:featuredmedia":[{"embeddable":true,"href":"https:\/\/habibimb.com\/en\/wp-json\/wp\/v2\/media\/1709"}],"wp:attachment":[{"href":"https:\/\/habibimb.com\/en\/wp-json\/wp\/v2\/media?parent=1708"}],"wp:term":[{"taxonomy":"product_brand","embeddable":true,"href":"https:\/\/habibimb.com\/en\/wp-json\/wp\/v2\/product_brand?post=1708"},{"taxonomy":"product_cat","embeddable":true,"href":"https:\/\/habibimb.com\/en\/wp-json\/wp\/v2\/product_cat?post=1708"},{"taxonomy":"product_tag","embeddable":true,"href":"https:\/\/habibimb.com\/en\/wp-json\/wp\/v2\/product_tag?post=1708"}],"curies":[{"name":"wp","href":"https:\/\/api.w.org\/{rel}","templated":true}]}}