{"id":1705,"date":"2025-04-25T07:12:31","date_gmt":"2025-04-25T07:12:31","guid":{"rendered":"https:\/\/habibimb.com\/?post_type=product&#038;p=1705"},"modified":"2026-01-11T09:54:33","modified_gmt":"2026-01-11T09:54:33","slug":"apa-de-parfum-nusuk-ana-al-awwal-women-femei-100ml","status":"publish","type":"product","link":"https:\/\/habibimb.com\/en\/product\/apa-de-parfum-nusuk-ana-al-awwal-women-femei-100ml\/","title":{"rendered":"Nusuk, Ana Al Awwal Women"},"content":{"rendered":"<h2>Descoper\u0103 parfumul t\u0103u de semn\u0103tur\u0103<\/h2>\n<p>P\u0103\u0219e\u0219te \u00een lumea elegan\u021bei cu Apa de Parfum Nusuk, Ana Al Awwal pentru femei. Acest parfum luxos \u00eentruchipeaz\u0103 rafinament \u0219i farmec, f\u0103c\u00e2ndu-l completarea perfect\u0103 pentru colec\u021bia ta. Cu aroma sa distinctiv\u0103, captiveaz\u0103 sim\u021burile \u0219i las\u0103 o impresie de neuitat, ideal\u0103 at\u00e2t pentru purtarea de zi cu zi, c\u00e2t \u0219i pentru ocazii speciale.<\/p>\n<h2>Note care \u00eenc\u00e2nt\u0103<\/h2>\n<p>Fiecare sticl\u0103 de Ana Al Awwal este o capodoper\u0103 atent realizat\u0103, cu un amestec armonios de note de v\u00e2rf, de mijloc \u0219i de baz\u0103. Parfumul se deschide cu note r\u0103coritoare de citrice care \u00ee\u021bi trezesc spiritul, trec\u00e2nd gra\u021bios la note florale de inim\u0103 care evoc\u0103 romantism \u0219i feminitate. \u00cen cele din urm\u0103, nuan\u021bele calde \u0219i lemnoase persist\u0103, cre\u00e2nd o aur\u0103 de durat\u0103 care \u00eei \u00eenc\u00e2nt\u0103 pe cei din jurul t\u0103u.<\/p>\n<h2>Un cadou atent pentru orice ocazie<\/h2>\n<p>Fie c\u0103 v\u0103 r\u0103sf\u0103\u021ba\u021bi sau c\u0103uta\u021bi cadoul perfect, Apa de Parfum Nusuk, Ana Al Awwal pentru femei v\u0103 va \u00eenc\u00e2nta cu siguran\u021b\u0103. Ambalajul s\u0103u elegant \u0219i parfumul rafinat \u00eel fac o alegere ideal\u0103 pentru zile de na\u0219tere, anivers\u0103ri sau s\u0103rb\u0103tori. \u00cemp\u0103rt\u0103\u0219i\u021bi bucuria acestui parfum \u00eenc\u00e2nt\u0103tor cu cei dragi \u0219i l\u0103sa\u021bi-i s\u0103 se r\u0103sfe\u021be cu esen\u021ba adev\u0103ratului lux.<\/p>\n<p>\u00cembun\u0103t\u0103\u021be\u0219te-\u021bi jocul de parfumuri cu aceast\u0103 sticl\u0103 uimitoare de 100 ml, perfect\u0103 pentru utilizarea de zi cu zi. Experimenta\u021bi farmecul Apa de Parfum Nusuk \u0219i face\u021bi fiecare moment memorabil.<\/p>","protected":false},"excerpt":{"rendered":"<p>Inspirat din Erba Pura Xerjoff<\/p>","protected":false},"featured_media":1704,"comment_status":"open","ping_status":"closed","template":"","meta":{"om_disable_all_campaigns":false,"_monsterinsights_skip_tracking":false,"_monsterinsights_sitenote_active":false,"_monsterinsights_sitenote_note":"","_monsterinsights_sitenote_category":0},"product_brand":[77],"product_cat":[56],"product_tag":[],"class_list":{"0":"post-1705","1":"product","2":"type-product","3":"status-publish","4":"has-post-thumbnail","6":"product_brand-nusuk","7":"product_cat-pentru-ea","9":"first","10":"outofstock","11":"shipping-taxable","12":"purchasable","13":"product-type-simple"},"aioseo_notices":[],"ct_brands":[{"id":77,"name":"Nusuk","slug":"nusuk"}],"_links":{"self":[{"href":"https:\/\/habibimb.com\/en\/wp-json\/wp\/v2\/product\/1705","targetHints":{"allow":["GET"]}}],"collection":[{"href":"https:\/\/habibimb.com\/en\/wp-json\/wp\/v2\/product"}],"about":[{"href":"https:\/\/habibimb.com\/en\/wp-json\/wp\/v2\/types\/product"}],"replies":[{"embeddable":true,"href":"https:\/\/habibimb.com\/en\/wp-json\/wp\/v2\/comments?post=1705"}],"wp:featuredmedia":[{"embeddable":true,"href":"https:\/\/habibimb.com\/en\/wp-json\/wp\/v2\/media\/1704"}],"wp:attachment":[{"href":"https:\/\/habibimb.com\/en\/wp-json\/wp\/v2\/media?parent=1705"}],"wp:term":[{"taxonomy":"product_brand","embeddable":true,"href":"https:\/\/habibimb.com\/en\/wp-json\/wp\/v2\/product_brand?post=1705"},{"taxonomy":"product_cat","embeddable":true,"href":"https:\/\/habibimb.com\/en\/wp-json\/wp\/v2\/product_cat?post=1705"},{"taxonomy":"product_tag","embeddable":true,"href":"https:\/\/habibimb.com\/en\/wp-json\/wp\/v2\/product_tag?post=1705"}],"curies":[{"name":"wp","href":"https:\/\/api.w.org\/{rel}","templated":true}]}}