{"id":1699,"date":"2025-04-25T07:06:25","date_gmt":"2025-04-25T07:06:25","guid":{"rendered":"https:\/\/habibimb.com\/?post_type=product&#038;p=1699"},"modified":"2026-03-05T10:11:06","modified_gmt":"2026-03-05T10:11:06","slug":"apa-de-parfum-areeq-al-oud-nusuk-unisex-100ml","status":"publish","type":"product","link":"https:\/\/habibimb.com\/en\/product\/apa-de-parfum-areeq-al-oud-nusuk-unisex-100ml\/","title":{"rendered":"Areeq Al Oud, Nusuk"},"content":{"rendered":"<h2>Experimenta\u021bi bog\u0103\u021bia oudului<\/h2>\n<p>V\u0103 prezent\u0103m Apa de Parfum Areeq Al Oud de Nusuk, un parfum rafinat conceput at\u00e2t pentru b\u0103rba\u021bi, c\u00e2t \u0219i pentru femei. Aceast\u0103 sticl\u0103 de 100 ml \u00eencapsuleaz\u0103 esen\u021ba profund\u0103 a oudului, cre\u00e2nd un parfum care este at\u00e2t luxos, c\u00e2t \u0219i atemporal. Fiecare spray te poart\u0103 \u00eentr-o c\u0103l\u0103torie senzorial\u0103, evoc\u00e2nd profunzimea \u0219i bog\u0103\u021bia celor mai pre\u021buite ingrediente ale naturii.<\/p>\n<h2>Note care \u00eenc\u00e2nt\u0103 \u0219i captiveaz\u0103<\/h2>\n<p>Parfumul se deschide cu mirosul cald \u0219i lemnos al oudului, amestecat perfect cu note aromatice de condimente \u0219i nuan\u021be florale. Pe m\u0103sur\u0103 ce aroma evolueaz\u0103, apar note de inim\u0103 de note florale \u0219i citrice, oferind un contrast r\u0103coritor cu baza, care prezint\u0103 acorduri moscate \u0219i p\u0103m\u00e2ntii. Aceast\u0103 combina\u021bie captivant\u0103 rezoneaz\u0103 cu purt\u0103torul, asigur\u00e2nd o prezen\u021b\u0103 de lung\u0103 durat\u0103 care persist\u0103 pe tot parcursul zilei.<\/p>\n<h2>O alegere perfect\u0103 pentru orice ocazie<\/h2>\n<p>Areeq Al Oud nu este doar un parfum; este o experien\u021b\u0103. Perfect at\u00e2t pentru ie\u0219iri casual, c\u00e2t \u0219i pentru evenimente formale, acest parfum unisex se potrive\u0219te perfect cu orice \u021binut\u0103, \u00eembun\u0103t\u0103\u021bindu-\u021bi personalitatea cu o not\u0103 de rafinament. Indiferent dac\u0103 dori\u021bi s\u0103 impresiona\u021bi la o \u00eent\u00e2lnire de afaceri sau s\u0103 v\u0103 bucura\u021bi de o noapte \u00een ora\u0219, acest parfum ofer\u0103 o solu\u021bie versatil\u0103 care se potrive\u0219te fiec\u0103rui moment.<\/p>\n<p>Realizat cu ingrediente de cea mai \u00eenalt\u0103 calitate, Apa de Parfum Areeq Al Oud de Nusuk iese \u00een eviden\u021b\u0103 \u00een orice colec\u021bie. Nu este doar un miros; Este o declara\u021bie, invit\u0103 complimente \u0219i aprinde conversa\u021bii oriunde te-ai duce. R\u0103sf\u0103\u021ba\u021bi-v\u0103 cu notele luxoase ale Areeq Al Oud \u0219i ridica\u021bi-v\u0103 jocul de parfumuri la noi culmi.<\/p>","protected":false},"excerpt":{"rendered":"<p>Parfum asem\u0103n\u0103tor cu Santal 33 Le\u00a0Labo<\/p>\n<p>&nbsp;<\/p>\n<ul>\n<li class=\"\" data-start=\"155\" data-end=\"212\">\n<p class=\"\" data-start=\"157\" data-end=\"212\"><strong data-start=\"157\" data-end=\"173\">Note de v\u00e2rf<\/strong>: <span class=\"relative -mx-px my-[-0.2rem] rounded px-px py-[0.2rem] transition-colors duration-100 ease-in-out\">Piper, \u0218ofran, Trandafir<\/span><\/p>\n<\/li>\n<li class=\"\" data-start=\"213\" data-end=\"272\">\n<p class=\"\" data-start=\"215\" data-end=\"272\"><strong data-start=\"215\" data-end=\"233\">Note de mijloc<\/strong>: <span class=\"relative -mx-px my-[-0.2rem] rounded px-px py-[0.2rem] transition-colors duration-100 ease-in-out\">Caramel, Oud, Paciuli<\/span><\/p>\n<\/li>\n<li class=\"\" data-start=\"273\" data-end=\"374\">\n<p class=\"\" data-start=\"275\" data-end=\"374\"><strong data-start=\"275\" data-end=\"291\">Note de baz\u0103<\/strong>: <span class=\"relative -mx-px my-[-0.2rem] rounded px-px py-[0.2rem] transition-colors duration-100 ease-in-out\">Ambr\u0103, Vanilie<\/span>\u200b<\/p>\n<\/li>\n<\/ul>","protected":false},"featured_media":1700,"comment_status":"open","ping_status":"closed","template":"","meta":{"om_disable_all_campaigns":false,"_monsterinsights_skip_tracking":false,"_monsterinsights_sitenote_active":false,"_monsterinsights_sitenote_note":"","_monsterinsights_sitenote_category":0},"product_brand":[77],"product_cat":[57],"product_tag":[],"class_list":{"0":"post-1699","1":"product","2":"type-product","3":"status-publish","4":"has-post-thumbnail","6":"product_brand-nusuk","7":"product_cat-unisex","9":"first","10":"instock","11":"sale","12":"shipping-taxable","13":"purchasable","14":"product-type-simple"},"aioseo_notices":[],"ct_brands":[{"id":77,"name":"Nusuk","slug":"nusuk"}],"_links":{"self":[{"href":"https:\/\/habibimb.com\/en\/wp-json\/wp\/v2\/product\/1699","targetHints":{"allow":["GET"]}}],"collection":[{"href":"https:\/\/habibimb.com\/en\/wp-json\/wp\/v2\/product"}],"about":[{"href":"https:\/\/habibimb.com\/en\/wp-json\/wp\/v2\/types\/product"}],"replies":[{"embeddable":true,"href":"https:\/\/habibimb.com\/en\/wp-json\/wp\/v2\/comments?post=1699"}],"wp:featuredmedia":[{"embeddable":true,"href":"https:\/\/habibimb.com\/en\/wp-json\/wp\/v2\/media\/1700"}],"wp:attachment":[{"href":"https:\/\/habibimb.com\/en\/wp-json\/wp\/v2\/media?parent=1699"}],"wp:term":[{"taxonomy":"product_brand","embeddable":true,"href":"https:\/\/habibimb.com\/en\/wp-json\/wp\/v2\/product_brand?post=1699"},{"taxonomy":"product_cat","embeddable":true,"href":"https:\/\/habibimb.com\/en\/wp-json\/wp\/v2\/product_cat?post=1699"},{"taxonomy":"product_tag","embeddable":true,"href":"https:\/\/habibimb.com\/en\/wp-json\/wp\/v2\/product_tag?post=1699"}],"curies":[{"name":"wp","href":"https:\/\/api.w.org\/{rel}","templated":true}]}}