{"id":1696,"date":"2025-04-25T07:03:06","date_gmt":"2025-04-25T07:03:06","guid":{"rendered":"https:\/\/habibimb.com\/?post_type=product&#038;p=1696"},"modified":"2025-05-15T07:31:22","modified_gmt":"2025-05-15T07:31:22","slug":"extract-de-parfum-mshari-nusuk-barbati-100ml","status":"publish","type":"product","link":"https:\/\/habibimb.com\/en\/product\/extract-de-parfum-mshari-nusuk-barbati-100ml\/","title":{"rendered":"Mshari, Nusuk"},"content":{"rendered":"<h2>Dezl\u0103n\u021buie-\u021bi esen\u021ba cu Mshari<\/h2>\n<p>Experimenta\u021bi alura captivant\u0103 a Mshari, un extract de parfum rafinat de la Nusuk, conceput special pentru omul modern. La 100 ml, acest parfum elegant combin\u0103 rafinamentul aromatic cu farmecul de durat\u0103, f\u0103c\u00e2ndu-l un plus esen\u021bial pentru colec\u021bia ta.<\/p>\n<h2>Creat pentru distinc\u021bie<\/h2>\n<p>Nusuk este renumit pentru angajamentul s\u0103u fa\u021b\u0103 de calitate, iar Mshari nu face excep\u021bie. Acest parfum este realizat meticulos pentru a \u00eencapsula esen\u021ba \u00eencrederii \u0219i stilului. Parfumul se deschide cu note de v\u00e2rf r\u0103coritoare care \u00ee\u021bi revigoreaz\u0103 sim\u021burile, \u00eentruchip\u00e2nd spiritul de aventur\u0103. Pe m\u0103sur\u0103 ce parfumul evolueaz\u0103, apar note de mijloc, oferind un amestec bogat care \u00eei captiveaz\u0103 pe cei din jurul t\u0103u, culmin\u00e2nd cu o baz\u0103 cald\u0103 \u0219i atr\u0103g\u0103toare care persist\u0103 pe tot parcursul zilei.<\/p>\n<h2>Un cadou perfect pentru fiecare ocazie<\/h2>\n<p>Fie c\u0103 sunte\u021bi \u00een c\u0103utarea unui parfum de semn\u0103tur\u0103 pentru dumneavoastr\u0103 sau c\u0103uta\u021bi un cadou atent pentru o persoan\u0103 drag\u0103, Extract de Parfum Mshari este alegerea perfect\u0103. Ambalat elegant, este un cadou impresionant care se potrive\u0219te oric\u0103rei ocazii &#8211; de la zile de na\u0219tere la anivers\u0103ri sau pur \u0219i simplu ca un r\u0103sf\u0103\u021b pentru tine. \u00cembun\u0103t\u0103\u021be\u0219te-\u021bi jocul de parfumuri cu Mshari \u0219i las\u0103 o impresie de durat\u0103 oriunde te-ai duce.<\/p>\n<p>R\u0103sf\u0103\u021ba\u021bi-v\u0103 cu extraordinarul \u0219i redefini\u021bi-v\u0103 experien\u021ba parfumului cu Mshari, extractul rafinat de parfum de 100 ml de la Nusuk. Eu<\/p>","protected":false},"excerpt":{"rendered":"<ul>\n<li class=\"\" data-start=\"189\" data-end=\"246\">\n<p class=\"\" data-start=\"191\" data-end=\"246\"><strong data-start=\"191\" data-end=\"207\">Note de v\u00e2rf<\/strong>: <span class=\"relative -mx-px my-[-0.2rem] rounded px-px py-[0.2rem] transition-colors duration-100 ease-in-out\">Citrice, Condimente<\/span><\/p>\n<\/li>\n<li class=\"\" data-start=\"247\" data-end=\"306\">\n<p class=\"\" data-start=\"249\" data-end=\"306\"><strong data-start=\"249\" data-end=\"267\">Note de mijloc<\/strong>: <span class=\"relative -mx-px my-[-0.2rem] rounded px-px py-[0.2rem] transition-colors duration-100 ease-in-out\">Acorduri lemnoase, Florale<\/span><\/p>\n<\/li>\n<li class=\"\" data-start=\"307\" data-end=\"408\">\n<p class=\"\" data-start=\"309\" data-end=\"408\"><strong data-start=\"309\" data-end=\"325\">Note de baz\u0103<\/strong><\/p>\n<\/li>\n<\/ul>","protected":false},"featured_media":1697,"comment_status":"open","ping_status":"closed","template":"","meta":{"om_disable_all_campaigns":false,"_monsterinsights_skip_tracking":false,"_monsterinsights_sitenote_active":false,"_monsterinsights_sitenote_note":"","_monsterinsights_sitenote_category":0},"product_brand":[77],"product_cat":[58,55],"product_tag":[],"class_list":{"0":"post-1696","1":"product","2":"type-product","3":"status-publish","4":"has-post-thumbnail","6":"product_brand-nusuk","7":"product_cat-extracte-si-esente","8":"product_cat-pentru-el","10":"first","11":"instock","12":"shipping-taxable","13":"purchasable","14":"product-type-simple"},"aioseo_notices":[],"ct_brands":[{"id":77,"name":"Nusuk","slug":"nusuk"}],"_links":{"self":[{"href":"https:\/\/habibimb.com\/en\/wp-json\/wp\/v2\/product\/1696","targetHints":{"allow":["GET"]}}],"collection":[{"href":"https:\/\/habibimb.com\/en\/wp-json\/wp\/v2\/product"}],"about":[{"href":"https:\/\/habibimb.com\/en\/wp-json\/wp\/v2\/types\/product"}],"replies":[{"embeddable":true,"href":"https:\/\/habibimb.com\/en\/wp-json\/wp\/v2\/comments?post=1696"}],"wp:featuredmedia":[{"embeddable":true,"href":"https:\/\/habibimb.com\/en\/wp-json\/wp\/v2\/media\/1697"}],"wp:attachment":[{"href":"https:\/\/habibimb.com\/en\/wp-json\/wp\/v2\/media?parent=1696"}],"wp:term":[{"taxonomy":"product_brand","embeddable":true,"href":"https:\/\/habibimb.com\/en\/wp-json\/wp\/v2\/product_brand?post=1696"},{"taxonomy":"product_cat","embeddable":true,"href":"https:\/\/habibimb.com\/en\/wp-json\/wp\/v2\/product_cat?post=1696"},{"taxonomy":"product_tag","embeddable":true,"href":"https:\/\/habibimb.com\/en\/wp-json\/wp\/v2\/product_tag?post=1696"}],"curies":[{"name":"wp","href":"https:\/\/api.w.org\/{rel}","templated":true}]}}