{"id":1693,"date":"2025-04-25T07:00:45","date_gmt":"2025-04-25T07:00:45","guid":{"rendered":"https:\/\/habibimb.com\/?post_type=product&#038;p=1693"},"modified":"2025-05-15T07:31:22","modified_gmt":"2025-05-15T07:31:22","slug":"extract-de-parfum-tamim-nusuk-barbati-100ml","status":"publish","type":"product","link":"https:\/\/habibimb.com\/en\/product\/extract-de-parfum-tamim-nusuk-barbati-100ml\/","title":{"rendered":"Tamim, Nusuk"},"content":{"rendered":"<h2>Dezl\u0103n\u021buie-\u021bi elegan\u021ba<\/h2>\n<p>V\u0103 prezent\u0103m Extract de Parfum Tamim de la Nusuk, un parfum de lux conceput pentru b\u0103rbatul modern care \u00eentruchipeaz\u0103 rafinamentul \u0219i farmecul. Aceast\u0103 sticl\u0103 de 100 ml \u00eencapsuleaz\u0103 un amestec unic de arome care eman\u0103 \u00eencredere \u0219i farmec, f\u0103c\u00e2ndu-l completarea perfect\u0103 pentru rutina ta de \u00eengrijire.<\/p>\n<h2>Un profil de parfum captivant<\/h2>\n<p>Extract de Parfum Tamim este o sinergie armonioas\u0103 de note proaspete \u0219i calde, combin\u00e2nd elemente fructate \u0219i picante care creeaz\u0103 o aur\u0103 \u00eembietoare. Notele de v\u00e2rf te revigoreaz\u0103 cu o explozie r\u0103coritoare de citrice, trec\u00e2nd f\u0103r\u0103 probleme \u00eentr-o inim\u0103 care prezint\u0103 condimente aromate \u0219i nuan\u021be florale. Baza este bogat\u0103 \u0219i cald\u0103, cu note lemnoase profunde care ofer\u0103 longevitate \u0219i profunzime parfumului, asigur\u00e2ndu-v\u0103 o impresie de durat\u0103.<\/p>\n<h2>Perfect pentru orice ocazie<\/h2>\n<p>Fie c\u0103 te \u00eendrep\u021bi spre o \u00eent\u00e2lnire de afaceri important\u0103, o ie\u0219ire casual sau un eveniment elegant de sear\u0103, acest parfum rafinat este suficient de versatil pentru a completa orice \u021binut\u0103. C\u00e2teva pulveriz\u0103ri de Extract de Parfum Tamim v\u0103 vor ridica prezen\u021ba, permi\u021b\u00e2ndu-v\u0103 s\u0103 transmite\u021bi carism\u0103 \u0219i echilibru \u00een orice situa\u021bie. Ideal pentru cadouri sau r\u0103sf\u0103\u021b personal, acest parfum \u00eei va captiva cu siguran\u021b\u0103 pe cei din jurul t\u0103u.<\/p>\n<p>Cu profilul s\u0103u olfactiv rafinat \u0219i aten\u021bia la detalii \u00een formul\u0103, Extract de Parfum Tamim de Nusuk este mai mult dec\u00e2t un parfum; este o expresie a stilului \u0219i a personalit\u0103\u021bii. Ridic\u0103-\u021bi jocul de parfum ast\u0103zi!<\/p>","protected":false},"excerpt":{"rendered":"<ul>\n<li class=\"\" data-start=\"188\" data-end=\"245\">\n<p class=\"\" data-start=\"190\" data-end=\"245\"><strong data-start=\"190\" data-end=\"206\">Note de v\u00e2rf<\/strong>: <span class=\"relative -mx-px my-[-0.2rem] rounded px-px py-[0.2rem] transition-colors duration-100 ease-in-out\">Bergamot\u0103, Litsea cubeba<\/span><\/p>\n<\/li>\n<li class=\"\" data-start=\"246\" data-end=\"305\">\n<p class=\"\" data-start=\"248\" data-end=\"305\"><strong data-start=\"248\" data-end=\"266\">Note de mijloc<\/strong>: <span class=\"relative -mx-px my-[-0.2rem] rounded px-px py-[0.2rem] transition-colors duration-100 ease-in-out\">Ylang-ylang, Anason, M\u0103r, Piele<\/span><\/p>\n<\/li>\n<li class=\"\" data-start=\"306\" data-end=\"407\">\n<p class=\"\" data-start=\"308\" data-end=\"407\"><strong data-start=\"308\" data-end=\"324\">Note de baz\u0103<\/strong>: <span class=\"relative -mx-px my-[-0.2rem] rounded px-px py-[0.2rem] transition-colors duration-100 ease-in-out\">Caramel, Mosc, Paciuli, Lemn de cedru, Vetiver<\/span>\u200b<\/p>\n<\/li>\n<\/ul>","protected":false},"featured_media":1694,"comment_status":"open","ping_status":"closed","template":"","meta":{"om_disable_all_campaigns":false,"_monsterinsights_skip_tracking":false,"_monsterinsights_sitenote_active":false,"_monsterinsights_sitenote_note":"","_monsterinsights_sitenote_category":0},"product_brand":[77],"product_cat":[58,55],"product_tag":[],"class_list":{"0":"post-1693","1":"product","2":"type-product","3":"status-publish","4":"has-post-thumbnail","6":"product_brand-nusuk","7":"product_cat-extracte-si-esente","8":"product_cat-pentru-el","10":"first","11":"instock","12":"shipping-taxable","13":"purchasable","14":"product-type-simple"},"aioseo_notices":[],"ct_brands":[{"id":77,"name":"Nusuk","slug":"nusuk"}],"_links":{"self":[{"href":"https:\/\/habibimb.com\/en\/wp-json\/wp\/v2\/product\/1693","targetHints":{"allow":["GET"]}}],"collection":[{"href":"https:\/\/habibimb.com\/en\/wp-json\/wp\/v2\/product"}],"about":[{"href":"https:\/\/habibimb.com\/en\/wp-json\/wp\/v2\/types\/product"}],"replies":[{"embeddable":true,"href":"https:\/\/habibimb.com\/en\/wp-json\/wp\/v2\/comments?post=1693"}],"wp:featuredmedia":[{"embeddable":true,"href":"https:\/\/habibimb.com\/en\/wp-json\/wp\/v2\/media\/1694"}],"wp:attachment":[{"href":"https:\/\/habibimb.com\/en\/wp-json\/wp\/v2\/media?parent=1693"}],"wp:term":[{"taxonomy":"product_brand","embeddable":true,"href":"https:\/\/habibimb.com\/en\/wp-json\/wp\/v2\/product_brand?post=1693"},{"taxonomy":"product_cat","embeddable":true,"href":"https:\/\/habibimb.com\/en\/wp-json\/wp\/v2\/product_cat?post=1693"},{"taxonomy":"product_tag","embeddable":true,"href":"https:\/\/habibimb.com\/en\/wp-json\/wp\/v2\/product_tag?post=1693"}],"curies":[{"name":"wp","href":"https:\/\/api.w.org\/{rel}","templated":true}]}}