{"id":1690,"date":"2025-04-25T06:58:53","date_gmt":"2025-04-25T06:58:53","guid":{"rendered":"https:\/\/habibimb.com\/?post_type=product&#038;p=1690"},"modified":"2025-05-15T07:31:22","modified_gmt":"2025-05-15T07:31:22","slug":"extract-de-parfum-noura-nusuk-barbati-100ml","status":"publish","type":"product","link":"https:\/\/habibimb.com\/en\/product\/extract-de-parfum-noura-nusuk-barbati-100ml\/","title":{"rendered":"Noura, Nusuk"},"content":{"rendered":"<h2>Descoperi\u021bi esen\u021ba Nourii<\/h2>\n<p>P\u0103\u0219e\u0219te \u00eentr-o lume a aromelor rafinate cu Extract de Parfum Noura de la Nusuk. Conceput pentru persoanele exigente, acest parfum luxos surprinde esen\u021ba rafinamentului \u0219i elegan\u021bei. Fiecare sticl\u0103, care con\u021bine 100 ml de r\u0103sf\u0103\u021b pur, v\u0103 invit\u0103 s\u0103 experimenta\u021bi un parfum captivant \u0219i memorabil.<\/p>\n<h2>Un parfum care \u00ee\u021bi spune povestea<\/h2>\n<p>Noura este mai mult dec\u00e2t un parfum; Este o c\u0103l\u0103torie prin note bogate care rezoneaz\u0103 cu personalitatea ta. \u00cencep\u00e2nd cu un amestec orbitor de note de v\u00e2rf care evoc\u0103 prospe\u021bime \u0219i vitalitate, evolueaz\u0103 treptat \u00eentr-o inim\u0103 de nuan\u021be florale \u0219i picante, oferind profunzime \u0219i c\u0103ldur\u0103. \u00cen cele din urm\u0103, notele de baz\u0103 ofer\u0103 un final senzual, ancor\u00e2nd parfumul \u0219i f\u0103c\u00e2ndu-l s\u0103 persiste pe tot parcursul zilei. Fie c\u0103 \u00eel por\u021bi pentru o ocazie special\u0103 sau ca parte a ritualului t\u0103u zilnic, Extract de Parfum Noura este menit s\u0103 dea glas pove\u0219tii tale unice.<\/p>\n<h2>De ce s\u0103 alegi Nusuk Extract de Parfum?<\/h2>\n<p>Acest parfum nu numai c\u0103 atrage sim\u021burile, dar este \u0219i realizat cu ingrediente de \u00eenalt\u0103 calitate care asigur\u0103 longevitate \u0219i bog\u0103\u021bie. Cu o greutate considerabil\u0103 de 100 ml, sticla este conceput\u0103 pentru a rezista, oferind o valoare excep\u021bional\u0103. Nusuk acord\u0103 prioritate artei parfumeriei, iar Extract de Parfum Noura reflect\u0103 acest angajament prin amestecul s\u0103u complicat de parfumuri. Perfect pentru cadouri sau uz personal, acest parfum iese \u00een eviden\u021b\u0103 prin ambalajul s\u0103u elegant, f\u0103c\u00e2ndu-l un plus frumos pentru orice colec\u021bie de parfumuri.<\/p>\n<p>\u00cembr\u0103\u021bi\u0219eaz\u0103 farmecul \u0219i rafinamentul Extract de Parfum Noura de la Nusuk. Permite\u021bi-v\u0103 s\u0103 fi\u021bi \u00eenv\u0103lui\u021bi \u00eentr-un parfum care ridic\u0103 orice dispozi\u021bie sau moment, asigur\u00e2ndu-v\u0103 c\u0103 face\u021bi \u00eentotdeauna o impresie de neuitat.<\/p>","protected":false},"excerpt":{"rendered":"<ul>\n<li class=\"\" data-start=\"450\" data-end=\"553\">\n<p class=\"\" data-start=\"452\" data-end=\"553\"><strong data-start=\"452\" data-end=\"468\">Note de v\u00e2rf<\/strong>: <span class=\"relative -mx-px my-[-0.2rem] rounded px-px py-[0.2rem] transition-colors duration-100 ease-in-out\">probabil citrice proaspete sau condimente u\u0219oare, care ofer\u0103 o deschidere energic\u0103.<\/span>\u200b<\/p>\n<\/li>\n<li class=\"\" data-start=\"555\" data-end=\"662\">\n<p class=\"\" data-start=\"557\" data-end=\"662\"><strong data-start=\"557\" data-end=\"575\">Note de mijloc<\/strong>: <span class=\"relative -mx-px my-[-0.2rem] rounded px-px py-[0.2rem] transition-colors duration-100 ease-in-out\">posibile accente florale sau lemnoase, care adaug\u0103 profunzime \u0219i complexitate parfumului.<\/span><\/p>\n<\/li>\n<li class=\"\" data-start=\"555\" data-end=\"662\">\n<p class=\"\" data-start=\"557\" data-end=\"662\"><strong data-start=\"666\" data-end=\"682\">Note de baz\u0103<\/strong>: <span class=\"relative -mx-px my-[-0.2rem] rounded px-px py-[0.2rem] transition-colors duration-100 ease-in-out\">probabil lemn pre\u021bios, mosc sau ambra, care confer\u0103 persisten\u021b\u0103 \u0219i o amprent\u0103 senzual\u0103.<\/span><\/p>\n<\/li>\n<\/ul>","protected":false},"featured_media":1691,"comment_status":"open","ping_status":"closed","template":"","meta":{"om_disable_all_campaigns":false,"_monsterinsights_skip_tracking":false,"_monsterinsights_sitenote_active":false,"_monsterinsights_sitenote_note":"","_monsterinsights_sitenote_category":0},"product_brand":[77],"product_cat":[58,55],"product_tag":[],"class_list":{"0":"post-1690","1":"product","2":"type-product","3":"status-publish","4":"has-post-thumbnail","6":"product_brand-nusuk","7":"product_cat-extracte-si-esente","8":"product_cat-pentru-el","10":"first","11":"instock","12":"shipping-taxable","13":"purchasable","14":"product-type-simple"},"aioseo_notices":[],"ct_brands":[{"id":77,"name":"Nusuk","slug":"nusuk"}],"_links":{"self":[{"href":"https:\/\/habibimb.com\/en\/wp-json\/wp\/v2\/product\/1690","targetHints":{"allow":["GET"]}}],"collection":[{"href":"https:\/\/habibimb.com\/en\/wp-json\/wp\/v2\/product"}],"about":[{"href":"https:\/\/habibimb.com\/en\/wp-json\/wp\/v2\/types\/product"}],"replies":[{"embeddable":true,"href":"https:\/\/habibimb.com\/en\/wp-json\/wp\/v2\/comments?post=1690"}],"wp:featuredmedia":[{"embeddable":true,"href":"https:\/\/habibimb.com\/en\/wp-json\/wp\/v2\/media\/1691"}],"wp:attachment":[{"href":"https:\/\/habibimb.com\/en\/wp-json\/wp\/v2\/media?parent=1690"}],"wp:term":[{"taxonomy":"product_brand","embeddable":true,"href":"https:\/\/habibimb.com\/en\/wp-json\/wp\/v2\/product_brand?post=1690"},{"taxonomy":"product_cat","embeddable":true,"href":"https:\/\/habibimb.com\/en\/wp-json\/wp\/v2\/product_cat?post=1690"},{"taxonomy":"product_tag","embeddable":true,"href":"https:\/\/habibimb.com\/en\/wp-json\/wp\/v2\/product_tag?post=1690"}],"curies":[{"name":"wp","href":"https:\/\/api.w.org\/{rel}","templated":true}]}}