{"id":1687,"date":"2025-04-25T06:56:19","date_gmt":"2025-04-25T06:56:19","guid":{"rendered":"https:\/\/habibimb.com\/?post_type=product&#038;p=1687"},"modified":"2025-05-15T07:31:22","modified_gmt":"2025-05-15T07:31:22","slug":"extract-de-parfum-orhan-nusuk-femei-100ml","status":"publish","type":"product","link":"https:\/\/habibimb.com\/en\/product\/extract-de-parfum-orhan-nusuk-femei-100ml\/","title":{"rendered":"Orhan, Nusuk"},"content":{"rendered":"<h2>Experimenta\u021bi esen\u021ba elegan\u021bei<\/h2>\n<p>Descoper\u0103 farmecul luxos al Extract de Parfum Orhan de la Nusuk, formulat special pentru femeia modern\u0103. \u00cencapsulat \u00eentr-o sticl\u0103 frumos proiectat\u0103, acest parfum de 100 ml este mai mult dec\u00e2t un simplu parfum; este o expresie a elegan\u021bei \u0219i rafinamentului.<\/p>\n<h2>Realizat cu precizie<\/h2>\n<p>Fiecare pulverizare a extractului de Orhan dezv\u0103luie o tapiserie bogat\u0103 de note aromatice, amestecate perfect pentru a crea o experien\u021b\u0103 olfactiv\u0103 unic\u0103. Acest parfum rafinat echilibreaz\u0103 elementele florale \u0219i lemnoase, ademenindu-\u021bi sim\u021burile \u0219i l\u0103s\u00e2nd o impresie de durat\u0103. Este perfect pentru orice ocazie, fie c\u0103 te \u00eembraci pentru o gal\u0103 sau te bucuri de o sear\u0103 casual cu prietenii.<\/p>\n<h2>De ce s\u0103 alegi Nusuk?<\/h2>\n<p>Nusuk este renumit pentru angajamentul s\u0103u fa\u021b\u0103 de calitate \u0219i m\u0103iestrie, asigur\u00e2ndu-se c\u0103 fiecare sticl\u0103 de Extract de Parfum Orhan este infuzat\u0103 cu cele mai bune ingrediente. Parfumul de durat\u0103 nu este conceput doar pentru a r\u0103m\u00e2ne pe pielea ta, dar \u00eentruchipeaz\u0103 \u0219i spiritul feminit\u0103\u021bii, \u00eemputernicind femeile s\u0103 se simt\u0103 \u00eencrez\u0103toare \u00een propria piele. R\u0103sf\u0103\u021ba\u021bi-v\u0103 sau d\u0103rui\u021bi-l unei persoane dragi &#8211; acest parfum este o comoar\u0103 atemporal\u0103 care va \u00eembun\u0103t\u0103\u021bi orice colec\u021bie de parfumuri.<\/p>\n<p>\u00cembun\u0103t\u0103\u021be\u0219te-\u021bi ritualul zilnic cu luxosul Extract de Parfum Orhan, Nusuk, Femei 100ML. Experimenta\u021bi mirosul atr\u0103g\u0103tor care spune multe f\u0103r\u0103 a spune un cuv\u00e2nt.<\/p>","protected":false},"excerpt":{"rendered":"<p class=\"\" data-start=\"93\" data-end=\"112\"><strong data-start=\"93\" data-end=\"109\">Note de v\u00e2rf<\/strong>:<\/p>\n<ul data-start=\"113\" data-end=\"151\">\n<li class=\"\" data-start=\"113\" data-end=\"124\">\n<p class=\"\" data-start=\"115\" data-end=\"124\">Citron\u0103<\/p>\n<\/li>\n<li class=\"\" data-start=\"125\" data-end=\"151\">\n<p class=\"\" data-start=\"127\" data-end=\"151\">Accente florale delicate<\/p>\n<\/li>\n<\/ul>\n<p class=\"\" data-start=\"153\" data-end=\"174\"><strong data-start=\"153\" data-end=\"171\">Note de mijloc<\/strong>:<\/p>\n<ul data-start=\"175\" data-end=\"226\">\n<li class=\"\" data-start=\"175\" data-end=\"198\">\n<p class=\"\" data-start=\"177\" data-end=\"198\">Buchet floral nobil<\/p>\n<\/li>\n<li class=\"\" data-start=\"199\" data-end=\"226\">\n<p class=\"\" data-start=\"201\" data-end=\"226\">Note calde \u0219i sofisticate<\/p>\n<\/li>\n<\/ul>\n<p class=\"\" data-start=\"228\" data-end=\"247\"><strong data-start=\"228\" data-end=\"244\">Note de baz\u0103<\/strong>:<\/p>\n<ul data-start=\"248\" data-end=\"281\">\n<li class=\"\" data-start=\"248\" data-end=\"264\">\n<p class=\"\" data-start=\"250\" data-end=\"264\">Lemn pre\u021bios<\/p>\n<\/li>\n<li class=\"\" data-start=\"265\" data-end=\"281\">\n<p class=\"\" data-start=\"267\" data-end=\"281\">Mosc catifelat<\/p>\n<\/li>\n<\/ul>","protected":false},"featured_media":1688,"comment_status":"open","ping_status":"closed","template":"","meta":{"om_disable_all_campaigns":false,"_monsterinsights_skip_tracking":false,"_monsterinsights_sitenote_active":false,"_monsterinsights_sitenote_note":"","_monsterinsights_sitenote_category":0},"product_brand":[77],"product_cat":[58,55],"product_tag":[],"class_list":{"0":"post-1687","1":"product","2":"type-product","3":"status-publish","4":"has-post-thumbnail","6":"product_brand-nusuk","7":"product_cat-extracte-si-esente","8":"product_cat-pentru-el","10":"first","11":"instock","12":"shipping-taxable","13":"purchasable","14":"product-type-simple"},"aioseo_notices":[],"ct_brands":[{"id":77,"name":"Nusuk","slug":"nusuk"}],"_links":{"self":[{"href":"https:\/\/habibimb.com\/en\/wp-json\/wp\/v2\/product\/1687","targetHints":{"allow":["GET"]}}],"collection":[{"href":"https:\/\/habibimb.com\/en\/wp-json\/wp\/v2\/product"}],"about":[{"href":"https:\/\/habibimb.com\/en\/wp-json\/wp\/v2\/types\/product"}],"replies":[{"embeddable":true,"href":"https:\/\/habibimb.com\/en\/wp-json\/wp\/v2\/comments?post=1687"}],"wp:featuredmedia":[{"embeddable":true,"href":"https:\/\/habibimb.com\/en\/wp-json\/wp\/v2\/media\/1688"}],"wp:attachment":[{"href":"https:\/\/habibimb.com\/en\/wp-json\/wp\/v2\/media?parent=1687"}],"wp:term":[{"taxonomy":"product_brand","embeddable":true,"href":"https:\/\/habibimb.com\/en\/wp-json\/wp\/v2\/product_brand?post=1687"},{"taxonomy":"product_cat","embeddable":true,"href":"https:\/\/habibimb.com\/en\/wp-json\/wp\/v2\/product_cat?post=1687"},{"taxonomy":"product_tag","embeddable":true,"href":"https:\/\/habibimb.com\/en\/wp-json\/wp\/v2\/product_tag?post=1687"}],"curies":[{"name":"wp","href":"https:\/\/api.w.org\/{rel}","templated":true}]}}