{"id":1683,"date":"2025-04-25T06:53:43","date_gmt":"2025-04-25T06:53:43","guid":{"rendered":"https:\/\/habibimb.com\/?post_type=product&#038;p=1683"},"modified":"2025-10-30T08:20:13","modified_gmt":"2025-10-30T08:20:13","slug":"khamrah-dukhan-lattafa-unisex-100ml","status":"publish","type":"product","link":"https:\/\/habibimb.com\/en\/product\/khamrah-dukhan-lattafa-unisex-100ml\/","title":{"rendered":"Khamrah Dukhan ,Lattafa"},"content":{"rendered":"<h2>Dezl\u0103n\u021bui\u021bi sofisticarea lui Khamrah Dukhan Lattafa<\/h2>\n<p>P\u0103\u0219e\u0219te \u00eentr-o lume a aromelor vibrante \u0219i a senza\u021biilor atr\u0103g\u0103toare cu Khamrah Dukhan Lattafa, un parfum unisex creat cu m\u0103iestrie, conceput pentru cei care \u00eembr\u0103\u021bi\u0219eaz\u0103 elegan\u021ba \u0219i individualitatea. Aceast\u0103 sticl\u0103 de 100 ml \u00eencapsuleaz\u0103 un amestec unic de note bogate care rezoneaz\u0103 frumos at\u00e2t cu b\u0103rba\u021bii, c\u00e2t \u0219i cu femeile, f\u0103c\u00e2ndu-l o alegere impecabil\u0103 pentru orice ocazie.<\/p>\n<h2>O simfonie de mirosuri \u00eembietoare<\/h2>\n<p>Khamrah Dukhan Lattafa se deschide cu o explozie captivant\u0103 de prospe\u021bime fructat\u0103, trezindu-\u021bi instantaneu sim\u021burile \u0219i invit\u00e2ndu-te \u00eentr-o c\u0103l\u0103torie parfumat\u0103. Inima parfumului evolueaz\u0103 pentru a dezv\u0103lui nuan\u021be profunde \u0219i calde care creeaz\u0103 un parfum de neuitat, ideal pentru purtarea zilnic\u0103 sau pentru serile speciale. Cu formula sa bogat\u0103, acest parfum unisex promite s\u0103 r\u0103m\u00e2n\u0103 \u00eenc\u00e2nt\u0103tor pe pielea ta, oferind o aur\u0103 senzual\u0103 \u0219i reconfortant\u0103 pe tot parcursul zilei.<\/p>\n<h2>Un cadou perfect pentru to\u021bi<\/h2>\n<p>Fie c\u0103 sunte\u021bi \u00een c\u0103utarea unui cadou atent pentru o persoan\u0103 drag\u0103 sau a unui r\u0103sf\u0103\u021b pentru dvs., Khamrah Dukhan Lattafa se potrive\u0219te perfect \u00een fiecare scenariu. Designul s\u0103u elegant nu numai c\u0103 arat\u0103 izbitor pe o chiuvet\u0103, dar vorbe\u0219te \u0219i despre calitatea premium con\u021binut\u0103 \u00een interior. Acest parfum este potrivit pentru orice gen, consolid\u00e2ndu-\u0219i statutul de parfum universal care rezoneaz\u0103 cu o gam\u0103 larg\u0103 de stiluri personale.<\/p>\n<p>Alege Khamrah Dukhan Lattafa pentru a-\u021bi \u00eembun\u0103t\u0103\u021bi colec\u021bia de parfumuri sau pentru a oferi cuiva special. Experimenta\u021bi c\u0103l\u0103toria bogat\u0103 a parfumurilor care ajut\u0103 la caracterizarea \u0219i celebrarea individualit\u0103\u021bii. \u00cembr\u0103\u021bi\u0219eaz\u0103 aroma luxoas\u0103 ast\u0103zi \u0219i f\u0103 fiecare moment memorabil.<\/p>","protected":false},"excerpt":{"rendered":"<p class=\"\" data-start=\"110\" data-end=\"162\"><strong data-start=\"110\" data-end=\"126\">Note de v\u00e2rf<\/strong>:<br data-start=\"127\" data-end=\"130\" \/>Bergamot\u0103, Nuc\u0219oar\u0103, Scor\u021bi\u0219oar\u0103<\/p>\n<p class=\"\" data-start=\"164\" data-end=\"223\"><strong data-start=\"164\" data-end=\"182\">Note de mijloc<\/strong>:<br data-start=\"183\" data-end=\"186\" \/>Curmale, Pralin\u0103, Tuberoz\u0103, Mahonial\u00ae<\/p>\n<p class=\"\" data-start=\"225\" data-end=\"329\"><strong data-start=\"225\" data-end=\"241\">Note de baz\u0103<\/strong>:<br data-start=\"242\" data-end=\"245\" \/>Vanilie, Fasole Tonka pr\u0103jit\u0103, Benzoina, Smirn\u0103, Lemn de Akigala, Lemn de chihlimbar<\/p>","protected":false},"featured_media":2037,"comment_status":"open","ping_status":"closed","template":"","meta":{"om_disable_all_campaigns":false,"_monsterinsights_skip_tracking":false,"_monsterinsights_sitenote_active":false,"_monsterinsights_sitenote_note":"","_monsterinsights_sitenote_category":0},"product_brand":[63],"product_cat":[57],"product_tag":[],"class_list":{"0":"post-1683","1":"product","2":"type-product","3":"status-publish","4":"has-post-thumbnail","6":"product_brand-lattafa","7":"product_cat-unisex","9":"first","10":"instock","11":"shipping-taxable","12":"purchasable","13":"product-type-simple"},"aioseo_notices":[],"ct_brands":[{"id":63,"name":"Lattafa","slug":"lattafa"}],"_links":{"self":[{"href":"https:\/\/habibimb.com\/en\/wp-json\/wp\/v2\/product\/1683","targetHints":{"allow":["GET"]}}],"collection":[{"href":"https:\/\/habibimb.com\/en\/wp-json\/wp\/v2\/product"}],"about":[{"href":"https:\/\/habibimb.com\/en\/wp-json\/wp\/v2\/types\/product"}],"replies":[{"embeddable":true,"href":"https:\/\/habibimb.com\/en\/wp-json\/wp\/v2\/comments?post=1683"}],"wp:featuredmedia":[{"embeddable":true,"href":"https:\/\/habibimb.com\/en\/wp-json\/wp\/v2\/media\/2037"}],"wp:attachment":[{"href":"https:\/\/habibimb.com\/en\/wp-json\/wp\/v2\/media?parent=1683"}],"wp:term":[{"taxonomy":"product_brand","embeddable":true,"href":"https:\/\/habibimb.com\/en\/wp-json\/wp\/v2\/product_brand?post=1683"},{"taxonomy":"product_cat","embeddable":true,"href":"https:\/\/habibimb.com\/en\/wp-json\/wp\/v2\/product_cat?post=1683"},{"taxonomy":"product_tag","embeddable":true,"href":"https:\/\/habibimb.com\/en\/wp-json\/wp\/v2\/product_tag?post=1683"}],"curies":[{"name":"wp","href":"https:\/\/api.w.org\/{rel}","templated":true}]}}