{"id":1679,"date":"2025-04-25T06:46:29","date_gmt":"2025-04-25T06:46:29","guid":{"rendered":"https:\/\/habibimb.com\/?post_type=product&#038;p=1679"},"modified":"2026-03-30T09:12:33","modified_gmt":"2026-03-30T09:12:33","slug":"extract-de-parfum-rouge-elixir-by-patricunisex-100ml","status":"publish","type":"product","link":"https:\/\/habibimb.com\/en\/product\/extract-de-parfum-rouge-elixir-by-patricunisex-100ml\/","title":{"rendered":"Rouge Elixir, By Patric"},"content":{"rendered":"<h2>Experimenta\u021bi esen\u021ba elegan\u021bei<\/h2>\n<p>V\u0103 prezent\u0103m <strong>Extract de Parfum Rouge Elixir<\/strong> de la Patric, un parfum unisex conceput pentru cei care apreciaz\u0103 arta parfumului. Aceast\u0103 sticl\u0103 rafinat\u0103 de 100 ml \u00eencapsuleaz\u0103 luxul \u00een fiecare pic\u0103tur\u0103, oferind o c\u0103l\u0103torie olfactiv\u0103 unic\u0103 care seduce sim\u021burile. Amestecul atent realizat de note bogate \u0219i nuan\u021be subtile v\u0103 asigur\u0103 c\u0103 l\u0103sa\u021bi o impresie de durat\u0103 oriunde merge\u021bi.<\/p>\n<h2>Un amestec armonios de note<\/h2>\n<p>\u00cen inima <strong>Rouge Elixir<\/strong> se afl\u0103 o simfonie de parfumuri care se armonizeaz\u0103 frumos. Explozia ini\u021bial\u0103 de note de v\u00e2rf vibrante v\u0103 invit\u0103 \u00eentr-o lume a prospe\u021bimii, \u00een timp ce notele de mijloc evolueaz\u0103 \u00een straturi mai profunde \u0219i mai complexe, care dezv\u0103luie o bog\u0103\u021bie luxoas\u0103. Notele de baz\u0103, calde \u0219i \u00eemp\u0103m\u00e2ntate, persist\u0103 pe piele, cre\u00e2nd un profil olfactiv captivant, at\u00e2t r\u0103coritor, c\u00e2t \u0219i \u00eemb\u0103t\u0103tor.<\/p>\n<h2>Perfect pentru orice ocazie<\/h2>\n<p>Acest parfum unisex este suficient de versatil at\u00e2t pentru purtarea zilei, c\u00e2t \u0219i pentru elegan\u021ba de sear\u0103. Indiferent dac\u0103 participa\u021bi la un brunch casual sau la o gal\u0103 formal\u0103, Extract de Parfum Rouge Elixir se adapteaz\u0103 f\u0103r\u0103 efort nevoilor dvs., f\u0103c\u00e2ndu-l completarea perfect\u0103 pentru orice colec\u021bie de parfumuri. \u00cembr\u0103\u021bi\u0219eaz\u0103 \u00eencrederea care vine odat\u0103 cu purtarea unui parfum care este la fel de unic ca \u0219i tine.<\/p>\n<p>Cu prezentarea sa uimitoare \u0219i formula luxoas\u0103, <strong>Extract de Parfum Rouge Elixir<\/strong> de la Patric nu este doar un parfum; este o experien\u021b\u0103. \u00cen\u0103l\u021ba\u021bi-v\u0103 ritualul zilnic \u0219i r\u0103sf\u0103\u021ba\u021bi-v\u0103 cu esen\u021ba luxului ast\u0103zi.<\/p>","protected":false},"excerpt":{"rendered":"<p>Inspirat din Baccarat Rouge<\/p>\n<p>&nbsp;<\/p>\n<p><strong>Note de varf:<\/strong>\u00a0Iasomie<br \/>\n<strong>Note de mijloc:<\/strong>\u00a0Migdale<br \/>\n<strong>Note de baza:<\/strong>\u00a0Mosc<\/p>","protected":false},"featured_media":1680,"comment_status":"open","ping_status":"closed","template":"","meta":{"om_disable_all_campaigns":false,"_monsterinsights_skip_tracking":false,"_monsterinsights_sitenote_active":false,"_monsterinsights_sitenote_note":"","_monsterinsights_sitenote_category":0},"product_brand":[76],"product_cat":[58,57],"product_tag":[],"class_list":{"0":"post-1679","1":"product","2":"type-product","3":"status-publish","4":"has-post-thumbnail","6":"product_brand-by-patric","7":"product_cat-extracte-si-esente","8":"product_cat-unisex","10":"first","11":"instock","12":"shipping-taxable","13":"purchasable","14":"product-type-simple"},"aioseo_notices":[],"ct_brands":[{"id":76,"name":"By Patric","slug":"by-patric"}],"_links":{"self":[{"href":"https:\/\/habibimb.com\/en\/wp-json\/wp\/v2\/product\/1679","targetHints":{"allow":["GET"]}}],"collection":[{"href":"https:\/\/habibimb.com\/en\/wp-json\/wp\/v2\/product"}],"about":[{"href":"https:\/\/habibimb.com\/en\/wp-json\/wp\/v2\/types\/product"}],"replies":[{"embeddable":true,"href":"https:\/\/habibimb.com\/en\/wp-json\/wp\/v2\/comments?post=1679"}],"wp:featuredmedia":[{"embeddable":true,"href":"https:\/\/habibimb.com\/en\/wp-json\/wp\/v2\/media\/1680"}],"wp:attachment":[{"href":"https:\/\/habibimb.com\/en\/wp-json\/wp\/v2\/media?parent=1679"}],"wp:term":[{"taxonomy":"product_brand","embeddable":true,"href":"https:\/\/habibimb.com\/en\/wp-json\/wp\/v2\/product_brand?post=1679"},{"taxonomy":"product_cat","embeddable":true,"href":"https:\/\/habibimb.com\/en\/wp-json\/wp\/v2\/product_cat?post=1679"},{"taxonomy":"product_tag","embeddable":true,"href":"https:\/\/habibimb.com\/en\/wp-json\/wp\/v2\/product_tag?post=1679"}],"curies":[{"name":"wp","href":"https:\/\/api.w.org\/{rel}","templated":true}]}}