{"id":1674,"date":"2025-04-24T22:15:02","date_gmt":"2025-04-24T22:15:02","guid":{"rendered":"https:\/\/habibimb.com\/?post_type=product&#038;p=1674"},"modified":"2025-05-15T07:31:22","modified_gmt":"2025-05-15T07:31:22","slug":"apa-de-parfum-oniro-fragrance-worldunisex-100ml","status":"publish","type":"product","link":"https:\/\/habibimb.com\/en\/product\/apa-de-parfum-oniro-fragrance-worldunisex-100ml\/","title":{"rendered":"Oniro, Fragrance World"},"content":{"rendered":"<h2>Descoperi\u021bi esen\u021ba lui Oniro<\/h2>\n<p>P\u0103\u0219e\u0219te \u00eentr-o lume a aromelor captivante cu Apa de Parfum Oniro de la Fragrance World. Acest parfum unisex este creat de exper\u021bi pentru a transcende normele de gen, oferind un parfum unic care se potrive\u0219te tuturor. \u00centr-o sticl\u0103 generoas\u0103 de 100 ml, Oniro este conceput pentru cei care doresc s\u0103-\u0219i exprime individualitatea \u00een timp ce se \u00eenv\u0103luie \u00eentr-o aur\u0103 de rafinament \u0219i farmec.<\/p>\n<h2>Note de neuitat pentru fiecare ocazie<\/h2>\n<p>Parfumul se deschide cu o explozie vibrant\u0103 de note proaspete, trezindu-\u021bi sim\u021burile \u0219i preg\u0103tind scena pentru o experien\u021b\u0103 olfactiv\u0103 remarcabil\u0103. Pe m\u0103sur\u0103 ce se a\u0219eaz\u0103, inima dezv\u0103luie un amestec cald de condimente \u0219i florale, cre\u00e2nd o atmosfer\u0103 primitoare perfect\u0103 at\u00e2t pentru zi, c\u00e2t \u0219i pentru noapte. \u00cen cele din urm\u0103, notele de baz\u0103 se desf\u0103\u0219oar\u0103, cu lemne bogate \u0219i moscuri delicate care persist\u0103 pe piele, l\u0103s\u00e2nd o impresie de neuitat. Aceast\u0103 combina\u021bie armonioas\u0103 face ca Oniro s\u0103 fie potrivit pentru orice ocazie, de la ie\u0219iri casual la evenimente elegante.<\/p>\n<h2>Creat pentru calitate \u0219i longevitate<\/h2>\n<p>Fragrance World este renumit pentru angajamentul s\u0103u fa\u021b\u0103 de calitate, iar Oniro nu face excep\u021bie. Cu o formul\u0103 care subliniaz\u0103 longevitatea, aceast\u0103 ap\u0103 de parfum ofer\u0103 o purtare de lung\u0103 durat\u0103, f\u0103r\u0103 a fi nevoie de o reaplicare constant\u0103. Sticla de 100 ml are un design elegant \u0219i modern, care nu numai c\u0103 arat\u0103 grozav pe toalet\u0103, dar este \u0219i convenabil\u0103 pentru c\u0103l\u0103torii. Indiferent dac\u0103 \u00eel strope\u0219ti \u00eenainte de a merge la serviciu sau \u00eel aplici pentru o noapte \u00een ora\u0219, Oniro te asigur\u0103 c\u0103 r\u0103m\u00e2i \u00eenv\u0103luit \u00een aroma sa rafinat\u0103 pe tot parcursul zilei.<\/p>\n<p>Pe l\u00e2ng\u0103 parfumul s\u0103u captivant, Apa de Parfum Oniro serve\u0219te ca o s\u0103rb\u0103toare a expresiei personale. \u00cencurajeaz\u0103 purt\u0103torii s\u0103-\u0219i \u00eembr\u0103\u021bi\u0219eze unicitatea \u0219i s\u0103-\u0219i \u00eemp\u0103rt\u0103\u0219easc\u0103 individualitatea. F\u0103 o declara\u021bie f\u0103r\u0103 a spune un cuv\u00e2nt, deoarece acest parfum reflect\u0103 cu m\u0103iestrie caracterul t\u0103u interior.<\/p>\n<p>Perfect pentru cadou sau pentru un r\u0103sf\u0103\u021b personal \u00eenc\u00e2nt\u0103tor, Apa de Parfum Oniro de la Fragrance World este un plus excelent pentru orice colec\u021bie de parfumuri. R\u0103sf\u0103\u021ba\u021bi-v\u0103 pe dumneavoastr\u0103 sau pe o persoan\u0103 drag\u0103 cu acest parfum unisex rafinat \u0219i experimenta\u021bi farmecul pe care \u00eel aduce \u00een via\u021ba de zi cu zi.<\/p>","protected":false},"excerpt":{"rendered":"<ul>\n<li class=\"\" data-start=\"188\" data-end=\"245\">\n<p class=\"\" data-start=\"190\" data-end=\"245\"><strong data-start=\"190\" data-end=\"206\">Note de v\u00e2rf<\/strong>: <span class=\"relative -mx-px my-[-0.2rem] rounded px-px py-[0.2rem] transition-colors duration-100 ease-in-out\">grapefruit, mandarin\u0103, note marine \u2013 o deschidere proasp\u0103t\u0103 \u0219i revigorant\u0103.<\/span><\/p>\n<\/li>\n<li class=\"\" data-start=\"246\" data-end=\"305\">\n<p class=\"\" data-start=\"248\" data-end=\"305\"><strong data-start=\"248\" data-end=\"266\">Note de mijloc<\/strong>: <span class=\"relative -mx-px my-[-0.2rem] rounded px-px py-[0.2rem] transition-colors duration-100 ease-in-out\">frunze de dafin, iasomie \u2013 un amestec floral \u0219i u\u0219or condimentat.<\/span><\/p>\n<\/li>\n<li class=\"\" data-start=\"306\" data-end=\"407\">\n<p class=\"\" data-start=\"308\" data-end=\"407\"><strong data-start=\"308\" data-end=\"324\">Note de baz\u0103<\/strong>: <span class=\"relative -mx-px my-[-0.2rem] rounded px-px py-[0.2rem] transition-colors duration-100 ease-in-out\">lemn de guaiac, lichen, paciuli, ambergris \u2013 o funda\u021bie lemnoas\u0103 \u0219i misterioas\u0103.<\/span><\/p>\n<\/li>\n<\/ul>","protected":false},"featured_media":1676,"comment_status":"open","ping_status":"closed","template":"","meta":{"om_disable_all_campaigns":false,"_monsterinsights_skip_tracking":false,"_monsterinsights_sitenote_active":false,"_monsterinsights_sitenote_note":"","_monsterinsights_sitenote_category":0},"product_brand":[61],"product_cat":[57],"product_tag":[],"class_list":{"0":"post-1674","1":"product","2":"type-product","3":"status-publish","4":"has-post-thumbnail","6":"product_brand-fragance-world","7":"product_cat-unisex","9":"first","10":"instock","11":"shipping-taxable","12":"purchasable","13":"product-type-simple"},"aioseo_notices":[],"ct_brands":[{"id":61,"name":"Fragrance World","slug":"fragance-world"}],"_links":{"self":[{"href":"https:\/\/habibimb.com\/en\/wp-json\/wp\/v2\/product\/1674","targetHints":{"allow":["GET"]}}],"collection":[{"href":"https:\/\/habibimb.com\/en\/wp-json\/wp\/v2\/product"}],"about":[{"href":"https:\/\/habibimb.com\/en\/wp-json\/wp\/v2\/types\/product"}],"replies":[{"embeddable":true,"href":"https:\/\/habibimb.com\/en\/wp-json\/wp\/v2\/comments?post=1674"}],"wp:featuredmedia":[{"embeddable":true,"href":"https:\/\/habibimb.com\/en\/wp-json\/wp\/v2\/media\/1676"}],"wp:attachment":[{"href":"https:\/\/habibimb.com\/en\/wp-json\/wp\/v2\/media?parent=1674"}],"wp:term":[{"taxonomy":"product_brand","embeddable":true,"href":"https:\/\/habibimb.com\/en\/wp-json\/wp\/v2\/product_brand?post=1674"},{"taxonomy":"product_cat","embeddable":true,"href":"https:\/\/habibimb.com\/en\/wp-json\/wp\/v2\/product_cat?post=1674"},{"taxonomy":"product_tag","embeddable":true,"href":"https:\/\/habibimb.com\/en\/wp-json\/wp\/v2\/product_tag?post=1674"}],"curies":[{"name":"wp","href":"https:\/\/api.w.org\/{rel}","templated":true}]}}