{"id":1670,"date":"2025-04-24T22:12:38","date_gmt":"2025-04-24T22:12:38","guid":{"rendered":"https:\/\/habibimb.com\/?post_type=product&#038;p=1670"},"modified":"2025-12-18T13:15:19","modified_gmt":"2025-12-18T13:15:19","slug":"apa-de-aventos-blue-for-him-fragrance-world-barbati-100ml","status":"publish","type":"product","link":"https:\/\/habibimb.com\/en\/product\/apa-de-aventos-blue-for-him-fragrance-world-barbati-100ml\/","title":{"rendered":"Aventos Blue For Him, Fragrance World"},"content":{"rendered":"<h2>Dezl\u0103n\u021buie-\u021bi carisma<\/h2>\n<p>V\u0103 prezent\u0103m Apa de Aventos Blue For Him, un parfum robust care \u00eentruchipeaz\u0103 rafinamentul \u0219i farmecul. Lansat de parfumierii exper\u021bi de la Fragrance World, acest parfum rafinat este conceput pentru b\u0103rbatul modern care pre\u021buie\u0219te clasa \u0219i \u00eencrederea. \u00cencapsulat \u00eentr-o sticl\u0103 izbitoare de 100 ml, acest parfum este accesoriul perfect pentru orice ocazie, permi\u021b\u00e2ndu-v\u0103 s\u0103 v\u0103 exprima\u021bi personalitatea distinctiv\u0103 cu fiecare spray.<\/p>\n<h2>Note de parfum care captiveaz\u0103<\/h2>\n<p>Notele de deschidere ale lui Apa de Aventos Blue For Him prezint\u0103 o explozie r\u0103coritoare de citrice \u0219i bergamot\u0103, oferind un \u00eenceput vibrant care treze\u0219te sim\u021burile. Pe m\u0103sur\u0103 ce parfumul evolueaz\u0103, se \u00eentrep\u0103trund note de piper roz picant \u0219i lavand\u0103 aromat\u0103, ad\u0103ug\u00e2nd profunzime \u0219i intrig\u0103 care atrage oamenii. \u00cen cele din urm\u0103, notele de baz\u0103 de lemn bogat \u0219i mosc creeaz\u0103 o impresie de durat\u0103, asigur\u00e2ndu-v\u0103 c\u0103 l\u0103sa\u021bi o amprent\u0103 subtil\u0103, dar puternic\u0103 oriunde merge\u021bi.<\/p>\n<h2>Perfect pentru orice ocazie<\/h2>\n<p>Fie c\u0103 te \u00eendrep\u021bi spre un eveniment formal, ie\u0219i \u00eentr-o sear\u0103 casual sau pur \u0219i simplu vrei s\u0103 te sim\u021bi revitalizat pe tot parcursul zilei, Apa de Aventos Blue For Him este partenerul t\u0103u ideal. Parfumul s\u0103u versatil \u00eel face potrivit at\u00e2t pentru zi, c\u00e2t \u0219i pentru noapte, f\u0103c\u00e2ndu-l un must-have \u00een colec\u021bia ta de parfumuri. \u00cembr\u0103\u021bi\u0219eaz\u0103 esen\u021ba masculinit\u0103\u021bii \u0219i a atrac\u021biei cu un parfum la fel de dinamic ca \u0219i tine.<\/p>\n<p>Nu rata\u021bi \u0219ansa de a de\u021bine acest parfum distinct. Apa de Aventos Blue For Him &#8211; un parfum care \u00ee\u021bi declar\u0103 cu \u00eencredere prezen\u021ba \u0219i las\u0103 o impresie de durat\u0103. Experimenta\u021bi farmecul Fragrance World ast\u0103zi!ML<\/p>","protected":false},"excerpt":{"rendered":"<p>Inspirat din Green Irish Tweed\u00a0Creed<\/p>\n<p>&nbsp;<\/p>\n<p><strong>Not\u0103 de varf:\u00a0<\/strong>ap\u0103 de mare, l\u0103m\u00e2ie italian\u0103, m\u0103r, ulei de ment\u0103<br \/>\n<strong>Nota de mijloc:\u00a0<\/strong>ambroxan, boabe de tonka, baz\u0103 de flori de geranium<br \/>\n<strong>Not\u0103 de baza:<\/strong>\u00a0Cedru Atlas, Cedru, Lichen, Vetiver, Vanilie<\/p>","protected":false},"featured_media":1671,"comment_status":"open","ping_status":"closed","template":"","meta":{"om_disable_all_campaigns":false,"_monsterinsights_skip_tracking":false,"_monsterinsights_sitenote_active":false,"_monsterinsights_sitenote_note":"","_monsterinsights_sitenote_category":0},"product_brand":[61],"product_cat":[55],"product_tag":[],"class_list":{"0":"post-1670","1":"product","2":"type-product","3":"status-publish","4":"has-post-thumbnail","6":"product_brand-fragance-world","7":"product_cat-pentru-el","9":"first","10":"outofstock","11":"shipping-taxable","12":"purchasable","13":"product-type-simple"},"aioseo_notices":[],"ct_brands":[{"id":61,"name":"Fragrance World","slug":"fragance-world"}],"_links":{"self":[{"href":"https:\/\/habibimb.com\/en\/wp-json\/wp\/v2\/product\/1670","targetHints":{"allow":["GET"]}}],"collection":[{"href":"https:\/\/habibimb.com\/en\/wp-json\/wp\/v2\/product"}],"about":[{"href":"https:\/\/habibimb.com\/en\/wp-json\/wp\/v2\/types\/product"}],"replies":[{"embeddable":true,"href":"https:\/\/habibimb.com\/en\/wp-json\/wp\/v2\/comments?post=1670"}],"wp:featuredmedia":[{"embeddable":true,"href":"https:\/\/habibimb.com\/en\/wp-json\/wp\/v2\/media\/1671"}],"wp:attachment":[{"href":"https:\/\/habibimb.com\/en\/wp-json\/wp\/v2\/media?parent=1670"}],"wp:term":[{"taxonomy":"product_brand","embeddable":true,"href":"https:\/\/habibimb.com\/en\/wp-json\/wp\/v2\/product_brand?post=1670"},{"taxonomy":"product_cat","embeddable":true,"href":"https:\/\/habibimb.com\/en\/wp-json\/wp\/v2\/product_cat?post=1670"},{"taxonomy":"product_tag","embeddable":true,"href":"https:\/\/habibimb.com\/en\/wp-json\/wp\/v2\/product_tag?post=1670"}],"curies":[{"name":"wp","href":"https:\/\/api.w.org\/{rel}","templated":true}]}}