{"id":1666,"date":"2025-04-24T22:10:34","date_gmt":"2025-04-24T22:10:34","guid":{"rendered":"https:\/\/habibimb.com\/?post_type=product&#038;p=1666"},"modified":"2025-06-08T09:03:02","modified_gmt":"2025-06-08T09:03:02","slug":"apa-de-parfum-suave-fragrance-world-barbati-100ml","status":"publish","type":"product","link":"https:\/\/habibimb.com\/en\/product\/apa-de-parfum-suave-fragrance-world-barbati-100ml\/","title":{"rendered":"Suave, Fragrance World"},"content":{"rendered":"<h2>Dezl\u0103n\u021buie-\u021bi \u00eencrederea<\/h2>\n<p>Descoperi\u021bi esen\u021ba masculinit\u0103\u021bii cu Apa de Parfum Suave de la Fragrance World. Acest parfum rafinat este conceput pentru b\u0103rbatul modern care eman\u0103 \u00eencredere \u0219i rafinament. Creat cu un amestec \u00eenc\u00e2nt\u0103tor de note aromatice, Suave devine mai mult dec\u00e2t un simplu parfum; este o declara\u021bie despre cine e\u0219ti. Cu o sticl\u0103 generoas\u0103 de 100 ml, acest parfum este perfect pentru purtarea zilnic\u0103 sau pentru ocazii speciale, asigur\u00e2ndu-v\u0103 c\u0103 l\u0103sa\u021bi o impresie de durat\u0103 oriunde merge\u021bi.<\/p>\n<h2>C\u0103l\u0103torie aromatic\u0103<\/h2>\n<p>Din momentul \u00een care pulveriza\u021bi Apa de Parfum Suave, v\u0103 ve\u021bi \u00eembarca \u00eentr-o c\u0103l\u0103torie aromatic\u0103 care v\u0103 captiveaz\u0103 sim\u021burile. Parfumul se deschide cu note proaspete de citrice care revigoreaz\u0103, trec\u00e2nd f\u0103r\u0103 probleme \u00eentr-o inim\u0103 de ierburi aromatice \u0219i flori vibrante, prezent\u00e2ndu-i farmecul complex. \u00cen cele din urm\u0103, baza dezv\u0103luie o nuan\u021b\u0103 cald\u0103 \u0219i p\u0103m\u00e2ntie de lemn \u0219i mosc, \u00eemp\u0103m\u00e2nt\u00e2nd parfumul \u00eentr-un finisaj captivant. Fiecare strat de Suave este realizat cu expertiz\u0103, f\u0103c\u00e2ndu-l potrivit pentru toate ocaziile \u0219i adaptabil la orice mediu.<\/p>\n<h2>De ce s\u0103 alegi Apa de Parfum Suave?<\/h2>\n<p>Alegerea Apa de Parfum Suave \u00eenseamn\u0103 s\u0103 investe\u0219ti \u00eentr-un parfum de semn\u0103tur\u0103 care s\u0103 reflecte personalitatea ta. Formula sa de lung\u0103 durat\u0103 v\u0103 asigur\u0103 c\u0103 r\u0103m\u00e2ne\u021bi \u00eenv\u0103luit \u00eentr-o aur\u0103 captivant\u0103 pe tot parcursul zilei. Ideal pentru domnii care apreciaz\u0103 calitatea \u0219i elegan\u021ba, acest parfum nu este doar un produs; este o dovad\u0103 a rafinamentului. U\u0219or \u0219i de dimensiuni perfecte, este u\u0219or de transportat \u00een geanta de c\u0103l\u0103torie, f\u0103c\u00e2ndu-l un \u00eenso\u021bitor esen\u021bial \u00een c\u0103l\u0103toriile tale. Experimenteaz\u0103 farmecul Apa de Parfum Suave \u0219i \u00eembun\u0103t\u0103\u021be\u0219te-\u021bi rutina de zi cu zi cu acest parfum remarcabil de la Fragrance World.<\/p>","protected":false},"excerpt":{"rendered":"<p>Inspirat din Sauvage\u00a0Dior<\/p>\n<p>&nbsp;<\/p>\n<p><strong>Note de varf:<\/strong>\u00a0bergamota<br \/>\n<strong>Note de mijloc:<\/strong>\u00a0anason stelat, piper chinezesc, lavanda, nucsoara<br \/>\n<strong>Note de baza:<\/strong>\u00a0ambroxan, vanilie<\/p>","protected":false},"featured_media":1668,"comment_status":"open","ping_status":"closed","template":"","meta":{"om_disable_all_campaigns":false,"_monsterinsights_skip_tracking":false,"_monsterinsights_sitenote_active":false,"_monsterinsights_sitenote_note":"","_monsterinsights_sitenote_category":0},"product_brand":[75],"product_cat":[55],"product_tag":[],"class_list":{"0":"post-1666","1":"product","2":"type-product","3":"status-publish","4":"has-post-thumbnail","6":"product_brand-fragrance-deluxe","7":"product_cat-pentru-el","9":"first","10":"outofstock","11":"shipping-taxable","12":"purchasable","13":"product-type-simple"},"aioseo_notices":[],"ct_brands":[{"id":75,"name":"Fragrance Deluxe","slug":"fragrance-deluxe"}],"_links":{"self":[{"href":"https:\/\/habibimb.com\/en\/wp-json\/wp\/v2\/product\/1666","targetHints":{"allow":["GET"]}}],"collection":[{"href":"https:\/\/habibimb.com\/en\/wp-json\/wp\/v2\/product"}],"about":[{"href":"https:\/\/habibimb.com\/en\/wp-json\/wp\/v2\/types\/product"}],"replies":[{"embeddable":true,"href":"https:\/\/habibimb.com\/en\/wp-json\/wp\/v2\/comments?post=1666"}],"wp:featuredmedia":[{"embeddable":true,"href":"https:\/\/habibimb.com\/en\/wp-json\/wp\/v2\/media\/1668"}],"wp:attachment":[{"href":"https:\/\/habibimb.com\/en\/wp-json\/wp\/v2\/media?parent=1666"}],"wp:term":[{"taxonomy":"product_brand","embeddable":true,"href":"https:\/\/habibimb.com\/en\/wp-json\/wp\/v2\/product_brand?post=1666"},{"taxonomy":"product_cat","embeddable":true,"href":"https:\/\/habibimb.com\/en\/wp-json\/wp\/v2\/product_cat?post=1666"},{"taxonomy":"product_tag","embeddable":true,"href":"https:\/\/habibimb.com\/en\/wp-json\/wp\/v2\/product_tag?post=1666"}],"curies":[{"name":"wp","href":"https:\/\/api.w.org\/{rel}","templated":true}]}}